{"id":702321,"date":"2026-03-18T17:15:42","date_gmt":"2026-03-18T16:15:42","guid":{"rendered":"https:\/\/shop.kustom.ch\/?post_type=product&#038;p=702321"},"modified":"2026-03-27T13:20:27","modified_gmt":"2026-03-27T12:20:27","slug":"hypervent-bandana","status":"publish","type":"product","link":"https:\/\/shop.kustom.ch\/fr\/produit\/hypervent-bandana\/","title":{"rendered":"Bandana Hypervent"},"content":{"rendered":"<p>Hypervent Bandana est un bandana l\u00e9ger et hautement respirant qui offre une excellente protection contre le soleil et une gestion de la transpiration lors d'entra\u00eenements tr\u00e8s intensifs dans des conditions chaudes. Fabriqu\u00e9 en mesh polyester super l\u00e9ger, ce v\u00eatement polyvalent et pratique peut \u00eatre port\u00e9 par exemple comme bandeau, chapeau ou autour du cou.<\/p>\n<p>- Mati\u00e8re mesh fine et ultral\u00e9g\u00e8re en polyester recycl\u00e9 et \u00e9lasthanne<br \/>\n- Design multifonctionnel<br \/>\n- Imprim\u00e9 paisley<\/p>","protected":false},"excerpt":{"rendered":"<p>Hypervent Bandana ist ein leichtes, hoch atmungsaktives Bandana, das hervorragenden Sonnenschutz und Schweissmanagement bei hochintensivem Training unter heissen Bedingungen bietet. Aus superleichtem Polyester-Mesh gefertigt, kann dieses vielseitige und praktische Kleidungsst\u00fcck beispielsweise als Stirnband, Hut oder um den Hals getragen werden. \u2022 D\u00fcnnes, superleichtes Mesh-Material aus recyceltem Polyester und Elasthan \u2022 Multifunktionsdesign \u2022 Paisley-Print<\/p>","protected":false},"featured_media":702368,"template":"","meta":[],"product_brand":[],"product_cat":[4209],"product_tag":[],"class_list":{"0":"post-702321","1":"product","2":"type-product","3":"status-publish","4":"has-post-thumbnail","6":"product_cat-zubehoer","7":"pa_brand-craft","8":"pa_brand-type-sportswear","9":"pa_filter-color-blau","10":"pa_filter-color-gelb","11":"pa_filter-color-schwarz","12":"pa_filter-color-weiss","14":"first","15":"instock","16":"sale","17":"taxable","18":"shipping-taxable","19":"purchasable","20":"product-type-variable","21":"add-to-wishlist-before_image"},"exclude_global_add_ons":[],"addons":[],"acf":[],"_links":{"self":[{"href":"https:\/\/shop.kustom.ch\/fr\/wp-json\/wp\/v2\/product\/702321"}],"collection":[{"href":"https:\/\/shop.kustom.ch\/fr\/wp-json\/wp\/v2\/product"}],"about":[{"href":"https:\/\/shop.kustom.ch\/fr\/wp-json\/wp\/v2\/types\/product"}],"wp:featuredmedia":[{"embeddable":true,"href":"https:\/\/shop.kustom.ch\/fr\/wp-json\/wp\/v2\/media\/702368"}],"wp:attachment":[{"href":"https:\/\/shop.kustom.ch\/fr\/wp-json\/wp\/v2\/media?parent=702321"}],"wp:term":[{"taxonomy":"product_brand","embeddable":true,"href":"https:\/\/shop.kustom.ch\/fr\/wp-json\/wp\/v2\/product_brand?post=702321"},{"taxonomy":"product_cat","embeddable":true,"href":"https:\/\/shop.kustom.ch\/fr\/wp-json\/wp\/v2\/product_cat?post=702321"},{"taxonomy":"product_tag","embeddable":true,"href":"https:\/\/shop.kustom.ch\/fr\/wp-json\/wp\/v2\/product_tag?post=702321"}],"curies":[{"name":"wp","href":"https:\/\/api.w.org\/{rel}","templated":true}]}}