{"id":702049,"date":"2026-03-18T17:12:47","date_gmt":"2026-03-18T16:12:47","guid":{"rendered":"https:\/\/shop.kustom.ch\/?post_type=product&#038;p=702049"},"modified":"2026-03-27T13:17:50","modified_gmt":"2026-03-27T12:17:50","slug":"endur-cargo-bib-shorts-c1-m","status":"publish","type":"product","link":"https:\/\/shop.kustom.ch\/fr\/produit\/endur-cargo-bib-shorts-c1-m\/","title":{"rendered":"Endur Cargo Bib Short C1 M"},"content":{"rendered":"<p>Les Endur Cargo Bib Shorts sont des cuissards vraiment fonctionnels, con\u00e7us pour un cyclisme de gravel performant. <\/p>\n<p>Ce short de cyclisme innovant pour les professionnels est compos\u00e9 d'un tissu stretch 4 directions qui offre un contr\u00f4le du corps, une durabilit\u00e9 et une gestion de l'humidit\u00e9 exceptionnels. Les bretelles en mesh assurent une meilleure ventilation et un meilleur refroidissement, tandis que les grippers en silicone garantissent un maintien s\u00fbr, m\u00eame lors de courses intensives. Avec deux poches sur les jambes et une poche arri\u00e8re en mesh pour un espace de rangement suffisant, ce cuissard offre fonctionnalit\u00e9 et confort. De plus, le nouveau et ing\u00e9nieux C1 Pad offre un confort et un maintien exceptionnels, ce qui en fait un compagnon parfait pour les courses sur terre les plus difficiles.<\/p>\n<p>Infinity C1 Pad - fonctionnalit\u00e9 et confort exceptionnels<br \/>\nLe pad Infinity C1 offre des fonctions et un confort de pointe pour des performances de haut niveau. Avec les mat\u00e9riaux les plus fins et les derni\u00e8res innovations, y compris les ailes lat\u00e9rales incurv\u00e9es et le bonnet avant, le pad offre un confort exceptionnel pour les pilotes les plus exigeants. Le tissu de surface du pad est en polyamide recycl\u00e9 italien exclusif et dispose d'un design de tricotage innovant qui cr\u00e9e de grands espaces ouverts dans les cellules qui absorbent l'humidit\u00e9 et assurent une \u00e9vacuation efficace de l'humidit\u00e9. De plus, un tissu de support perfor\u00e9 est plac\u00e9 sur la face inf\u00e9rieure du pad afin de r\u00e9duire les frottements avec le short. Lors du p\u00e9dalage, cela permet de laisser le pad bouger ind\u00e9pendamment du short et de suivre uniquement les mouvements du corps. En outre, le rembourrage est compos\u00e9 d'une mousse \u00e0 base d'huile de ricin, qui est produite de mani\u00e8re biologique.<\/p>\n<p>- Tissu l\u00e9ger, \u00e9lastique et r\u00e9sistant en polyamide et \u00e9lasthanne<br \/>\n- filet \u00e0 l'arri\u00e8re du short de cyclisme<br \/>\n- Deux poches sur les jambes (une en mesh)<br \/>\n- Grande poche en filet \u00e0 l'arri\u00e8re pour veste, gilet, etc.<br \/>\n- Bas de jambes \u00e9lastiques avec impression en silicone<br \/>\n- Infinity C1 Pad Hommes<\/p>","protected":false},"excerpt":{"rendered":"<p>Die Endur Cargo Bib Shorts sind echt funktionale Radhosen, die f\u00fcr leistungsstarkes Gravel-Cycling entwickelt wurden. Diese innovative Radlershorts f\u00fcr Profis besteht aus einem 4-Wege-Stretchgewebe, das aussergew\u00f6hnliche K\u00f6rperkontrolle, Haltbarkeit und Feuchtigkeitsmanagement bietet. Die Mesh-Tr\u00e4ger sorgen f\u00fcr bessere Bel\u00fcftung und K\u00fchlung, w\u00e4hrend Silikon-Gripper auch bei intensiven Fahrten f\u00fcr einen sicheren Sitz sorgen. Mit zwei Beintaschen und einer [&hellip;]<\/p>\n","protected":false},"featured_media":702100,"template":"","meta":[],"product_brand":[],"product_cat":[4198],"product_tag":[],"class_list":{"0":"post-702049","1":"product","2":"type-product","3":"status-publish","4":"has-post-thumbnail","6":"product_cat-shorts","7":"pa_brand-craft","8":"pa_brand-type-sportswear","9":"pa_filter-color-schwarz","11":"first","12":"instock","13":"sale","14":"taxable","15":"shipping-taxable","16":"purchasable","17":"product-type-variable","18":"add-to-wishlist-before_image"},"exclude_global_add_ons":[],"addons":[],"acf":[],"_links":{"self":[{"href":"https:\/\/shop.kustom.ch\/fr\/wp-json\/wp\/v2\/product\/702049"}],"collection":[{"href":"https:\/\/shop.kustom.ch\/fr\/wp-json\/wp\/v2\/product"}],"about":[{"href":"https:\/\/shop.kustom.ch\/fr\/wp-json\/wp\/v2\/types\/product"}],"wp:featuredmedia":[{"embeddable":true,"href":"https:\/\/shop.kustom.ch\/fr\/wp-json\/wp\/v2\/media\/702100"}],"wp:attachment":[{"href":"https:\/\/shop.kustom.ch\/fr\/wp-json\/wp\/v2\/media?parent=702049"}],"wp:term":[{"taxonomy":"product_brand","embeddable":true,"href":"https:\/\/shop.kustom.ch\/fr\/wp-json\/wp\/v2\/product_brand?post=702049"},{"taxonomy":"product_cat","embeddable":true,"href":"https:\/\/shop.kustom.ch\/fr\/wp-json\/wp\/v2\/product_cat?post=702049"},{"taxonomy":"product_tag","embeddable":true,"href":"https:\/\/shop.kustom.ch\/fr\/wp-json\/wp\/v2\/product_tag?post=702049"}],"curies":[{"name":"wp","href":"https:\/\/api.w.org\/{rel}","templated":true}]}}