{"id":702048,"date":"2026-03-18T17:12:47","date_gmt":"2026-03-18T16:12:47","guid":{"rendered":"https:\/\/shop.kustom.ch\/?post_type=product&#038;p=702048"},"modified":"2026-03-27T13:17:47","modified_gmt":"2026-03-27T12:17:47","slug":"everyday-xt-ss-jersey-m","status":"publish","type":"product","link":"https:\/\/shop.kustom.ch\/fr\/produit\/everyday-xt-ss-jersey-m\/","title":{"rendered":"Everyday XT SS Jersey M"},"content":{"rendered":"<p>Le maillot Everyday XT SS est un maillot de cyclisme extensible et ample pour les cyclistes de VTT et de gravel de tous types. <\/p>\n<p>Ce maillot de cyclisme fonctionnel est dot\u00e9 d'un tissu mesh \u00e9lastique et r\u00e9sistant en polyester recycl\u00e9, qui assure une superbe coupe et une excellente libert\u00e9 de mouvement. Les fentes sur les c\u00f4t\u00e9s augmentent la mobilit\u00e9, tandis que la coupe d\u00e9contract\u00e9e assure un grand confort et un look d\u00e9contract\u00e9 au quotidien.<\/p>\n<p>- Mati\u00e8re mesh \u00e9lastique et r\u00e9sistante en polyester recycl\u00e9 et \u00e9lasthanne<br \/>\n- Fentes sur les c\u00f4t\u00e9s<br \/>\n- Coupe d\u00e9contract\u00e9e<\/p>","protected":false},"excerpt":{"rendered":"<p>Everyday XT SS Jersey ist ein dehnbares, locker sitzendes Bike-Trikot f\u00fcr MTB- und Gravel-Radsportler aller Art. Dieses funktionelle Radtrikot verf\u00fcgt \u00fcber ein elastisches und strapazierf\u00e4higes Mesh-Gewebe aus recyceltem Polyester, das f\u00fcr eine tolle Passform und hervorragende Bewegungsfreiheit sorgt. Schlitze an den Seiten erh\u00f6hen die Beweglichkeit, w\u00e4hrend die entspannte Passform f\u00fcr hohen Komfort und einen l\u00e4ssigen, [&hellip;]<\/p>\n","protected":false},"featured_media":702086,"template":"","meta":[],"product_brand":[],"product_cat":[4201],"product_tag":[],"class_list":{"0":"post-702048","1":"product","2":"type-product","3":"status-publish","4":"has-post-thumbnail","6":"product_cat-t-shirts","7":"pa_brand-craft","8":"pa_brand-type-sportswear","9":"pa_filter-color-schwarz","10":"pa_filter-color-weiss","12":"first","13":"instock","14":"sale","15":"taxable","16":"shipping-taxable","17":"purchasable","18":"product-type-variable","19":"add-to-wishlist-before_image"},"exclude_global_add_ons":[],"addons":[],"acf":[],"_links":{"self":[{"href":"https:\/\/shop.kustom.ch\/fr\/wp-json\/wp\/v2\/product\/702048"}],"collection":[{"href":"https:\/\/shop.kustom.ch\/fr\/wp-json\/wp\/v2\/product"}],"about":[{"href":"https:\/\/shop.kustom.ch\/fr\/wp-json\/wp\/v2\/types\/product"}],"wp:featuredmedia":[{"embeddable":true,"href":"https:\/\/shop.kustom.ch\/fr\/wp-json\/wp\/v2\/media\/702086"}],"wp:attachment":[{"href":"https:\/\/shop.kustom.ch\/fr\/wp-json\/wp\/v2\/media?parent=702048"}],"wp:term":[{"taxonomy":"product_brand","embeddable":true,"href":"https:\/\/shop.kustom.ch\/fr\/wp-json\/wp\/v2\/product_brand?post=702048"},{"taxonomy":"product_cat","embeddable":true,"href":"https:\/\/shop.kustom.ch\/fr\/wp-json\/wp\/v2\/product_cat?post=702048"},{"taxonomy":"product_tag","embeddable":true,"href":"https:\/\/shop.kustom.ch\/fr\/wp-json\/wp\/v2\/product_tag?post=702048"}],"curies":[{"name":"wp","href":"https:\/\/api.w.org\/{rel}","templated":true}]}}