{"id":702047,"date":"2026-03-18T17:12:47","date_gmt":"2026-03-18T16:12:47","guid":{"rendered":"https:\/\/shop.kustom.ch\/?post_type=product&#038;p=702047"},"modified":"2026-03-27T13:17:45","modified_gmt":"2026-03-27T12:17:45","slug":"hypervent-dad-cap","status":"publish","type":"product","link":"https:\/\/shop.kustom.ch\/fr\/produit\/hypervent-dad-cap\/","title":{"rendered":"Casquette Papa Hypervent"},"content":{"rendered":"<p>Hypervent Dad Cap est une casquette classique pour papa qui offre une excellente protection contre le soleil et une gestion de la transpiration lors d'entra\u00eenements tr\u00e8s intensifs dans des conditions chaudes. Fabriqu\u00e9e dans un tissu fin et fonctionnel avec une grande respirabilit\u00e9, cette casquette classique garde ta t\u00eate au frais pendant les chaudes journ\u00e9es d'\u00e9t\u00e9. Une bande de transpiration \u00e0 s\u00e9chage rapide \u00e0 l'int\u00e9rieur \u00e9vacue rapidement la transpiration du visage, tandis qu'une sangle r\u00e9glable avec une boucle en plastique \u00e0 l'arri\u00e8re assure un ajustement parfait.<\/p>\n<p>- Tissu fin et fonctionnel avec une grande respirabilit\u00e9<br \/>\n- Bande de transpiration \u00e0 l'int\u00e9rieur pour \u00e9vacuer l'humidit\u00e9<br \/>\n- Oeillets d'a\u00e9ration sur le dessus<br \/>\n- Sangle r\u00e9glable avec boucle en plastique \u00e0 l'arri\u00e8re pour un ajustement parfait<br \/>\n- \u00c9l\u00e9ments r\u00e9fl\u00e9chissants \u00e0 l'arri\u00e8re<br \/>\n- Coupe normale<\/p>","protected":false},"excerpt":{"rendered":"<p>Hypervent Dad Cap ist eine klassische Dad Cap, die hervorragenden Sonnenschutz und Schweissmanagement bei hochintensivem Training unter heissen Bedingungen bietet. Hergestellt aus einem d\u00fcnnen und funktionellen Stoff mit grosser Atmungsaktivit\u00e4t, h\u00e4lt diese klassische Kappe Ihren Kopf an warmen Sommertagen k\u00fchl. Ein schnell trocknendes Schweissband innen leitet den Schweiss schnell vom Gesicht weg, w\u00e4hrend ein verstellbarer [&hellip;]<\/p>\n","protected":false},"featured_media":702079,"template":"","meta":[],"product_brand":[],"product_cat":[4177],"product_tag":[],"class_list":{"0":"post-702047","1":"product","2":"type-product","3":"status-publish","4":"has-post-thumbnail","6":"product_cat-caps-muetzen","7":"pa_brand-craft","8":"pa_brand-type-sportswear","9":"pa_filter-color-schwarz","10":"pa_filter-color-violet","11":"pa_filter-color-weiss","13":"first","14":"instock","15":"sale","16":"taxable","17":"shipping-taxable","18":"purchasable","19":"product-type-variable","20":"add-to-wishlist-before_image"},"exclude_global_add_ons":[],"addons":[],"acf":[],"_links":{"self":[{"href":"https:\/\/shop.kustom.ch\/fr\/wp-json\/wp\/v2\/product\/702047"}],"collection":[{"href":"https:\/\/shop.kustom.ch\/fr\/wp-json\/wp\/v2\/product"}],"about":[{"href":"https:\/\/shop.kustom.ch\/fr\/wp-json\/wp\/v2\/types\/product"}],"wp:featuredmedia":[{"embeddable":true,"href":"https:\/\/shop.kustom.ch\/fr\/wp-json\/wp\/v2\/media\/702079"}],"wp:attachment":[{"href":"https:\/\/shop.kustom.ch\/fr\/wp-json\/wp\/v2\/media?parent=702047"}],"wp:term":[{"taxonomy":"product_brand","embeddable":true,"href":"https:\/\/shop.kustom.ch\/fr\/wp-json\/wp\/v2\/product_brand?post=702047"},{"taxonomy":"product_cat","embeddable":true,"href":"https:\/\/shop.kustom.ch\/fr\/wp-json\/wp\/v2\/product_cat?post=702047"},{"taxonomy":"product_tag","embeddable":true,"href":"https:\/\/shop.kustom.ch\/fr\/wp-json\/wp\/v2\/product_tag?post=702047"}],"curies":[{"name":"wp","href":"https:\/\/api.w.org\/{rel}","templated":true}]}}