{"id":702001,"date":"2026-03-18T17:12:10","date_gmt":"2026-03-18T16:12:10","guid":{"rendered":"https:\/\/shop.kustom.ch\/?post_type=product&#038;p=702001"},"modified":"2026-03-27T13:17:23","modified_gmt":"2026-03-27T12:17:23","slug":"hypervent-light-wind-jacket-m","status":"publish","type":"product","link":"https:\/\/shop.kustom.ch\/fr\/produit\/hypervent-light-wind-jacket-m\/","title":{"rendered":"Veste coupe-vent Hypervent Light M"},"content":{"rendered":"<p>Hypervent Light Wind Jacket est une veste d'entra\u00eenement l\u00e9g\u00e8re et polyvalente, con\u00e7ue pour la course \u00e0 haute intensit\u00e9 et autres activit\u00e9s similaires.<\/p>\n<p>Le tissu ripstop fin de la veste, compos\u00e9 de 100 % de polyamide recycl\u00e9, est coupe-vent et d\u00e9perlant et offre une excellente respirabilit\u00e9 et un contr\u00f4le de l'humidit\u00e9. Les coutures coll\u00e9es am\u00e9liorent la protection contre le vent et plusieurs poches \u00e0 fermeture \u00e9clair offrent un espace de rangement s\u00fbr pour les cl\u00e9s, les barres \u00e9nerg\u00e9tiques et autres objets importants.<\/p>\n<p>- Tissu ripstop l\u00e9ger, coupe-vent et d\u00e9perlant en polyamide 100 % recycl\u00e9<br \/>\n- Coutures coll\u00e9es<br \/>\n- Capuche avec cordon de serrage ajustable<br \/>\n- Deux poches lat\u00e9rales avec fermeture \u00e9clair<br \/>\n- Grande poche arri\u00e8re coll\u00e9e avec fermeture \u00e9clair<br \/>\n- \u00c9lastique \u00e0 l'ourlet et aux poignets<br \/>\n- Coupe normale<\/p>","protected":false},"excerpt":{"rendered":"<p>Hypervent Light Wind Jacket ist eine leichte und vielseitige Trainingsjacke, die f\u00fcr hochintensives Laufen und \u00e4hnliches entwickelt wurde. Das d\u00fcnne Ripstop-Material der Jacke aus 100\u00a0% recyceltem Polyamid ist wind- und wasserabweisend und bietet hervorragende Atmungsaktivit\u00e4t und Feuchtigkeitskontrolle. Verklebte N\u00e4hte verbessern den Windschutz und mehrere Reissverschlusstaschen bieten sicheren Stauraum f\u00fcr Schl\u00fcssel, Energieriegel und andere wichtige Dinge. [&hellip;]<\/p>\n","protected":false},"featured_media":702046,"template":"","meta":[],"product_brand":[],"product_cat":[4186],"product_tag":[],"class_list":{"0":"post-702001","1":"product","2":"type-product","3":"status-publish","4":"has-post-thumbnail","6":"product_cat-jacken","7":"pa_brand-craft","8":"pa_brand-type-sportswear","9":"pa_filter-color-gelb","10":"pa_filter-color-weiss","12":"first","13":"instock","14":"sale","15":"taxable","16":"shipping-taxable","17":"purchasable","18":"product-type-variable","19":"add-to-wishlist-before_image"},"exclude_global_add_ons":[],"addons":[],"acf":[],"_links":{"self":[{"href":"https:\/\/shop.kustom.ch\/fr\/wp-json\/wp\/v2\/product\/702001"}],"collection":[{"href":"https:\/\/shop.kustom.ch\/fr\/wp-json\/wp\/v2\/product"}],"about":[{"href":"https:\/\/shop.kustom.ch\/fr\/wp-json\/wp\/v2\/types\/product"}],"wp:featuredmedia":[{"embeddable":true,"href":"https:\/\/shop.kustom.ch\/fr\/wp-json\/wp\/v2\/media\/702046"}],"wp:attachment":[{"href":"https:\/\/shop.kustom.ch\/fr\/wp-json\/wp\/v2\/media?parent=702001"}],"wp:term":[{"taxonomy":"product_brand","embeddable":true,"href":"https:\/\/shop.kustom.ch\/fr\/wp-json\/wp\/v2\/product_brand?post=702001"},{"taxonomy":"product_cat","embeddable":true,"href":"https:\/\/shop.kustom.ch\/fr\/wp-json\/wp\/v2\/product_cat?post=702001"},{"taxonomy":"product_tag","embeddable":true,"href":"https:\/\/shop.kustom.ch\/fr\/wp-json\/wp\/v2\/product_tag?post=702001"}],"curies":[{"name":"wp","href":"https:\/\/api.w.org\/{rel}","templated":true}]}}