{"id":701964,"date":"2026-03-18T17:11:33","date_gmt":"2026-03-18T16:11:33","guid":{"rendered":"https:\/\/shop.kustom.ch\/?post_type=product&#038;p=701964"},"modified":"2026-03-27T13:16:28","modified_gmt":"2026-03-27T12:16:28","slug":"everyday-hydro-jacket-m","status":"publish","type":"product","link":"https:\/\/shop.kustom.ch\/fr\/produit\/everyday-hydro-jacket-m\/","title":{"rendered":"Veste Everyday Hydro M"},"content":{"rendered":"<p>La veste Everyday Hydro Jacket est une veste de v\u00e9lo coupe-vent et imperm\u00e9able, con\u00e7ue pour les trajets quotidiens vers le travail et pour rouler dans des conditions humides et venteuses.<\/p>\n<p>La veste est fabriqu\u00e9e en tissu imperm\u00e9able au vent et \u00e0 l'eau et dispose de coutures soud\u00e9es pour une protection totale contre les intemp\u00e9ries. De plus, la veste dispose d'une ouverture d'a\u00e9ration sur les c\u00f4t\u00e9s, de deux poches zipp\u00e9es \u00e0 l'avant et de bordures \u00e9lastiques aux extr\u00e9mit\u00e9s des manches et sur le bas de la veste pour prot\u00e9ger de la pluie et du vent. Elle dispose en outre d'une capuche compatible avec le port d'un casque, qui peut \u00eatre rabattue et fix\u00e9e au col arri\u00e8re \u00e0 l'aide d'un bouton.<\/p>\n<p>- Tissu 2 couches imperm\u00e9able au vent et \u00e0 l'eau (WP 10.000\/MWP 10.000)<br \/>\n- A\u00e9ration sur les parties lat\u00e9rales<br \/>\n- Coutures soud\u00e9es<br \/>\n- Bordure \u00e9lastique aux extr\u00e9mit\u00e9s des manches et au bas du v\u00eatement<br \/>\n- Capuche moul\u00e9e, r\u00e9glable et compatible avec le port du casque<br \/>\n- Deux poches avant zipp\u00e9es<br \/>\n- Impressions et d\u00e9tails r\u00e9fl\u00e9chissants<br \/>\n- Coupe normale<\/p>","protected":false},"excerpt":{"rendered":"<p>Everyday Hydro Jacket ist eine wind- und wasserdichte Fahrradjacke, die f\u00fcr den t\u00e4glichen Weg zur Arbeit und f\u00fcr Fahrten bei nassen und windigen Bedingungen entwickelt wurde. Die Jacke ist aus wind- und wasserdichtem Stoff gefertigt und verf\u00fcgt \u00fcber getapte N\u00e4hte f\u00fcr vollen Wetterschutz. Dar\u00fcber hinaus verf\u00fcgt die Radjacke \u00fcber eine Bel\u00fcftungs\u00f6ffnung an den Seiten, zwei [&hellip;]<\/p>\n","protected":false},"featured_media":702008,"template":"","meta":[],"product_brand":[],"product_cat":[4186],"product_tag":[],"class_list":{"0":"post-701964","1":"product","2":"type-product","3":"status-publish","4":"has-post-thumbnail","6":"product_cat-jacken","7":"pa_brand-craft","8":"pa_brand-type-sportswear","9":"pa_filter-color-gelb","10":"pa_filter-color-schwarz","12":"first","13":"instock","14":"sale","15":"taxable","16":"shipping-taxable","17":"purchasable","18":"product-type-variable","19":"add-to-wishlist-before_image"},"exclude_global_add_ons":[],"addons":[],"acf":[],"_links":{"self":[{"href":"https:\/\/shop.kustom.ch\/fr\/wp-json\/wp\/v2\/product\/701964"}],"collection":[{"href":"https:\/\/shop.kustom.ch\/fr\/wp-json\/wp\/v2\/product"}],"about":[{"href":"https:\/\/shop.kustom.ch\/fr\/wp-json\/wp\/v2\/types\/product"}],"wp:featuredmedia":[{"embeddable":true,"href":"https:\/\/shop.kustom.ch\/fr\/wp-json\/wp\/v2\/media\/702008"}],"wp:attachment":[{"href":"https:\/\/shop.kustom.ch\/fr\/wp-json\/wp\/v2\/media?parent=701964"}],"wp:term":[{"taxonomy":"product_brand","embeddable":true,"href":"https:\/\/shop.kustom.ch\/fr\/wp-json\/wp\/v2\/product_brand?post=701964"},{"taxonomy":"product_cat","embeddable":true,"href":"https:\/\/shop.kustom.ch\/fr\/wp-json\/wp\/v2\/product_cat?post=701964"},{"taxonomy":"product_tag","embeddable":true,"href":"https:\/\/shop.kustom.ch\/fr\/wp-json\/wp\/v2\/product_tag?post=701964"}],"curies":[{"name":"wp","href":"https:\/\/api.w.org\/{rel}","templated":true}]}}