{"id":701924,"date":"2026-03-18T17:10:59","date_gmt":"2026-03-18T16:10:59","guid":{"rendered":"https:\/\/shop.kustom.ch\/?post_type=product&#038;p=701924"},"modified":"2026-04-24T07:02:25","modified_gmt":"2026-04-24T06:02:25","slug":"hypervent-sock","status":"publish","type":"product","link":"https:\/\/shop.kustom.ch\/fr\/produit\/hypervent-sock\/","title":{"rendered":"Chaussette Hypervent"},"content":{"rendered":"<p>Hypervent Sock est une chaussette de course polyvalente et fonctionnelle qui offre une excellente \u00e9vacuation de l'humidit\u00e9, une ventilation et un soutien de la vo\u00fbte plantaire. Le design ergonomique assure un ajustement parfait au pied gauche ou droit, tandis que l'impression r\u00e9fl\u00e9chissante assure une meilleure visibilit\u00e9.<\/p>\n<p>- Tissu fin dans la partie du pied<br \/>\n- Coupe ergonomique gauche et droite<br \/>\n- Impression r\u00e9fl\u00e9chissante<br \/>\n- Tige de hauteur moyenne<\/p>","protected":false},"excerpt":{"rendered":"<p>Hypervent Sock ist eine vielseitige und funktionale Laufsocken, die hervorragenden Feuchtigkeitstransport, Bel\u00fcftung und Fussgew\u00f6lbeunterst\u00fctzung bietet. Das ergonomische Design sorgt f\u00fcr eine perfekte Passform am linken bzw. rechten Fuss, w\u00e4hrend der reflektierende Druck f\u00fcr verbesserte Sichtbarkeit sorgt. \u2022 D\u00fcnnes Gewebe im Fussteil \u2022 Ergonomische linke und rechte Passform \u2022 Reflektierender Druck \u2022 Mittelhoher Schaft<\/p>","protected":false},"featured_media":701961,"template":"","meta":[],"product_brand":[],"product_cat":[4199],"product_tag":[],"class_list":{"0":"post-701924","1":"product","2":"type-product","3":"status-publish","4":"has-post-thumbnail","6":"product_cat-socken","7":"pa_brand-craft","8":"pa_brand-type-sportswear","9":"pa_filter-color-gelb","10":"pa_filter-color-schwarz","11":"pa_filter-color-violet","13":"first","14":"instock","15":"sale","16":"taxable","17":"shipping-taxable","18":"purchasable","19":"product-type-variable","20":"add-to-wishlist-before_image"},"exclude_global_add_ons":[],"addons":[],"acf":[],"_links":{"self":[{"href":"https:\/\/shop.kustom.ch\/fr\/wp-json\/wp\/v2\/product\/701924"}],"collection":[{"href":"https:\/\/shop.kustom.ch\/fr\/wp-json\/wp\/v2\/product"}],"about":[{"href":"https:\/\/shop.kustom.ch\/fr\/wp-json\/wp\/v2\/types\/product"}],"wp:featuredmedia":[{"embeddable":true,"href":"https:\/\/shop.kustom.ch\/fr\/wp-json\/wp\/v2\/media\/701961"}],"wp:attachment":[{"href":"https:\/\/shop.kustom.ch\/fr\/wp-json\/wp\/v2\/media?parent=701924"}],"wp:term":[{"taxonomy":"product_brand","embeddable":true,"href":"https:\/\/shop.kustom.ch\/fr\/wp-json\/wp\/v2\/product_brand?post=701924"},{"taxonomy":"product_cat","embeddable":true,"href":"https:\/\/shop.kustom.ch\/fr\/wp-json\/wp\/v2\/product_cat?post=701924"},{"taxonomy":"product_tag","embeddable":true,"href":"https:\/\/shop.kustom.ch\/fr\/wp-json\/wp\/v2\/product_tag?post=701924"}],"curies":[{"name":"wp","href":"https:\/\/api.w.org\/{rel}","templated":true}]}}