{"id":701871,"date":"2026-03-18T17:10:29","date_gmt":"2026-03-18T16:10:29","guid":{"rendered":"https:\/\/shop.kustom.ch\/?post_type=product&#038;p=701871"},"modified":"2026-03-27T13:14:53","modified_gmt":"2026-03-27T12:14:53","slug":"ability-long-boxer-jr","status":"publish","type":"product","link":"https:\/\/shop.kustom.ch\/fr\/produit\/ability-long-boxer-jr\/","title":{"rendered":"Ability Boxer long JR"},"content":{"rendered":"<p>Les boxers longs Ability sont des boxers l\u00e9gers et \u00e9lastiques, sp\u00e9cialement con\u00e7us pour les jours de comp\u00e9tition et d'entra\u00eenement. Compos\u00e9 de polyester recycl\u00e9 et d'\u00e9lasthanne, ce boxer offre un excellent transfert d'humidit\u00e9 et une excellente extensibilit\u00e9 pour des performances et un confort optimaux lors des s\u00e9ances d'entra\u00eenement intensives.<\/p>\n<p>- Mati\u00e8re l\u00e9g\u00e8re et extensible en polyester recycl\u00e9 et \u00e9lasthanne<br \/>\n- Design ergonomique<br \/>\n- Coupe ajust\u00e9e<\/p>\n<p>Mati\u00e8re : 87 % polyester recycl\u00e9, 13 % \u00e9lasthanne<\/p>","protected":false},"excerpt":{"rendered":"<p>Die Ability Long Boxer sind leichte, elastische Boxershorts, die speziell f\u00fcr Wettkampftage und Training entwickelt wurden. Die Boxershorts bestehen aus recyceltem Polyester und Elasthan und bieten einen hervorragenden Feuchtigkeitstransport sowie eine ausgezeichnete Dehnbarkeit f\u00fcr optimale Leistung und Komfort bei intensiven Trainingseinheiten. \u2022 Leichtes, dehnbares Material aus recyceltem Polyester und Elasthan \u2022 Ergonomisches Design \u2022 Enge [&hellip;]<\/p>\n","protected":false},"featured_media":701897,"template":"","meta":[],"product_brand":[],"product_cat":[4206],"product_tag":[],"class_list":{"0":"post-701871","1":"product","2":"type-product","3":"status-publish","4":"has-post-thumbnail","6":"product_cat-underwear","7":"pa_brand-craft","8":"pa_brand-type-sportswear","9":"pa_filter-color-blau","10":"pa_filter-color-gruen","11":"pa_filter-color-rot","12":"pa_filter-color-schwarz","13":"pa_filter-color-weiss","15":"first","16":"instock","17":"sale","18":"taxable","19":"shipping-taxable","20":"purchasable","21":"product-type-variable","22":"add-to-wishlist-before_image"},"exclude_global_add_ons":[],"addons":[],"acf":[],"_links":{"self":[{"href":"https:\/\/shop.kustom.ch\/fr\/wp-json\/wp\/v2\/product\/701871"}],"collection":[{"href":"https:\/\/shop.kustom.ch\/fr\/wp-json\/wp\/v2\/product"}],"about":[{"href":"https:\/\/shop.kustom.ch\/fr\/wp-json\/wp\/v2\/types\/product"}],"wp:featuredmedia":[{"embeddable":true,"href":"https:\/\/shop.kustom.ch\/fr\/wp-json\/wp\/v2\/media\/701897"}],"wp:attachment":[{"href":"https:\/\/shop.kustom.ch\/fr\/wp-json\/wp\/v2\/media?parent=701871"}],"wp:term":[{"taxonomy":"product_brand","embeddable":true,"href":"https:\/\/shop.kustom.ch\/fr\/wp-json\/wp\/v2\/product_brand?post=701871"},{"taxonomy":"product_cat","embeddable":true,"href":"https:\/\/shop.kustom.ch\/fr\/wp-json\/wp\/v2\/product_cat?post=701871"},{"taxonomy":"product_tag","embeddable":true,"href":"https:\/\/shop.kustom.ch\/fr\/wp-json\/wp\/v2\/product_tag?post=701871"}],"curies":[{"name":"wp","href":"https:\/\/api.w.org\/{rel}","templated":true}]}}