{"id":701761,"date":"2026-03-18T17:08:47","date_gmt":"2026-03-18T16:08:47","guid":{"rendered":"https:\/\/shop.kustom.ch\/?post_type=product&#038;p=701761"},"modified":"2026-03-27T13:14:26","modified_gmt":"2026-03-27T12:14:26","slug":"hypervent-compression-sock","status":"publish","type":"product","link":"https:\/\/shop.kustom.ch\/fr\/produit\/hypervent-compression-sock\/","title":{"rendered":"Chaussette de compression Hypervent"},"content":{"rendered":"<p>Hypervent Compression Sock est une chaussette techniquement avanc\u00e9e qui r\u00e9duit les vibrations musculaires et concentre la force pendant les s\u00e9ances d'entra\u00eenement de haute intensit\u00e9. Le filet fonctionnel \u00e0 l'avant assure une ventilation efficace, les poignets \u00e9lastiques et les c\u00f4tes \u00e9lastiques autour du pied garantissent un ajustement serr\u00e9 et s\u00fbr. La chaussette dispose \u00e9galement d'une tige r\u00e9fl\u00e9chissante \u00e0 360 degr\u00e9s.<\/p>\n<p>- Coupe de compression serr\u00e9e<br \/>\n- filet d'a\u00e9ration \u00e0 l'avant<br \/>\n- Poignets larges et \u00e9lastiques<br \/>\n- C\u00f4tes \u00e9lastiques autour du pied<br \/>\n- 360 degr\u00e9s de r\u00e9flexion sur le haut de la tige<br \/>\n- Coupe ergonomique gauche et droite<\/p>","protected":false},"excerpt":{"rendered":"<p>Hypervent Compression Sock ist eine technisch fortschrittliche Socke, die Muskelvibrationen reduziert und die Kraft w\u00e4hrend hochintensiver Trainingseinheiten fokussiert. Funktionsnetz an der Vorderseite sorgt f\u00fcr effiziente Bel\u00fcftung, elastische B\u00fcndchen und elastische Rippen um den Fuss sorgen f\u00fcr einen engen, sicheren Sitz. Die Socke verf\u00fcgt auch \u00fcber einen 360-Grad-reflektierenden Schaft. \u2022 Enge Kompressionspassform \u2022 Bel\u00fcftungsnetz vorne \u2022 [&hellip;]<\/p>\n","protected":false},"featured_media":701798,"template":"","meta":[],"product_brand":[],"product_cat":[4199],"product_tag":[],"class_list":{"0":"post-701761","1":"product","2":"type-product","3":"status-publish","4":"has-post-thumbnail","6":"product_cat-socken","7":"pa_brand-craft","8":"pa_brand-type-sportswear","9":"pa_filter-color-pink","10":"pa_filter-color-schwarz","11":"pa_filter-color-weiss","13":"first","14":"instock","15":"sale","16":"taxable","17":"shipping-taxable","18":"purchasable","19":"product-type-variable","20":"add-to-wishlist-before_image"},"exclude_global_add_ons":[],"addons":[],"acf":[],"_links":{"self":[{"href":"https:\/\/shop.kustom.ch\/fr\/wp-json\/wp\/v2\/product\/701761"}],"collection":[{"href":"https:\/\/shop.kustom.ch\/fr\/wp-json\/wp\/v2\/product"}],"about":[{"href":"https:\/\/shop.kustom.ch\/fr\/wp-json\/wp\/v2\/types\/product"}],"wp:featuredmedia":[{"embeddable":true,"href":"https:\/\/shop.kustom.ch\/fr\/wp-json\/wp\/v2\/media\/701798"}],"wp:attachment":[{"href":"https:\/\/shop.kustom.ch\/fr\/wp-json\/wp\/v2\/media?parent=701761"}],"wp:term":[{"taxonomy":"product_brand","embeddable":true,"href":"https:\/\/shop.kustom.ch\/fr\/wp-json\/wp\/v2\/product_brand?post=701761"},{"taxonomy":"product_cat","embeddable":true,"href":"https:\/\/shop.kustom.ch\/fr\/wp-json\/wp\/v2\/product_cat?post=701761"},{"taxonomy":"product_tag","embeddable":true,"href":"https:\/\/shop.kustom.ch\/fr\/wp-json\/wp\/v2\/product_tag?post=701761"}],"curies":[{"name":"wp","href":"https:\/\/api.w.org\/{rel}","templated":true}]}}