{"id":701759,"date":"2026-03-18T17:08:46","date_gmt":"2026-03-18T16:08:46","guid":{"rendered":"https:\/\/shop.kustom.ch\/?post_type=product&#038;p=701759"},"modified":"2026-03-27T13:14:21","modified_gmt":"2026-03-27T12:14:21","slug":"hypervent-wind-top-m","status":"publish","type":"product","link":"https:\/\/shop.kustom.ch\/fr\/produit\/hypervent-wind-top-m\/","title":{"rendered":"Haut \u00e0 vent Hypervent M"},"content":{"rendered":"<p>Hypervent Wind Top est un maillot de course tr\u00e8s l\u00e9ger et coupe-vent pour un entra\u00eenement intensif dans des conditions venteuses. <\/p>\n<p>Fabriqu\u00e9 dans une mati\u00e8re fine, \u00e9lastique et coupe-vent, ce maillot de course hautement fonctionnel est dot\u00e9 de perforations dans le dos qui offrent une excellente gestion de la temp\u00e9rature. Des bordures c\u00f4tel\u00e9es au col, aux poignets et \u00e0 l'ourlet inf\u00e9rieur assurent un bon maintien, tandis qu'une poche zipp\u00e9e sur l'\u00e9paule permet de ranger les cl\u00e9s en toute s\u00e9curit\u00e9. Peut \u00eatre port\u00e9 seul ou combin\u00e9 dans le cadre d'un look superpos\u00e9 lors des journ\u00e9es plus fra\u00eeches du printemps et de l'automne.<\/p>\n<p>- Tissu coupe-vent et \u00e9lastique en polyamide recycl\u00e9 et \u00e9lasthanne<br \/>\n- perforations d'a\u00e9ration \u00e0 l'arri\u00e8re<br \/>\n- poignets et col en tricot c\u00f4tel\u00e9<br \/>\n- poche zipp\u00e9e sur l'\u00e9paule gauche<br \/>\n- Coupe normale<\/p>","protected":false},"excerpt":{"rendered":"<p>Hypervent Wind Top ist ein sehr leichtes, windabweisendes Lauftrikot f\u00fcr intensives Training bei windigen Bedingungen. Dieses hochfunktionelle Lauftrikot ist aus einem d\u00fcnnen, elastischen und windabweisenden Material gefertigt und verf\u00fcgt \u00fcber Perforationen am R\u00fccken, die ein hervorragendes Temperaturmanagement bieten. Rippstrickb\u00fcndchen an Kragen, \u00c4rmelenden und unterem Saum sorgen f\u00fcr einen sicheren Sitz, w\u00e4hrend eine Reissverschluss-Schultertasche eine sichere [&hellip;]<\/p>\n","protected":false},"featured_media":701776,"template":"","meta":[],"product_brand":[],"product_cat":[4201],"product_tag":[],"class_list":{"0":"post-701759","1":"product","2":"type-product","3":"status-publish","4":"has-post-thumbnail","6":"product_cat-t-shirts","7":"pa_brand-craft","8":"pa_brand-type-sportswear","9":"pa_filter-color-grau","10":"pa_filter-color-schwarz","11":"pa_filter-color-weiss","13":"first","14":"instock","15":"sale","16":"taxable","17":"shipping-taxable","18":"purchasable","19":"product-type-variable","20":"add-to-wishlist-before_image"},"exclude_global_add_ons":[],"addons":[],"acf":[],"_links":{"self":[{"href":"https:\/\/shop.kustom.ch\/fr\/wp-json\/wp\/v2\/product\/701759"}],"collection":[{"href":"https:\/\/shop.kustom.ch\/fr\/wp-json\/wp\/v2\/product"}],"about":[{"href":"https:\/\/shop.kustom.ch\/fr\/wp-json\/wp\/v2\/types\/product"}],"wp:featuredmedia":[{"embeddable":true,"href":"https:\/\/shop.kustom.ch\/fr\/wp-json\/wp\/v2\/media\/701776"}],"wp:attachment":[{"href":"https:\/\/shop.kustom.ch\/fr\/wp-json\/wp\/v2\/media?parent=701759"}],"wp:term":[{"taxonomy":"product_brand","embeddable":true,"href":"https:\/\/shop.kustom.ch\/fr\/wp-json\/wp\/v2\/product_brand?post=701759"},{"taxonomy":"product_cat","embeddable":true,"href":"https:\/\/shop.kustom.ch\/fr\/wp-json\/wp\/v2\/product_cat?post=701759"},{"taxonomy":"product_tag","embeddable":true,"href":"https:\/\/shop.kustom.ch\/fr\/wp-json\/wp\/v2\/product_tag?post=701759"}],"curies":[{"name":"wp","href":"https:\/\/api.w.org\/{rel}","templated":true}]}}