{"id":701758,"date":"2026-03-18T17:08:46","date_gmt":"2026-03-18T16:08:46","guid":{"rendered":"https:\/\/shop.kustom.ch\/?post_type=product&#038;p=701758"},"modified":"2026-03-27T13:14:01","modified_gmt":"2026-03-27T12:14:01","slug":"collective-hotpants-w","status":"publish","type":"product","link":"https:\/\/shop.kustom.ch\/fr\/produit\/collective-hotpants-w\/","title":{"rendered":"Collective Hotpants W"},"content":{"rendered":"<p>Collective Hotpants sont des pantalons d'entra\u00eenement exceptionnellement doux et \u00e9lastiques avec un design intemporel qui passe sans effort des s\u00e9ances d'entra\u00eenement \u00e0 la vie quotidienne - et qui te permet de rester confortable et \u00e9l\u00e9gant toute la journ\u00e9e.<\/p>\n<p>Ce v\u00eatement d'entra\u00eenement polyvalent a \u00e9t\u00e9 con\u00e7u pour un confort ultime. Il est fabriqu\u00e9 en polyester \u00e9lastique avec une surface gaufr\u00e9e qui offre une sensation de douceur luxueuse, une excellente gestion de la temp\u00e9rature corporelle et un grand pullback. Les hotpants disposent en outre d'une poche t\u00e9l\u00e9phone \u00e0 l'arri\u00e8re, de bas de jambes coll\u00e9s pour \u00e9viter les frottements et d'une taille haute pour un confort accru. Finition de haute qualit\u00e9 jusque dans les moindres d\u00e9tails. <\/p>\n<p>- Tissu tr\u00e8s doux et tr\u00e8s \u00e9lastique en polyester recycl\u00e9 et \u00e9lasthanne<br \/>\n- Surface greff\u00e9e<br \/>\n- Taille haute<br \/>\n- Bas de jambes soud\u00e9s<br \/>\n- Poche arri\u00e8re pour t\u00e9l\u00e9phone portable<\/p>","protected":false},"excerpt":{"rendered":"<p>Collective Hotpants sind aussergew\u00f6hnlich weiche und elastische Trainings-Hotpants mit einem zeitlosen Design, das m\u00fchelos von Trainingseinheiten in den Alltag \u00fcbergeht \u2013 und daf\u00fcr sorgt, dass du den ganzen Tag bequem und stilvoll bleibst. Dieses vielseitige Trainingsbekleidungsst\u00fcck wurde f\u00fcr ultimativen Komfort entwickelt und besteht aus einem elastischen Polyestergewebe mit einer peached Oberfl\u00e4che, das ein luxuri\u00f6s weiches [&hellip;]<\/p>\n","protected":false},"featured_media":701763,"template":"","meta":[],"product_brand":[],"product_cat":[4198],"product_tag":[],"class_list":{"0":"post-701758","1":"product","2":"type-product","3":"status-publish","4":"has-post-thumbnail","6":"product_cat-shorts","7":"pa_brand-craft","8":"pa_brand-type-sportswear","9":"pa_filter-color-orange","10":"pa_filter-color-schwarz","12":"first","13":"instock","14":"sale","15":"taxable","16":"shipping-taxable","17":"purchasable","18":"product-type-variable","19":"add-to-wishlist-before_image"},"exclude_global_add_ons":[],"addons":[],"acf":[],"_links":{"self":[{"href":"https:\/\/shop.kustom.ch\/fr\/wp-json\/wp\/v2\/product\/701758"}],"collection":[{"href":"https:\/\/shop.kustom.ch\/fr\/wp-json\/wp\/v2\/product"}],"about":[{"href":"https:\/\/shop.kustom.ch\/fr\/wp-json\/wp\/v2\/types\/product"}],"wp:featuredmedia":[{"embeddable":true,"href":"https:\/\/shop.kustom.ch\/fr\/wp-json\/wp\/v2\/media\/701763"}],"wp:attachment":[{"href":"https:\/\/shop.kustom.ch\/fr\/wp-json\/wp\/v2\/media?parent=701758"}],"wp:term":[{"taxonomy":"product_brand","embeddable":true,"href":"https:\/\/shop.kustom.ch\/fr\/wp-json\/wp\/v2\/product_brand?post=701758"},{"taxonomy":"product_cat","embeddable":true,"href":"https:\/\/shop.kustom.ch\/fr\/wp-json\/wp\/v2\/product_cat?post=701758"},{"taxonomy":"product_tag","embeddable":true,"href":"https:\/\/shop.kustom.ch\/fr\/wp-json\/wp\/v2\/product_tag?post=701758"}],"curies":[{"name":"wp","href":"https:\/\/api.w.org\/{rel}","templated":true}]}}