{"id":697221,"date":"2026-03-17T15:12:26","date_gmt":"2026-03-17T14:12:26","guid":{"rendered":"https:\/\/shop.kustom.ch\/?post_type=product&#038;p=697221"},"modified":"2026-03-31T08:48:30","modified_gmt":"2026-03-31T07:48:30","slug":"damen-flanellhemd-2","status":"publish","type":"product","link":"https:\/\/shop.kustom.ch\/fr\/produit\/damen-flanellhemd-2\/","title":{"rendered":"Chemise en flanelle pour femme"},"content":{"rendered":"<p>Une chemise en flanelle \u00e0 la fois terre \u00e0 terre et styl\u00e9e avec une coupe f\u00e9minine. La chemise \u00e0 manches longues est fabriqu\u00e9e en flanelle douce et poss\u00e8de une coupe spacieuse pour un confort suppl\u00e9mentaire. Peut \u00eatre port\u00e9e \u00e0 la maison ou au travail.<\/p>\n<p>100% Flanelle de coton, bross\u00e9e d'un c\u00f4t\u00e9, 180 g\/m<\/p>","protected":false},"excerpt":{"rendered":"<p>Ein bodenst\u00e4ndiges und stylisches Flanellhemd mit Damenschnitt. Das Langarmshirt besteht aus weichem Flanell und hat eine ger\u00e4umige Passform f\u00fcr zus\u00e4tzlichen Komfort. Kann sowohl privat als auch am Arbeitsplatz getragen werden. 100% Baumwoll Flanell, einseitig aufgeb\u00fcrstet, 180 g\/m\u00b2<\/p>","protected":false},"featured_media":695501,"template":"","meta":[],"product_brand":[],"product_cat":[9874],"product_tag":[],"class_list":{"0":"post-697221","1":"product","2":"type-product","3":"status-publish","4":"has-post-thumbnail","6":"product_cat-hemden","7":"pa_brand-blaklaeder","8":"pa_brand-type-workwear","9":"pa_filter-color-rot","10":"pa_filter-color-schwarz","12":"first","13":"instock","14":"sale","15":"taxable","16":"shipping-taxable","17":"purchasable","18":"product-type-variable","19":"add-to-wishlist-before_image"},"exclude_global_add_ons":[],"addons":[],"acf":[],"_links":{"self":[{"href":"https:\/\/shop.kustom.ch\/fr\/wp-json\/wp\/v2\/product\/697221"}],"collection":[{"href":"https:\/\/shop.kustom.ch\/fr\/wp-json\/wp\/v2\/product"}],"about":[{"href":"https:\/\/shop.kustom.ch\/fr\/wp-json\/wp\/v2\/types\/product"}],"wp:featuredmedia":[{"embeddable":true,"href":"https:\/\/shop.kustom.ch\/fr\/wp-json\/wp\/v2\/media\/695501"}],"wp:attachment":[{"href":"https:\/\/shop.kustom.ch\/fr\/wp-json\/wp\/v2\/media?parent=697221"}],"wp:term":[{"taxonomy":"product_brand","embeddable":true,"href":"https:\/\/shop.kustom.ch\/fr\/wp-json\/wp\/v2\/product_brand?post=697221"},{"taxonomy":"product_cat","embeddable":true,"href":"https:\/\/shop.kustom.ch\/fr\/wp-json\/wp\/v2\/product_cat?post=697221"},{"taxonomy":"product_tag","embeddable":true,"href":"https:\/\/shop.kustom.ch\/fr\/wp-json\/wp\/v2\/product_tag?post=697221"}],"curies":[{"name":"wp","href":"https:\/\/api.w.org\/{rel}","templated":true}]}}