{"id":697220,"date":"2026-03-17T15:12:26","date_gmt":"2026-03-17T14:12:26","guid":{"rendered":"https:\/\/shop.kustom.ch\/?post_type=product&#038;p=697220"},"modified":"2026-03-31T08:49:00","modified_gmt":"2026-03-31T07:49:00","slug":"flanellhemd-3","status":"publish","type":"product","link":"https:\/\/shop.kustom.ch\/fr\/produit\/flanellhemd-3\/","title":{"rendered":"Chemise en flanelle"},"content":{"rendered":"<p>Chemise en flanelle styl\u00e9e et bien ancr\u00e9e dans le sol, avec une coupe classique. Cette chemise \u00e0 manches longues est fabriqu\u00e9e en flanelle douce et a une coupe d\u00e9contract\u00e9e pour plus de confort. Id\u00e9ale pour \u00eatre port\u00e9e aussi bien au travail que pendant les loisirs.<\/p>\n<p>100% Flanelle de coton, bross\u00e9e d'un c\u00f4t\u00e9, 180 g\/m<\/p>","protected":false},"excerpt":{"rendered":"<p>Bodenst\u00e4ndiges, stylisches Flanellhemd mit klassischem Schnitt. Dieses lang\u00e4rmelige Hemd besteht aus weichem Flanell und hat eine lockere Passform f\u00fcr mehr Komfort. Ideal f\u00fcr das Tragen sowohl bei der Arbeit als auch in der Freizeit. 100% Baumwoll Flanell, einseitig aufgeb\u00fcrstet, 180 g\/m\u00b2<\/p>","protected":false},"featured_media":695503,"template":"","meta":[],"product_brand":[],"product_cat":[9874],"product_tag":[],"class_list":{"0":"post-697220","1":"product","2":"type-product","3":"status-publish","4":"has-post-thumbnail","6":"product_cat-hemden","7":"pa_brand-blaklaeder","8":"pa_brand-type-workwear","9":"pa_filter-color-gelb","10":"pa_filter-color-gruen","11":"pa_filter-color-rot","12":"pa_filter-color-schwarz","14":"first","15":"instock","16":"sale","17":"taxable","18":"shipping-taxable","19":"purchasable","20":"product-type-variable","21":"add-to-wishlist-before_image"},"exclude_global_add_ons":[],"addons":[],"acf":[],"_links":{"self":[{"href":"https:\/\/shop.kustom.ch\/fr\/wp-json\/wp\/v2\/product\/697220"}],"collection":[{"href":"https:\/\/shop.kustom.ch\/fr\/wp-json\/wp\/v2\/product"}],"about":[{"href":"https:\/\/shop.kustom.ch\/fr\/wp-json\/wp\/v2\/types\/product"}],"wp:featuredmedia":[{"embeddable":true,"href":"https:\/\/shop.kustom.ch\/fr\/wp-json\/wp\/v2\/media\/695503"}],"wp:attachment":[{"href":"https:\/\/shop.kustom.ch\/fr\/wp-json\/wp\/v2\/media?parent=697220"}],"wp:term":[{"taxonomy":"product_brand","embeddable":true,"href":"https:\/\/shop.kustom.ch\/fr\/wp-json\/wp\/v2\/product_brand?post=697220"},{"taxonomy":"product_cat","embeddable":true,"href":"https:\/\/shop.kustom.ch\/fr\/wp-json\/wp\/v2\/product_cat?post=697220"},{"taxonomy":"product_tag","embeddable":true,"href":"https:\/\/shop.kustom.ch\/fr\/wp-json\/wp\/v2\/product_tag?post=697220"}],"curies":[{"name":"wp","href":"https:\/\/api.w.org\/{rel}","templated":true}]}}