{"id":697160,"date":"2026-03-17T15:11:59","date_gmt":"2026-03-17T14:11:59","guid":{"rendered":"https:\/\/shop.kustom.ch\/?post_type=product&#038;p=697160"},"modified":"2026-03-31T08:54:57","modified_gmt":"2026-03-31T07:54:57","slug":"damen-tank-top-2","status":"publish","type":"product","link":"https:\/\/shop.kustom.ch\/fr\/produit\/damen-tank-top-2\/","title":{"rendered":"D\u00e9bardeur femme"},"content":{"rendered":"<p>Un v\u00eatement de base \u00e0 la coupe f\u00e9minine, utile dans toutes les situations. \u00c9galement disponible en mod\u00e8le homme 3511.<\/p>\n<p>95 % coton, 5 % \u00e9lasthanne, jersey, 160 g\/m<\/p>","protected":false},"excerpt":{"rendered":"<p>Ein Basis-Kleidungsst\u00fcck im Damenschnitt, das in allen Situationen n\u00fctzlich ist. Auch als Herrenmodell 3511 erh\u00e4ltlich. 95 % Baumwolle, 5 % Elastan, Jersey, 160 g\/m\u00b2<\/p>","protected":false},"featured_media":695936,"template":"","meta":[],"product_brand":[],"product_cat":[4201],"product_tag":[],"class_list":{"0":"post-697160","1":"product","2":"type-product","3":"status-publish","4":"has-post-thumbnail","6":"product_cat-t-shirts","7":"pa_brand-blaklaeder","8":"pa_brand-type-workwear","9":"pa_filter-color-blau","10":"pa_filter-color-grau","11":"pa_filter-color-schwarz","12":"pa_filter-color-weiss","14":"first","15":"instock","16":"sale","17":"taxable","18":"shipping-taxable","19":"purchasable","20":"product-type-variable","21":"add-to-wishlist-before_image"},"exclude_global_add_ons":[],"addons":[],"acf":[],"_links":{"self":[{"href":"https:\/\/shop.kustom.ch\/fr\/wp-json\/wp\/v2\/product\/697160"}],"collection":[{"href":"https:\/\/shop.kustom.ch\/fr\/wp-json\/wp\/v2\/product"}],"about":[{"href":"https:\/\/shop.kustom.ch\/fr\/wp-json\/wp\/v2\/types\/product"}],"wp:featuredmedia":[{"embeddable":true,"href":"https:\/\/shop.kustom.ch\/fr\/wp-json\/wp\/v2\/media\/695936"}],"wp:attachment":[{"href":"https:\/\/shop.kustom.ch\/fr\/wp-json\/wp\/v2\/media?parent=697160"}],"wp:term":[{"taxonomy":"product_brand","embeddable":true,"href":"https:\/\/shop.kustom.ch\/fr\/wp-json\/wp\/v2\/product_brand?post=697160"},{"taxonomy":"product_cat","embeddable":true,"href":"https:\/\/shop.kustom.ch\/fr\/wp-json\/wp\/v2\/product_cat?post=697160"},{"taxonomy":"product_tag","embeddable":true,"href":"https:\/\/shop.kustom.ch\/fr\/wp-json\/wp\/v2\/product_tag?post=697160"}],"curies":[{"name":"wp","href":"https:\/\/api.w.org\/{rel}","templated":true}]}}