{"id":697159,"date":"2026-03-17T15:11:59","date_gmt":"2026-03-17T14:11:59","guid":{"rendered":"https:\/\/shop.kustom.ch\/?post_type=product&#038;p=697159"},"modified":"2026-03-31T09:10:19","modified_gmt":"2026-03-31T08:10:19","slug":"damen-handwerker-arbeitshose-denim-stretch","status":"publish","type":"product","link":"https:\/\/shop.kustom.ch\/fr\/produit\/damen-handwerker-arbeitshose-denim-stretch\/","title":{"rendered":"Pantalon de travail artisanal Denim Stretch pour femme"},"content":{"rendered":"<p>Pantalon d'artisanat r\u00e9sistant en denim CORDURA\u00ae avec inserts stretch quadri-directionnels pour un confort ultime l\u00e0 o\u00f9 il est le plus n\u00e9cessaire. Le pantalon a une taille r\u00e9glable, des poches \u00e0 clous fixes et des poches renforc\u00e9es pratiques. La poche de genouill\u00e8re inf\u00e9rieure en CORDURA\u00ae stretch offre une r\u00e9sistance et une flexibilit\u00e9 fiables, permettant de travailler efficacement et confortablement toute la journ\u00e9e. \u00c9galement disponible en mod\u00e8le homme 1750.<\/p>\n<p>55% coton, 15% polyamide, 30% polyester, denim enduit, CORDURA\u00ae denim, stretch, 340 g\/m<\/p>","protected":false},"excerpt":{"rendered":"<p>Strapazierf\u00e4hige Handwerkerhose aus CORDURA\u00ae-Denim mit 4-Wege-Stretcheins\u00e4tzen, die f\u00fcr ultimativen Komfort sorgen, wo er am meisten gebraucht wird. Die Hose hat einen verstellbaren Bund, festsitzende Nageltaschen und praktische verst\u00e4rkte Taschen. Die unten angebrachte Kniepolstertasche mit CORDURA\u00ae-Stretch bietet zuverl\u00e4ssige Strapazierf\u00e4higkeit und Flexibilit\u00e4t, so dass man den ganzen Tag \u00fcber effizient und bequem arbeiten kann. Auch als Herrenmodell [&hellip;]<\/p>\n","protected":false},"featured_media":696847,"template":"","meta":[],"product_brand":[],"product_cat":[4185],"product_tag":[],"class_list":{"0":"post-697159","1":"product","2":"type-product","3":"status-publish","4":"has-post-thumbnail","6":"product_cat-hosen","7":"pa_brand-blaklaeder","8":"pa_brand-type-workwear","9":"pa_filter-color-blau","10":"pa_filter-color-grau","11":"pa_filter-color-gruen","12":"pa_filter-color-schwarz","14":"first","15":"instock","16":"sale","17":"taxable","18":"shipping-taxable","19":"purchasable","20":"product-type-variable","21":"add-to-wishlist-before_image"},"exclude_global_add_ons":[],"addons":[],"acf":[],"_links":{"self":[{"href":"https:\/\/shop.kustom.ch\/fr\/wp-json\/wp\/v2\/product\/697159"}],"collection":[{"href":"https:\/\/shop.kustom.ch\/fr\/wp-json\/wp\/v2\/product"}],"about":[{"href":"https:\/\/shop.kustom.ch\/fr\/wp-json\/wp\/v2\/types\/product"}],"wp:featuredmedia":[{"embeddable":true,"href":"https:\/\/shop.kustom.ch\/fr\/wp-json\/wp\/v2\/media\/696847"}],"wp:attachment":[{"href":"https:\/\/shop.kustom.ch\/fr\/wp-json\/wp\/v2\/media?parent=697159"}],"wp:term":[{"taxonomy":"product_brand","embeddable":true,"href":"https:\/\/shop.kustom.ch\/fr\/wp-json\/wp\/v2\/product_brand?post=697159"},{"taxonomy":"product_cat","embeddable":true,"href":"https:\/\/shop.kustom.ch\/fr\/wp-json\/wp\/v2\/product_cat?post=697159"},{"taxonomy":"product_tag","embeddable":true,"href":"https:\/\/shop.kustom.ch\/fr\/wp-json\/wp\/v2\/product_tag?post=697159"}],"curies":[{"name":"wp","href":"https:\/\/api.w.org\/{rel}","templated":true}]}}