{"id":697017,"date":"2026-03-16T16:34:22","date_gmt":"2026-03-16T15:34:22","guid":{"rendered":"https:\/\/shop.kustom.ch\/?post_type=product&#038;p=697017"},"modified":"2026-03-31T09:15:22","modified_gmt":"2026-03-31T08:15:22","slug":"freelock-reparaturset-fuer-hochgeschnittene-stiefel","status":"publish","type":"product","link":"https:\/\/shop.kustom.ch\/fr\/produit\/freelock-reparaturset-fuer-hochgeschnittene-stiefel\/","title":{"rendered":"Kit de r\u00e9paration Freelock pour bottes \u00e0 tige haute"},"content":{"rendered":"<p>Kit de r\u00e9paration complet pour changer le syst\u00e8me Freelock des bottes de s\u00e9curit\u00e9 \u00e0 tige haute de Bl\u00e5kl\u00e4der. Instructions de r\u00e9paration<\/p>","protected":false},"excerpt":{"rendered":"<p>Kit de r\u00e9paration complet pour changer le syst\u00e8me Freelock des bottes de s\u00e9curit\u00e9 \u00e0 tige haute de Bl\u00e5kl\u00e4der. Instructions de r\u00e9paration<\/p>","protected":false},"featured_media":697022,"template":"","meta":[],"product_brand":[],"product_cat":[4209],"product_tag":[],"class_list":{"0":"post-697017","1":"product","2":"type-product","3":"status-publish","4":"has-post-thumbnail","6":"product_cat-zubehoer","7":"pa_brand-blaklaeder","8":"pa_brand-type-workwear","9":"pa_filter-color-grau","10":"pa_filter-color-schwarz","12":"first","13":"instock","14":"sale","15":"taxable","16":"shipping-taxable","17":"purchasable","18":"product-type-variable","19":"add-to-wishlist-before_image"},"exclude_global_add_ons":[],"addons":[],"acf":[],"_links":{"self":[{"href":"https:\/\/shop.kustom.ch\/fr\/wp-json\/wp\/v2\/product\/697017"}],"collection":[{"href":"https:\/\/shop.kustom.ch\/fr\/wp-json\/wp\/v2\/product"}],"about":[{"href":"https:\/\/shop.kustom.ch\/fr\/wp-json\/wp\/v2\/types\/product"}],"wp:featuredmedia":[{"embeddable":true,"href":"https:\/\/shop.kustom.ch\/fr\/wp-json\/wp\/v2\/media\/697022"}],"wp:attachment":[{"href":"https:\/\/shop.kustom.ch\/fr\/wp-json\/wp\/v2\/media?parent=697017"}],"wp:term":[{"taxonomy":"product_brand","embeddable":true,"href":"https:\/\/shop.kustom.ch\/fr\/wp-json\/wp\/v2\/product_brand?post=697017"},{"taxonomy":"product_cat","embeddable":true,"href":"https:\/\/shop.kustom.ch\/fr\/wp-json\/wp\/v2\/product_cat?post=697017"},{"taxonomy":"product_tag","embeddable":true,"href":"https:\/\/shop.kustom.ch\/fr\/wp-json\/wp\/v2\/product_tag?post=697017"}],"curies":[{"name":"wp","href":"https:\/\/api.w.org\/{rel}","templated":true}]}}