{"id":696872,"date":"2026-03-16T16:31:58","date_gmt":"2026-03-16T15:31:58","guid":{"rendered":"https:\/\/shop.kustom.ch\/?post_type=product&#038;p=696872"},"modified":"2026-03-31T09:12:27","modified_gmt":"2026-03-31T08:12:27","slug":"handwerker-rock-mit-stretch","status":"publish","type":"product","link":"https:\/\/shop.kustom.ch\/fr\/produit\/handwerker-rock-mit-stretch\/","title":{"rendered":"Jupe d'artisan avec stretch"},"content":{"rendered":"<p>Jupe d'artisanat multifonctionnelle, confortable et r\u00e9sistante, en denim stretch, qui poss\u00e8de toutes les poches pratiques dont vous avez besoin. La jupe dispose d'un short int\u00e9rieur en maille pour plus de confort et de contre-plis suppl\u00e9mentaires \u00e0 l'avant et \u00e0 l'arri\u00e8re pour une plus grande libert\u00e9 de mouvement.<\/p>\n<p>80% coton, 17% polyamide, 3% \u00e9lasthanne, denim enduit, CORDURA\u00ae Denim Stretch, 300 g\/m<\/p>","protected":false},"excerpt":{"rendered":"<p>Multifunktionaler, bequemer und strapazierf\u00e4higer Handwerker Rock aus Denim Stretch, der all die praktischen Taschen hat, die Sie ben\u00f6tigen. Der Rock verf\u00fcgt \u00fcber eine Mesh-Innenshorts f\u00fcr mehr Komfort und zus\u00e4tzliche Konterfalten auf der Vorder- und R\u00fcckseite f\u00fcr mehr Bewegungsfreiheit. 80% Baumwolle, 17% Polyamid, 3% Elastan, Denim, beschichtet, CORDURA\u00ae Denim Stretch, 300 g\/m\u00b2<\/p>","protected":false},"featured_media":696873,"template":"","meta":[],"product_brand":[],"product_cat":[4198],"product_tag":[],"class_list":{"0":"post-696872","1":"product","2":"type-product","3":"status-publish","4":"has-post-thumbnail","6":"product_cat-shorts","7":"pa_brand-blaklaeder","8":"pa_brand-type-workwear","9":"pa_filter-color-blau","10":"pa_filter-color-schwarz","12":"first","13":"instock","14":"sale","15":"taxable","16":"shipping-taxable","17":"purchasable","18":"product-type-variable","19":"add-to-wishlist-before_image"},"exclude_global_add_ons":[],"addons":[],"acf":[],"_links":{"self":[{"href":"https:\/\/shop.kustom.ch\/fr\/wp-json\/wp\/v2\/product\/696872"}],"collection":[{"href":"https:\/\/shop.kustom.ch\/fr\/wp-json\/wp\/v2\/product"}],"about":[{"href":"https:\/\/shop.kustom.ch\/fr\/wp-json\/wp\/v2\/types\/product"}],"wp:featuredmedia":[{"embeddable":true,"href":"https:\/\/shop.kustom.ch\/fr\/wp-json\/wp\/v2\/media\/696873"}],"wp:attachment":[{"href":"https:\/\/shop.kustom.ch\/fr\/wp-json\/wp\/v2\/media?parent=696872"}],"wp:term":[{"taxonomy":"product_brand","embeddable":true,"href":"https:\/\/shop.kustom.ch\/fr\/wp-json\/wp\/v2\/product_brand?post=696872"},{"taxonomy":"product_cat","embeddable":true,"href":"https:\/\/shop.kustom.ch\/fr\/wp-json\/wp\/v2\/product_cat?post=696872"},{"taxonomy":"product_tag","embeddable":true,"href":"https:\/\/shop.kustom.ch\/fr\/wp-json\/wp\/v2\/product_tag?post=696872"}],"curies":[{"name":"wp","href":"https:\/\/api.w.org\/{rel}","templated":true}]}}