{"id":696848,"date":"2026-03-16T16:30:57","date_gmt":"2026-03-16T15:30:57","guid":{"rendered":"https:\/\/shop.kustom.ch\/?post_type=product&#038;p=696848"},"modified":"2026-03-31T09:11:05","modified_gmt":"2026-03-31T08:11:05","slug":"service-arbeitsrock-mit-stretch","status":"publish","type":"product","link":"https:\/\/shop.kustom.ch\/fr\/produit\/service-arbeitsrock-mit-stretch\/","title":{"rendered":"Jupe de travail de service avec stretch"},"content":{"rendered":"<p>Jupe r\u00e9sistante aux \u00e9raflures pour les travaux de service et industriels. Cette jupe avec pantalon int\u00e9rieur assure une libert\u00e9 de mouvement maximale et la taille \u00e9lastique un confort tout au long de la journ\u00e9e. L'arri\u00e8re de la jupe est fabriqu\u00e9 en stretch quadri-directionnel confortable. Les poches sont dot\u00e9es d'une fermeture magn\u00e9tique au lieu d'une fermeture \u00e0 glissi\u00e8re et la jupe arrive juste au-dessus du genou.<\/p>\n<p>65% polyester, 35% coton, tissage fin, 166g\/m<\/p>","protected":false},"excerpt":{"rendered":"<p>Jupe r\u00e9sistante aux \u00e9raflures pour les travaux de service et industriels. Cette jupe avec pantalon int\u00e9rieur assure une libert\u00e9 de mouvement maximale et la taille \u00e9lastique un confort tout au long de la journ\u00e9e. L'arri\u00e8re de la jupe est fabriqu\u00e9 en stretch quadri-directionnel confortable. Les rabats des poches ont une fermeture magn\u00e9tique au lieu d'une fermeture \u00e0 glissi\u00e8re et la jupe arrive juste au-dessus du genou. 65% polyester, 35% coton, tissage fin, 166g\/m\u00b2.<\/p>","protected":false},"featured_media":696849,"template":"","meta":[],"product_brand":[],"product_cat":[4194],"product_tag":[],"class_list":{"0":"post-696848","1":"product","2":"type-product","3":"status-publish","4":"has-post-thumbnail","6":"product_cat-roecke","7":"pa_brand-blaklaeder","8":"pa_brand-type-workwear","9":"pa_filter-color-schwarz","11":"first","12":"instock","13":"sale","14":"taxable","15":"shipping-taxable","16":"purchasable","17":"product-type-variable","18":"add-to-wishlist-before_image"},"exclude_global_add_ons":[],"addons":[],"acf":[],"_links":{"self":[{"href":"https:\/\/shop.kustom.ch\/fr\/wp-json\/wp\/v2\/product\/696848"}],"collection":[{"href":"https:\/\/shop.kustom.ch\/fr\/wp-json\/wp\/v2\/product"}],"about":[{"href":"https:\/\/shop.kustom.ch\/fr\/wp-json\/wp\/v2\/types\/product"}],"wp:featuredmedia":[{"embeddable":true,"href":"https:\/\/shop.kustom.ch\/fr\/wp-json\/wp\/v2\/media\/696849"}],"wp:attachment":[{"href":"https:\/\/shop.kustom.ch\/fr\/wp-json\/wp\/v2\/media?parent=696848"}],"wp:term":[{"taxonomy":"product_brand","embeddable":true,"href":"https:\/\/shop.kustom.ch\/fr\/wp-json\/wp\/v2\/product_brand?post=696848"},{"taxonomy":"product_cat","embeddable":true,"href":"https:\/\/shop.kustom.ch\/fr\/wp-json\/wp\/v2\/product_cat?post=696848"},{"taxonomy":"product_tag","embeddable":true,"href":"https:\/\/shop.kustom.ch\/fr\/wp-json\/wp\/v2\/product_tag?post=696848"}],"curies":[{"name":"wp","href":"https:\/\/api.w.org\/{rel}","templated":true}]}}