{"id":696785,"date":"2026-03-16T16:29:41","date_gmt":"2026-03-16T15:29:41","guid":{"rendered":"https:\/\/shop.kustom.ch\/?post_type=product&#038;p=696785"},"modified":"2026-03-31T09:08:53","modified_gmt":"2026-03-31T08:08:53","slug":"damen-arbeitshose-stretch","status":"publish","type":"product","link":"https:\/\/shop.kustom.ch\/fr\/produit\/damen-arbeitshose-stretch\/","title":{"rendered":"Pantalon de travail stretch pour femmes"},"content":{"rendered":"<p>Pantalon industriel et de service en tissu stretch l\u00e9ger \u00e0 deux sens, fabriqu\u00e9 \u00e0 partir d'un m\u00e9lange frais, r\u00e9sistant et \u00e9lastique de polyester, de coton et d'\u00e9lastomultiester - une fibre stretch qui r\u00e9siste \u00e0 des temp\u00e9ratures de lavage plus \u00e9lev\u00e9es et assure un meilleur confort tout au long de la journ\u00e9e de travail. Le pantalon est dot\u00e9 de jambes pr\u00e9form\u00e9es pour un confort optimal et est exempt de rayures et de m\u00e9tal, ce qui le rend particuli\u00e8rement adapt\u00e9 aux environnements industriels soumis \u00e0 des exigences de s\u00e9curit\u00e9 strictes. Convient au lavage industriel. \u00c9galement disponible en mod\u00e8le homme 1428.<\/p>\n<p>50% polyester, 25% \u00e9lastomultiester, 25% coton, tissage simple, stretch 2 directions, 170 g\/m<\/p>","protected":false},"excerpt":{"rendered":"<p>Industrie- und Servicehose aus leichtem 2-Wege-Stretch, gefertigt aus einem k\u00fchlen, strapazierf\u00e4higen und elastischen Mischgewebe, bestehend aus Polyester, Baumwolle und Elastomultiester &#8211; einer Stretchfaser, die h\u00f6heren Waschtemperaturen standh\u00e4lt und den gesamten Arbeitstag f\u00fcr mehr Komfort sorgt. Die Hose verf\u00fcgt \u00fcber vorgeformte Beine f\u00fcr optimalen Komfort und ist kratz- und metallfrei, wodurch sie sich besonders gut f\u00fcr [&hellip;]<\/p>\n","protected":false},"featured_media":696795,"template":"","meta":[],"product_brand":[],"product_cat":[4185],"product_tag":[],"class_list":{"0":"post-696785","1":"product","2":"type-product","3":"status-publish","4":"has-post-thumbnail","6":"product_cat-hosen","7":"pa_brand-blaklaeder","8":"pa_brand-type-workwear","9":"pa_filter-color-blau","10":"pa_filter-color-schwarz","12":"first","13":"instock","14":"sale","15":"taxable","16":"shipping-taxable","17":"purchasable","18":"product-type-variable","19":"add-to-wishlist-before_image"},"exclude_global_add_ons":[],"addons":[],"acf":[],"_links":{"self":[{"href":"https:\/\/shop.kustom.ch\/fr\/wp-json\/wp\/v2\/product\/696785"}],"collection":[{"href":"https:\/\/shop.kustom.ch\/fr\/wp-json\/wp\/v2\/product"}],"about":[{"href":"https:\/\/shop.kustom.ch\/fr\/wp-json\/wp\/v2\/types\/product"}],"wp:featuredmedia":[{"embeddable":true,"href":"https:\/\/shop.kustom.ch\/fr\/wp-json\/wp\/v2\/media\/696795"}],"wp:attachment":[{"href":"https:\/\/shop.kustom.ch\/fr\/wp-json\/wp\/v2\/media?parent=696785"}],"wp:term":[{"taxonomy":"product_brand","embeddable":true,"href":"https:\/\/shop.kustom.ch\/fr\/wp-json\/wp\/v2\/product_brand?post=696785"},{"taxonomy":"product_cat","embeddable":true,"href":"https:\/\/shop.kustom.ch\/fr\/wp-json\/wp\/v2\/product_cat?post=696785"},{"taxonomy":"product_tag","embeddable":true,"href":"https:\/\/shop.kustom.ch\/fr\/wp-json\/wp\/v2\/product_tag?post=696785"}],"curies":[{"name":"wp","href":"https:\/\/api.w.org\/{rel}","templated":true}]}}