{"id":696681,"date":"2026-03-16T16:27:25","date_gmt":"2026-03-16T15:27:25","guid":{"rendered":"https:\/\/shop.kustom.ch\/?post_type=product&#038;p=696681"},"modified":"2026-03-31T09:04:03","modified_gmt":"2026-03-31T08:04:03","slug":"kurzarm-unterhemd-xlight-100-merino","status":"publish","type":"product","link":"https:\/\/shop.kustom.ch\/fr\/produit\/kurzarm-unterhemd-xlight-100-merino\/","title":{"rendered":"Maillot de corps \u00e0 manches courtes XLIGHT, 100% M\u00e9rino"},"content":{"rendered":"<p>Sous-maillot fin et l\u00e9ger en laine m\u00e9rinos 100%, qui tient chaud et sec toute l'ann\u00e9e. Le mat\u00e9riau est compos\u00e9 de laine m\u00e9rinos extra-fine qui offre une bonne isolation, une excellente \u00e9vacuation de l'humidit\u00e9 et une r\u00e9gulation de la temp\u00e9rature. Temp\u00e9rature recommand\u00e9e +10\u00b0C \u00e0 -10\u00b0C.<\/p>\n<p>100% Laine m\u00e9rinos, jersey simple, 160 g\/m<\/p>","protected":false},"excerpt":{"rendered":"<p>D\u00fcnnes und leichtes Unterzieh T-Shirt aus 100% Merinowolle, das das ganze Jahr warm und trocken h\u00e4lt. Das Material besteht aus extra d\u00fcnner Merinowolle, die gute Isolation, exzellenten Feuchtigkeitstransport und Temperaturregulation bietet. Empfohlene Temperatur +10\u00b0C bis -10\u00b0C. 100% Merinowolle, Single Jersey, 160 g\/m\u00b2<\/p>","protected":false},"featured_media":696683,"template":"","meta":[],"product_brand":[],"product_cat":[4206],"product_tag":[],"class_list":{"0":"post-696681","1":"product","2":"type-product","3":"status-publish","4":"has-post-thumbnail","6":"product_cat-underwear","7":"pa_brand-blaklaeder","8":"pa_brand-type-workwear","9":"pa_filter-color-gelb","10":"pa_filter-color-grau","12":"first","13":"instock","14":"sale","15":"taxable","16":"shipping-taxable","17":"purchasable","18":"product-type-variable","19":"add-to-wishlist-before_image"},"exclude_global_add_ons":[],"addons":[],"acf":[],"_links":{"self":[{"href":"https:\/\/shop.kustom.ch\/fr\/wp-json\/wp\/v2\/product\/696681"}],"collection":[{"href":"https:\/\/shop.kustom.ch\/fr\/wp-json\/wp\/v2\/product"}],"about":[{"href":"https:\/\/shop.kustom.ch\/fr\/wp-json\/wp\/v2\/types\/product"}],"wp:featuredmedia":[{"embeddable":true,"href":"https:\/\/shop.kustom.ch\/fr\/wp-json\/wp\/v2\/media\/696683"}],"wp:attachment":[{"href":"https:\/\/shop.kustom.ch\/fr\/wp-json\/wp\/v2\/media?parent=696681"}],"wp:term":[{"taxonomy":"product_brand","embeddable":true,"href":"https:\/\/shop.kustom.ch\/fr\/wp-json\/wp\/v2\/product_brand?post=696681"},{"taxonomy":"product_cat","embeddable":true,"href":"https:\/\/shop.kustom.ch\/fr\/wp-json\/wp\/v2\/product_cat?post=696681"},{"taxonomy":"product_tag","embeddable":true,"href":"https:\/\/shop.kustom.ch\/fr\/wp-json\/wp\/v2\/product_tag?post=696681"}],"curies":[{"name":"wp","href":"https:\/\/api.w.org\/{rel}","templated":true}]}}