{"id":696533,"date":"2026-03-16T16:25:09","date_gmt":"2026-03-16T15:25:09","guid":{"rendered":"https:\/\/shop.kustom.ch\/?post_type=product&#038;p=696533"},"modified":"2026-03-31T09:01:57","modified_gmt":"2026-03-31T08:01:57","slug":"unterhemd-light","status":"publish","type":"product","link":"https:\/\/shop.kustom.ch\/fr\/produit\/unterhemd-light\/","title":{"rendered":"MAILLOT DE CORPS LIGHT"},"content":{"rendered":"<p>Le haut LIGHT Base Layer \u00e9vacue efficacement l'humidit\u00e9 de la peau. Il est compos\u00e9 de polyester qui offre une sensation douce sur la peau et garde le corps au chaud, au sec et confortable pendant tout type d'activit\u00e9 physique. Le tricotage en canal cr\u00e9e un espace d'air entre le corps et le v\u00eatement, ce qui am\u00e9liore l'isolation. Convient \u00e0 toutes les saisons, de +10\u00b0C \u00e0 -10\u00b0C, lorsque l'on a besoin d'un transfert d'humidit\u00e9 fonctionnel et proche de la peau.<\/p>\n<p>100 % polyester, tricot c\u00f4tel\u00e9, r\u00e9gulation de l'humidit\u00e9, 170 g\/m<\/p>","protected":false},"excerpt":{"rendered":"<p>Das LIGHT Base Layer Top leitet Feuchtigkeit effektiv von der Haut weg. Es besteht aus Polyester, das sich weich auf der Haut anf\u00fchlt und den K\u00f6rper bei jeder Art von k\u00f6rperlicher Aktivit\u00e4t warm, trocken und komfortabel h\u00e4lt. Durch das Kanalgestrick entsteht ein Luftspalt zwischen dem K\u00f6rper und dem Kleidungsst\u00fcck, der die Isolierung verbessert. Geeignet f\u00fcr [&hellip;]<\/p>\n","protected":false},"featured_media":696543,"template":"","meta":[],"product_brand":[],"product_cat":[4206],"product_tag":[],"class_list":{"0":"post-696533","1":"product","2":"type-product","3":"status-publish","4":"has-post-thumbnail","6":"product_cat-underwear","7":"pa_brand-blaklaeder","8":"pa_brand-type-workwear","9":"pa_filter-color-blau","10":"pa_filter-color-schwarz","12":"first","13":"instock","14":"sale","15":"taxable","16":"shipping-taxable","17":"purchasable","18":"product-type-variable","19":"add-to-wishlist-before_image"},"exclude_global_add_ons":[],"addons":[],"acf":[],"_links":{"self":[{"href":"https:\/\/shop.kustom.ch\/fr\/wp-json\/wp\/v2\/product\/696533"}],"collection":[{"href":"https:\/\/shop.kustom.ch\/fr\/wp-json\/wp\/v2\/product"}],"about":[{"href":"https:\/\/shop.kustom.ch\/fr\/wp-json\/wp\/v2\/types\/product"}],"wp:featuredmedia":[{"embeddable":true,"href":"https:\/\/shop.kustom.ch\/fr\/wp-json\/wp\/v2\/media\/696543"}],"wp:attachment":[{"href":"https:\/\/shop.kustom.ch\/fr\/wp-json\/wp\/v2\/media?parent=696533"}],"wp:term":[{"taxonomy":"product_brand","embeddable":true,"href":"https:\/\/shop.kustom.ch\/fr\/wp-json\/wp\/v2\/product_brand?post=696533"},{"taxonomy":"product_cat","embeddable":true,"href":"https:\/\/shop.kustom.ch\/fr\/wp-json\/wp\/v2\/product_cat?post=696533"},{"taxonomy":"product_tag","embeddable":true,"href":"https:\/\/shop.kustom.ch\/fr\/wp-json\/wp\/v2\/product_tag?post=696533"}],"curies":[{"name":"wp","href":"https:\/\/api.w.org\/{rel}","templated":true}]}}