{"id":696411,"date":"2026-03-16T16:23:19","date_gmt":"2026-03-16T15:23:19","guid":{"rendered":"https:\/\/shop.kustom.ch\/?post_type=product&#038;p=696411"},"modified":"2026-03-31T08:59:49","modified_gmt":"2026-03-31T07:59:49","slug":"high-vis-regenjacke-level-3","status":"publish","type":"product","link":"https:\/\/shop.kustom.ch\/fr\/produit\/high-vis-regenjacke-level-3\/","title":{"rendered":"Veste de pluie haute visibilit\u00e9 niveau 3"},"content":{"rendered":"<p>La veste de pluie ultime pour les conditions m\u00e9t\u00e9orologiques les plus extr\u00eames. Cette veste de pluie haute visibilit\u00e9 se caract\u00e9rise par sa solidit\u00e9, sa flexibilit\u00e9 et ses propri\u00e9t\u00e9s de protection extr\u00eames. Elle est particuli\u00e8rement adapt\u00e9e aux personnes qui travaillent souvent \u00e0 l'ext\u00e9rieur par temps humide et dans de mauvaises conditions. Elle est imperm\u00e9able au vent et \u00e0 l'eau, fabriqu\u00e9e dans un mat\u00e9riau solide avec des coutures soud\u00e9es. La veste est en outre dot\u00e9e d'une fermeture \u00e9clair dissimul\u00e9e avec des boutons-pression qui emp\u00eachent efficacement la pluie d'atteindre le corps. Le col doubl\u00e9 en polaire offre protection et chaleur sans frotter contre la peau. L'ourlet des manches r\u00e9glable avec poignets en n\u00e9opr\u00e8ne \u00e0 l'int\u00e9rieur emp\u00eache la pluie de s'infiltrer pendant que vous travaillez. Certifi\u00e9 EN 343, v\u00eatements de protection contre le mauvais temps et EN ISO 20471, classe 3, v\u00eatements de protection \u00e0 haute visibilit\u00e9.<\/p>\n<p>100% polyester (84% PVC\/16% PU), imperm\u00e9able au vent et \u00e0 l'eau, respirant, 350 g\/m<\/p>","protected":false},"excerpt":{"rendered":"<p>Die ultimative Regenjacke f\u00fcr die extremsten Wetterbedingungen. St\u00e4rke, Flexibilit\u00e4t und extrem gute Schutzeigenschaften beschreiben diese High Vis Regenjacke. Sie ist besonders geeignet f\u00fcr Leute die oft draussen bei nassem Wetter und schlechten Bedingungen arbeiten. Sie ist wind- und wasserdicht aus einem starken Material mit verschweissten N\u00e4hten. Die Jacke hat zus\u00e4tzlich einen verdeckten Reissverschluss mit Druckkn\u00f6pfen, [&hellip;]<\/p>\n","protected":false},"featured_media":696429,"template":"","meta":[],"product_brand":[],"product_cat":[4186],"product_tag":[],"class_list":{"0":"post-696411","1":"product","2":"type-product","3":"status-publish","4":"has-post-thumbnail","6":"product_cat-jacken","7":"pa_brand-blaklaeder","8":"pa_brand-type-workwear","9":"pa_filter-color-blau","10":"pa_filter-color-gelb","11":"pa_filter-color-orange","12":"pa_filter-color-schwarz","14":"first","15":"instock","16":"sale","17":"taxable","18":"shipping-taxable","19":"purchasable","20":"product-type-variable","21":"add-to-wishlist-before_image"},"exclude_global_add_ons":[],"addons":[],"acf":[],"_links":{"self":[{"href":"https:\/\/shop.kustom.ch\/fr\/wp-json\/wp\/v2\/product\/696411"}],"collection":[{"href":"https:\/\/shop.kustom.ch\/fr\/wp-json\/wp\/v2\/product"}],"about":[{"href":"https:\/\/shop.kustom.ch\/fr\/wp-json\/wp\/v2\/types\/product"}],"wp:featuredmedia":[{"embeddable":true,"href":"https:\/\/shop.kustom.ch\/fr\/wp-json\/wp\/v2\/media\/696429"}],"wp:attachment":[{"href":"https:\/\/shop.kustom.ch\/fr\/wp-json\/wp\/v2\/media?parent=696411"}],"wp:term":[{"taxonomy":"product_brand","embeddable":true,"href":"https:\/\/shop.kustom.ch\/fr\/wp-json\/wp\/v2\/product_brand?post=696411"},{"taxonomy":"product_cat","embeddable":true,"href":"https:\/\/shop.kustom.ch\/fr\/wp-json\/wp\/v2\/product_cat?post=696411"},{"taxonomy":"product_tag","embeddable":true,"href":"https:\/\/shop.kustom.ch\/fr\/wp-json\/wp\/v2\/product_tag?post=696411"}],"curies":[{"name":"wp","href":"https:\/\/api.w.org\/{rel}","templated":true}]}}