{"id":696152,"date":"2026-03-16T16:19:35","date_gmt":"2026-03-16T15:19:35","guid":{"rendered":"https:\/\/shop.kustom.ch\/?post_type=product&#038;p=696152"},"modified":"2026-03-31T08:57:18","modified_gmt":"2026-03-31T07:57:18","slug":"kapuzenpullover-half-zip","status":"publish","type":"product","link":"https:\/\/shop.kustom.ch\/fr\/produit\/kapuzenpullover-half-zip\/","title":{"rendered":"Sweat \u00e0 capuche Half zip"},"content":{"rendered":"<p>Sweat \u00e0 capuche moderne en French Terry \u00e9lastique et demi-zip en biais. Fabriqu\u00e9 dans un mat\u00e9riau doux, frais et \u00e9lastique - parfait pour les d\u00e9placements. Sa coupe \u00e9troite lui conf\u00e8re un look \u00e9lanc\u00e9 et moderne, et les trous d'a\u00e9ration sous les bras aident \u00e0 r\u00e9guler la temp\u00e9rature. Deux poches zipp\u00e9es offrent un espace de rangement pratique. Un sweat \u00e0 capuche \u00e9lastique pour les d\u00e9placements.<\/p>\n<p>52% polyester, 42% coton, 6% \u00e9lasthanne, French Terry, r\u00e9gulation de l'humidit\u00e9, 280 g\/m<\/p>","protected":false},"excerpt":{"rendered":"<p>Moderner Kapuzenpullover aus elastischem French Terry und schr\u00e4gem Half-Zip. Gefertigt aus weichem, k\u00fchlem und elastischem Material &#8211; perfekt f\u00fcr unterwegs. Die schmale Passform sorgt f\u00fcr einen schlanken, modernen Look und die Bel\u00fcftungsl\u00f6cher unter den Armen helfen, die Temperatur zu regulieren. Zwei Reissverschlusstaschen bieten praktischen Stauraum. Ein elastischer Kapuzenpulli f\u00fcr unterwegs. 52% Polyester, 42% Baumwolle, 6% [&hellip;]<\/p>\n","protected":false},"featured_media":696153,"template":"","meta":[],"product_brand":[],"product_cat":[4184],"product_tag":[],"class_list":{"0":"post-696152","1":"product","2":"type-product","3":"status-publish","4":"has-post-thumbnail","6":"product_cat-hoodies-pullover","7":"pa_brand-blaklaeder","8":"pa_brand-type-workwear","9":"pa_filter-color-blau","10":"pa_filter-color-braun","11":"pa_filter-color-gruen","12":"pa_filter-color-orange","14":"first","15":"instock","16":"sale","17":"taxable","18":"shipping-taxable","19":"purchasable","20":"product-type-variable","21":"add-to-wishlist-before_image"},"exclude_global_add_ons":[],"addons":[],"acf":[],"_links":{"self":[{"href":"https:\/\/shop.kustom.ch\/fr\/wp-json\/wp\/v2\/product\/696152"}],"collection":[{"href":"https:\/\/shop.kustom.ch\/fr\/wp-json\/wp\/v2\/product"}],"about":[{"href":"https:\/\/shop.kustom.ch\/fr\/wp-json\/wp\/v2\/types\/product"}],"wp:featuredmedia":[{"embeddable":true,"href":"https:\/\/shop.kustom.ch\/fr\/wp-json\/wp\/v2\/media\/696153"}],"wp:attachment":[{"href":"https:\/\/shop.kustom.ch\/fr\/wp-json\/wp\/v2\/media?parent=696152"}],"wp:term":[{"taxonomy":"product_brand","embeddable":true,"href":"https:\/\/shop.kustom.ch\/fr\/wp-json\/wp\/v2\/product_brand?post=696152"},{"taxonomy":"product_cat","embeddable":true,"href":"https:\/\/shop.kustom.ch\/fr\/wp-json\/wp\/v2\/product_cat?post=696152"},{"taxonomy":"product_tag","embeddable":true,"href":"https:\/\/shop.kustom.ch\/fr\/wp-json\/wp\/v2\/product_tag?post=696152"}],"curies":[{"name":"wp","href":"https:\/\/api.w.org\/{rel}","templated":true}]}}