{"id":696070,"date":"2026-03-16T16:18:43","date_gmt":"2026-03-16T15:18:43","guid":{"rendered":"https:\/\/shop.kustom.ch\/?post_type=product&#038;p=696070"},"modified":"2026-03-31T08:56:14","modified_gmt":"2026-03-31T07:56:14","slug":"damen-sweatjacke","status":"publish","type":"product","link":"https:\/\/shop.kustom.ch\/fr\/produit\/damen-sweatjacke\/","title":{"rendered":"Veste de sweat pour femme"},"content":{"rendered":"<p>Un sweat-shirt \u00e9l\u00e9gant pour femmes avec une fermeture \u00e9clair \u00e0 double sens, qui convient aussi bien pour le travail que pour les v\u00eatements de loisirs. Le sweat-shirt a des d\u00e9tails r\u00e9fl\u00e9chissants discrets, un cordon de serrage \u00e0 l'ourlet et offre d'excellentes possibilit\u00e9s de personnalisation avec votre logo. \u00c9galement disponible en mod\u00e8le homme 3548.<\/p>\n<p>100% Polyester, molleton piqu\u00e9, bross\u00e9 d'un c\u00f4t\u00e9, 260 g\/m<\/p>","protected":false},"excerpt":{"rendered":"<p>Ein elegantes Damen Sweatshirt mit Zwei-Wege-Reissverschluss, das sich sowohl f\u00fcr die Arbeit als auch f\u00fcr Freizeitkleidung eignet. Das Sweatshirt hat dezente reflektierende Details, einen Kordelzug am Saum und bietet hervorragende M\u00f6glichkeiten zur Veredelung mit Ihrem Logo. Auch als Herrenmodell 3548 erh\u00e4ltlich. 100% Polyester, Pikee Fleece, einseitig aufgeb\u00fcrstet, 260 g\/m\u00b2<\/p>","protected":false},"featured_media":696071,"template":"","meta":[],"product_brand":[],"product_cat":[4186],"product_tag":[],"class_list":{"0":"post-696070","1":"product","2":"type-product","3":"status-publish","4":"has-post-thumbnail","6":"product_cat-jacken","7":"pa_brand-blaklaeder","8":"pa_brand-type-workwear","9":"pa_filter-color-gruen","10":"pa_filter-color-rot","11":"pa_filter-color-schwarz","13":"first","14":"instock","15":"sale","16":"taxable","17":"shipping-taxable","18":"purchasable","19":"product-type-variable","20":"add-to-wishlist-before_image"},"exclude_global_add_ons":[],"addons":[],"acf":[],"_links":{"self":[{"href":"https:\/\/shop.kustom.ch\/fr\/wp-json\/wp\/v2\/product\/696070"}],"collection":[{"href":"https:\/\/shop.kustom.ch\/fr\/wp-json\/wp\/v2\/product"}],"about":[{"href":"https:\/\/shop.kustom.ch\/fr\/wp-json\/wp\/v2\/types\/product"}],"wp:featuredmedia":[{"embeddable":true,"href":"https:\/\/shop.kustom.ch\/fr\/wp-json\/wp\/v2\/media\/696071"}],"wp:attachment":[{"href":"https:\/\/shop.kustom.ch\/fr\/wp-json\/wp\/v2\/media?parent=696070"}],"wp:term":[{"taxonomy":"product_brand","embeddable":true,"href":"https:\/\/shop.kustom.ch\/fr\/wp-json\/wp\/v2\/product_brand?post=696070"},{"taxonomy":"product_cat","embeddable":true,"href":"https:\/\/shop.kustom.ch\/fr\/wp-json\/wp\/v2\/product_cat?post=696070"},{"taxonomy":"product_tag","embeddable":true,"href":"https:\/\/shop.kustom.ch\/fr\/wp-json\/wp\/v2\/product_tag?post=696070"}],"curies":[{"name":"wp","href":"https:\/\/api.w.org\/{rel}","templated":true}]}}