{"id":695999,"date":"2026-03-16T16:17:47","date_gmt":"2026-03-16T15:17:47","guid":{"rendered":"https:\/\/shop.kustom.ch\/?post_type=product&#038;p=695999"},"modified":"2026-03-31T08:55:45","modified_gmt":"2026-03-31T07:55:45","slug":"sweatshirt-6","status":"publish","type":"product","link":"https:\/\/shop.kustom.ch\/fr\/produit\/sweatshirt-6\/","title":{"rendered":"Sweat-shirt"},"content":{"rendered":"<p>Un sweat-shirt classique \u00e0 col rond en coton doux et r\u00e9sistant, avec une coupe confortable et d\u00e9contract\u00e9e. Le col rond et les poignets en maille c\u00f4tel\u00e9e lui conf\u00e8rent un look intemporel qui convient aussi bien pour le travail que pour les loisirs. Le tissu en 100 % coton offre une sensation naturelle sur la peau et est confortable toute la journ\u00e9e.<\/p>\n<p>100% Coton, French Terry, 320 g\/m<\/p>","protected":false},"excerpt":{"rendered":"<p>Ein klassisches Sweatshirt mit Rundhalsausschnitt aus weicher, strapazierf\u00e4higer Baumwolle und einer bequemen, lockeren Passform. Der Rundhalsausschnitt und die Rippenstrickb\u00fcndchen verleihen einen zeitlosen Look, der sich sowohl f\u00fcr die Arbeit als auch f\u00fcr die Freizeit eignet. Der Stoff aus 100 % Baumwolle f\u00fchlt sich nat\u00fcrlich auf der Haut an und ist den ganzen Tag \u00fcber bequem. [&hellip;]<\/p>\n","protected":false},"featured_media":696000,"template":"","meta":[],"product_brand":[],"product_cat":[4184],"product_tag":[],"class_list":{"0":"post-695999","1":"product","2":"type-product","3":"status-publish","4":"has-post-thumbnail","6":"product_cat-hoodies-pullover","7":"pa_brand-blaklaeder","8":"pa_brand-type-workwear","9":"pa_filter-color-blau","10":"pa_filter-color-braun","11":"pa_filter-color-gelb","12":"pa_filter-color-gruen","14":"first","15":"instock","16":"sale","17":"taxable","18":"shipping-taxable","19":"purchasable","20":"product-type-variable","21":"add-to-wishlist-before_image"},"exclude_global_add_ons":[],"addons":[],"acf":[],"_links":{"self":[{"href":"https:\/\/shop.kustom.ch\/fr\/wp-json\/wp\/v2\/product\/695999"}],"collection":[{"href":"https:\/\/shop.kustom.ch\/fr\/wp-json\/wp\/v2\/product"}],"about":[{"href":"https:\/\/shop.kustom.ch\/fr\/wp-json\/wp\/v2\/types\/product"}],"wp:featuredmedia":[{"embeddable":true,"href":"https:\/\/shop.kustom.ch\/fr\/wp-json\/wp\/v2\/media\/696000"}],"wp:attachment":[{"href":"https:\/\/shop.kustom.ch\/fr\/wp-json\/wp\/v2\/media?parent=695999"}],"wp:term":[{"taxonomy":"product_brand","embeddable":true,"href":"https:\/\/shop.kustom.ch\/fr\/wp-json\/wp\/v2\/product_brand?post=695999"},{"taxonomy":"product_cat","embeddable":true,"href":"https:\/\/shop.kustom.ch\/fr\/wp-json\/wp\/v2\/product_cat?post=695999"},{"taxonomy":"product_tag","embeddable":true,"href":"https:\/\/shop.kustom.ch\/fr\/wp-json\/wp\/v2\/product_tag?post=695999"}],"curies":[{"name":"wp","href":"https:\/\/api.w.org\/{rel}","templated":true}]}}