{"id":695898,"date":"2026-03-16T16:16:24","date_gmt":"2026-03-16T15:16:24","guid":{"rendered":"https:\/\/shop.kustom.ch\/?post_type=product&#038;p=695898"},"modified":"2026-03-31T08:54:50","modified_gmt":"2026-03-31T07:54:50","slug":"tank-top","status":"publish","type":"product","link":"https:\/\/shop.kustom.ch\/fr\/produit\/tank-top\/","title":{"rendered":"D\u00e9bardeur"},"content":{"rendered":"<p>Un v\u00eatement de base, utile dans toutes les situations. Fabriqu\u00e9 en 100 % coton et avec une encolure comme un T-shirt. Disponible \u00e9galement en coupe femme 3512.<\/p>\n<p>100% Coton, jersey, 150 g\/m<\/p>","protected":false},"excerpt":{"rendered":"<p>Ein Basis-Kleidungsst\u00fcck, das in allen Situationen n\u00fctzlich ist. Hergestellt aus 100 % Baumwolle und mit einem Ausschnitt wie ein T-Shirt. Auch im Damenschnitt 3512 erh\u00e4ltlich. 100% Baumwolle, Jersey, 150 g\/m\u00b2<\/p>","protected":false},"featured_media":695899,"template":"","meta":[],"product_brand":[],"product_cat":[4201],"product_tag":[],"class_list":{"0":"post-695898","1":"product","2":"type-product","3":"status-publish","4":"has-post-thumbnail","6":"product_cat-t-shirts","7":"pa_brand-blaklaeder","8":"pa_brand-type-workwear","9":"pa_filter-color-blau","10":"pa_filter-color-grau","11":"pa_filter-color-schwarz","12":"pa_filter-color-weiss","14":"first","15":"instock","16":"sale","17":"taxable","18":"shipping-taxable","19":"purchasable","20":"product-type-variable","21":"add-to-wishlist-before_image"},"exclude_global_add_ons":[],"addons":[],"acf":[],"_links":{"self":[{"href":"https:\/\/shop.kustom.ch\/fr\/wp-json\/wp\/v2\/product\/695898"}],"collection":[{"href":"https:\/\/shop.kustom.ch\/fr\/wp-json\/wp\/v2\/product"}],"about":[{"href":"https:\/\/shop.kustom.ch\/fr\/wp-json\/wp\/v2\/types\/product"}],"wp:featuredmedia":[{"embeddable":true,"href":"https:\/\/shop.kustom.ch\/fr\/wp-json\/wp\/v2\/media\/695899"}],"wp:attachment":[{"href":"https:\/\/shop.kustom.ch\/fr\/wp-json\/wp\/v2\/media?parent=695898"}],"wp:term":[{"taxonomy":"product_brand","embeddable":true,"href":"https:\/\/shop.kustom.ch\/fr\/wp-json\/wp\/v2\/product_brand?post=695898"},{"taxonomy":"product_cat","embeddable":true,"href":"https:\/\/shop.kustom.ch\/fr\/wp-json\/wp\/v2\/product_cat?post=695898"},{"taxonomy":"product_tag","embeddable":true,"href":"https:\/\/shop.kustom.ch\/fr\/wp-json\/wp\/v2\/product_tag?post=695898"}],"curies":[{"name":"wp","href":"https:\/\/api.w.org\/{rel}","templated":true}]}}