{"id":695603,"date":"2026-03-16T16:12:13","date_gmt":"2026-03-16T15:12:13","guid":{"rendered":"https:\/\/shop.kustom.ch\/?post_type=product&#038;p=695603"},"modified":"2026-03-31T08:51:16","modified_gmt":"2026-03-31T07:51:16","slug":"t-shirt-7","status":"publish","type":"product","link":"https:\/\/shop.kustom.ch\/fr\/produit\/t-shirt-7\/","title":{"rendered":"T-shirt"},"content":{"rendered":"<p>Compl\u00e8te ta garde-robe avec ce t-shirt bicolore en 100 % coton. Coutures renforc\u00e9es au cou et aux \u00e9paules, ainsi qu'un empi\u00e8cement au-dessus des \u00e9paules.<\/p>\n<p>100% Coton, jersey, 180 g\/m<\/p>","protected":false},"excerpt":{"rendered":"<p>Vervollst\u00e4ndige deine Garderobe mit diesem zweifarbigen T-Shirt aus 100 % Baumwolle. Verst\u00e4rkte Nacken- und Schultern\u00e4hte sowie eine Passe \u00fcber den Schultern. 100% Baumwolle, Jersey, 180 g\/m\u00b2<\/p>","protected":false},"featured_media":695607,"template":"","meta":[],"product_brand":[],"product_cat":[4201],"product_tag":[],"class_list":{"0":"post-695603","1":"product","2":"type-product","3":"status-publish","4":"has-post-thumbnail","6":"product_cat-t-shirts","7":"pa_brand-blaklaeder","8":"pa_brand-type-workwear","9":"pa_filter-color-blau","10":"pa_filter-color-gelb","11":"pa_filter-color-grau","12":"pa_filter-color-rot","13":"pa_filter-color-schwarz","14":"pa_filter-color-weiss","16":"first","17":"instock","18":"sale","19":"taxable","20":"shipping-taxable","21":"purchasable","22":"product-type-variable","23":"add-to-wishlist-before_image"},"exclude_global_add_ons":[],"addons":[],"acf":[],"_links":{"self":[{"href":"https:\/\/shop.kustom.ch\/fr\/wp-json\/wp\/v2\/product\/695603"}],"collection":[{"href":"https:\/\/shop.kustom.ch\/fr\/wp-json\/wp\/v2\/product"}],"about":[{"href":"https:\/\/shop.kustom.ch\/fr\/wp-json\/wp\/v2\/types\/product"}],"wp:featuredmedia":[{"embeddable":true,"href":"https:\/\/shop.kustom.ch\/fr\/wp-json\/wp\/v2\/media\/695607"}],"wp:attachment":[{"href":"https:\/\/shop.kustom.ch\/fr\/wp-json\/wp\/v2\/media?parent=695603"}],"wp:term":[{"taxonomy":"product_brand","embeddable":true,"href":"https:\/\/shop.kustom.ch\/fr\/wp-json\/wp\/v2\/product_brand?post=695603"},{"taxonomy":"product_cat","embeddable":true,"href":"https:\/\/shop.kustom.ch\/fr\/wp-json\/wp\/v2\/product_cat?post=695603"},{"taxonomy":"product_tag","embeddable":true,"href":"https:\/\/shop.kustom.ch\/fr\/wp-json\/wp\/v2\/product_tag?post=695603"}],"curies":[{"name":"wp","href":"https:\/\/api.w.org\/{rel}","templated":true}]}}