{"id":695488,"date":"2026-03-16T16:09:58","date_gmt":"2026-03-16T15:09:58","guid":{"rendered":"https:\/\/shop.kustom.ch\/?post_type=product&#038;p=695488"},"modified":"2026-03-31T08:48:09","modified_gmt":"2026-03-31T07:48:09","slug":"multinorm-sweatshirt-inhaerent","status":"publish","type":"product","link":"https:\/\/shop.kustom.ch\/fr\/produit\/multinorm-sweatshirt-inhaerent\/","title":{"rendered":"Sweat-shirt multinorme inh\u00e9rent"},"content":{"rendered":"<p>Sweat-shirt \u00e0 col rond avec des propri\u00e9t\u00e9s ignifuges et antistatiques inh\u00e9rentes - un choix fiable pour les professions qui n\u00e9cessitent une protection contre la chaleur, les arcs \u00e9lectriques et l'\u00e9lectricit\u00e9 statique. Les bandes r\u00e9fl\u00e9chissantes segment\u00e9es assurent une visibilit\u00e9 optimale tout en pr\u00e9servant la flexibilit\u00e9 et la libert\u00e9 de mouvement du v\u00eatement. Les zones de couleur sombre dans les zones expos\u00e9es \u00e0 la salet\u00e9 donnent un aspect propre et professionnel au v\u00eatement. L'int\u00e9rieur bross\u00e9 assure un excellent confort. Le sweat-shirt est certifi\u00e9 selon plusieurs normes et r\u00e9pond aux exigences de visibilit\u00e9 de la classe 2 (tailles XS-S) et de la classe 3 (\u00e0 partir de la taille M). Certifi\u00e9 selon les normes EN 61482-2, APC 1 - protection contre les arcs \u00e9lectriques, EN 1149-5 - protection antistatique, EN ISO 20471 - haute visibilit\u00e9, EN ISO 11612 - protection contre la chaleur et les flammes. Zones bleues dans la qualit\u00e9 1762. \u00c9galement disponible en mod\u00e8le femme 3454.<\/p>\n<p>37% FR polyester, 37% modacrylique, 25% coton, 1% fibre antistatique, tissu sweat-shirt, ignifug\u00e9, antistatique, int\u00e9rieur bross\u00e9, 330 g\/m<\/p>","protected":false},"excerpt":{"rendered":"<p>Sweatshirt mit Rundhalsausschnitt und inh\u00e4renten flammhemmenden, antistatischen Eigenschaften &#8211; eine zuverl\u00e4ssige Wahl f\u00fcr Berufe, die Schutz vor Hitze, St\u00f6rlichtb\u00f6gen und statischer Elektrizit\u00e4t erfordern. Die segmentierten Reflexstreifen sorgen f\u00fcr optimale Sichtbarkeit, w\u00e4hrend die Flexibilit\u00e4t und Bewegungsfreiheit des Kleidungsst\u00fccks erhalten bleibt. Dunkle Farbfelder in Schmutz ausgesetzten Bereichen sorgen f\u00fcr ein sauberes und professionelles Erscheinungsbild der Kleidung. Die [&hellip;]<\/p>\n","protected":false},"featured_media":695489,"template":"","meta":[],"product_brand":[],"product_cat":[4184],"product_tag":[],"class_list":{"0":"post-695488","1":"product","2":"type-product","3":"status-publish","4":"has-post-thumbnail","6":"product_cat-hoodies-pullover","7":"pa_brand-blaklaeder","8":"pa_brand-type-workwear","9":"pa_filter-color-blau","10":"pa_filter-color-gelb","11":"pa_filter-color-orange","13":"first","14":"instock","15":"sale","16":"taxable","17":"shipping-taxable","18":"purchasable","19":"product-type-variable","20":"add-to-wishlist-before_image"},"exclude_global_add_ons":[],"addons":[],"acf":[],"_links":{"self":[{"href":"https:\/\/shop.kustom.ch\/fr\/wp-json\/wp\/v2\/product\/695488"}],"collection":[{"href":"https:\/\/shop.kustom.ch\/fr\/wp-json\/wp\/v2\/product"}],"about":[{"href":"https:\/\/shop.kustom.ch\/fr\/wp-json\/wp\/v2\/types\/product"}],"wp:featuredmedia":[{"embeddable":true,"href":"https:\/\/shop.kustom.ch\/fr\/wp-json\/wp\/v2\/media\/695489"}],"wp:attachment":[{"href":"https:\/\/shop.kustom.ch\/fr\/wp-json\/wp\/v2\/media?parent=695488"}],"wp:term":[{"taxonomy":"product_brand","embeddable":true,"href":"https:\/\/shop.kustom.ch\/fr\/wp-json\/wp\/v2\/product_brand?post=695488"},{"taxonomy":"product_cat","embeddable":true,"href":"https:\/\/shop.kustom.ch\/fr\/wp-json\/wp\/v2\/product_cat?post=695488"},{"taxonomy":"product_tag","embeddable":true,"href":"https:\/\/shop.kustom.ch\/fr\/wp-json\/wp\/v2\/product_tag?post=695488"}],"curies":[{"name":"wp","href":"https:\/\/api.w.org\/{rel}","templated":true}]}}