{"id":695467,"date":"2026-03-16T16:09:29","date_gmt":"2026-03-16T15:09:29","guid":{"rendered":"https:\/\/shop.kustom.ch\/?post_type=product&#038;p=695467"},"modified":"2026-03-31T08:47:50","modified_gmt":"2026-03-31T07:47:50","slug":"wollhandschuh-supreme-warm-wollfutter","status":"publish","type":"product","link":"https:\/\/shop.kustom.ch\/fr\/produit\/wollhandschuh-supreme-warm-wollfutter\/","title":{"rendered":"Gant en laine Supreme Warm Doublure en laine"},"content":{"rendered":"<p>Ein d\u00fcnner und flexibler Handschuh aus Wolle, ideal als Innenhandschuh. Die Wolle bietet eine hervorragende Isolierung und feuchtigkeitsregulierende Eigenschaften, die Ihre H\u00e4nde warm und trocken halten. Der Handschuh verf\u00fcgt \u00fcber eine Touchscreen-Funktion an Daumen und Zeigefinger und ist in den Gr\u00f6ssen Small, Medium und Large erh\u00e4ltlich. Wenn Sie den Handschuh als Innenhandschuh verwenden, sollten Sie die Gr\u00f6sse des Aussenhandschuhs erh\u00f6hen, um mehr Platz und Komfort zu erhalten. Dieser Handschuh ist nach dem Responsible Wool Standard zertifiziert, der das Wohlergehen von Schafen und Weidefl\u00e4chen in der gesamten Lieferkette gew\u00e4hrleistet. Der Handschuh ist Teil der Supreme Warm-Kollektion, die h\u00f6chste Qualit\u00e4t und Komfort garantiert.<\/p>\n<p>67% Wolle, 23% Polyamid, 9% Elastan, 1% Andere Fasern<\/p>","protected":false},"excerpt":{"rendered":"<p>Ein d\u00fcnner und flexibler Handschuh aus Wolle, ideal als Innenhandschuh. Die Wolle bietet eine hervorragende Isolierung und feuchtigkeitsregulierende Eigenschaften, die Ihre H\u00e4nde warm und trocken halten. Der Handschuh verf\u00fcgt \u00fcber eine Touchscreen-Funktion an Daumen und Zeigefinger und ist in den Gr\u00f6ssen Small, Medium und Large erh\u00e4ltlich. Wenn Sie den Handschuh als Innenhandschuh verwenden, sollten Sie [&hellip;]<\/p>\n","protected":false},"featured_media":695482,"template":"","meta":[],"product_brand":[],"product_cat":[4180],"product_tag":[],"class_list":{"0":"post-695467","1":"product","2":"type-product","3":"status-publish","4":"has-post-thumbnail","6":"product_cat-handschuhe","7":"pa_brand-blaklaeder","8":"pa_brand-type-workwear","9":"pa_filter-color-schwarz","11":"first","12":"instock","13":"sale","14":"taxable","15":"shipping-taxable","16":"purchasable","17":"product-type-variable","18":"add-to-wishlist-before_image"},"exclude_global_add_ons":[],"addons":[],"acf":[],"_links":{"self":[{"href":"https:\/\/shop.kustom.ch\/fr\/wp-json\/wp\/v2\/product\/695467"}],"collection":[{"href":"https:\/\/shop.kustom.ch\/fr\/wp-json\/wp\/v2\/product"}],"about":[{"href":"https:\/\/shop.kustom.ch\/fr\/wp-json\/wp\/v2\/types\/product"}],"wp:featuredmedia":[{"embeddable":true,"href":"https:\/\/shop.kustom.ch\/fr\/wp-json\/wp\/v2\/media\/695482"}],"wp:attachment":[{"href":"https:\/\/shop.kustom.ch\/fr\/wp-json\/wp\/v2\/media?parent=695467"}],"wp:term":[{"taxonomy":"product_brand","embeddable":true,"href":"https:\/\/shop.kustom.ch\/fr\/wp-json\/wp\/v2\/product_brand?post=695467"},{"taxonomy":"product_cat","embeddable":true,"href":"https:\/\/shop.kustom.ch\/fr\/wp-json\/wp\/v2\/product_cat?post=695467"},{"taxonomy":"product_tag","embeddable":true,"href":"https:\/\/shop.kustom.ch\/fr\/wp-json\/wp\/v2\/product_tag?post=695467"}],"curies":[{"name":"wp","href":"https:\/\/api.w.org\/{rel}","templated":true}]}}