{"id":695441,"date":"2026-03-16T16:08:54","date_gmt":"2026-03-16T15:08:54","guid":{"rendered":"https:\/\/shop.kustom.ch\/?post_type=product&#038;p=695441"},"modified":"2026-03-31T08:47:41","modified_gmt":"2026-03-31T07:47:41","slug":"schnittschutz-handschuh-d-touch-nitril-getaucht","status":"publish","type":"product","link":"https:\/\/shop.kustom.ch\/fr\/produit\/schnittschutz-handschuh-d-touch-nitril-getaucht\/","title":{"rendered":"Gant de protection anti-coupure D Touch nitrile tremp\u00e9"},"content":{"rendered":"<p>Gant de protection contre les coupures fin et flexible, niveau D, avec fonction tactile. Avec son rev\u00eatement en nitrile sur la paume et son ext\u00e9rieur a\u00e9r\u00e9, il offre une protection polyvalente pour les environnements o\u00f9 il existe un risque de coupure. Dispose d'un renforcement du pouce et ne contient pas de m\u00e9tal ou de fibre de verre. Certifi\u00e9 pour la chaleur de contact niveau 1.<\/p>\n<p>Micro-mousse de nitrile, 18 Gauge, niveau de protection contre les coupures D, Touch<\/p>","protected":false},"excerpt":{"rendered":"<p>D\u00fcnner und flexibler Schnittschutz Handschuh, Level D, mit Touch-Funktion. Mit seiner Nitrilbeschichtung in der Handfl\u00e4che und seiner luftigen Aussenseite bietet er einen Allround-Schutz f\u00fcr Umgebungen, in denen Schnittverletzungsgefahr besteht. Verf\u00fcgt \u00fcber eine Daumenverst\u00e4rkung und ohne Metall- oder Glasfaseranteile. Zertifiziert f\u00fcr Kontaktw\u00e4rme Level 1. Nitril-Mikroschaum, 18 Gauge, Schnittschutzlevel D, Touch<\/p>","protected":false},"featured_media":695458,"template":"","meta":[],"product_brand":[],"product_cat":[4180],"product_tag":[],"class_list":{"0":"post-695441","1":"product","2":"type-product","3":"status-publish","4":"has-post-thumbnail","6":"product_cat-handschuhe","7":"pa_brand-blaklaeder","8":"pa_brand-type-workwear","9":"pa_filter-color-schwarz","11":"first","12":"instock","13":"sale","14":"taxable","15":"shipping-taxable","16":"purchasable","17":"product-type-variable","18":"add-to-wishlist-before_image"},"exclude_global_add_ons":[],"addons":[],"acf":[],"_links":{"self":[{"href":"https:\/\/shop.kustom.ch\/fr\/wp-json\/wp\/v2\/product\/695441"}],"collection":[{"href":"https:\/\/shop.kustom.ch\/fr\/wp-json\/wp\/v2\/product"}],"about":[{"href":"https:\/\/shop.kustom.ch\/fr\/wp-json\/wp\/v2\/types\/product"}],"wp:featuredmedia":[{"embeddable":true,"href":"https:\/\/shop.kustom.ch\/fr\/wp-json\/wp\/v2\/media\/695458"}],"wp:attachment":[{"href":"https:\/\/shop.kustom.ch\/fr\/wp-json\/wp\/v2\/media?parent=695441"}],"wp:term":[{"taxonomy":"product_brand","embeddable":true,"href":"https:\/\/shop.kustom.ch\/fr\/wp-json\/wp\/v2\/product_brand?post=695441"},{"taxonomy":"product_cat","embeddable":true,"href":"https:\/\/shop.kustom.ch\/fr\/wp-json\/wp\/v2\/product_cat?post=695441"},{"taxonomy":"product_tag","embeddable":true,"href":"https:\/\/shop.kustom.ch\/fr\/wp-json\/wp\/v2\/product_tag?post=695441"}],"curies":[{"name":"wp","href":"https:\/\/api.w.org\/{rel}","templated":true}]}}