{"id":695439,"date":"2026-03-16T16:08:54","date_gmt":"2026-03-16T15:08:54","guid":{"rendered":"https:\/\/shop.kustom.ch\/?post_type=product&#038;p=695439"},"modified":"2026-03-31T08:47:40","modified_gmt":"2026-03-31T07:47:40","slug":"schnittschutz-handschuh-c-gefuettert-nitril-getaucht","status":"publish","type":"product","link":"https:\/\/shop.kustom.ch\/fr\/produit\/schnittschutz-handschuh-c-gefuettert-nitril-getaucht\/","title":{"rendered":"Gant de protection anti-coupure C, doubl\u00e9, tremp\u00e9 en nitrile"},"content":{"rendered":"<p>Gant de protection anti-coupure doubl\u00e9, niveau C, avec enduction nitrile sur la paume et dessus a\u00e9r\u00e9. Le gant a une excellente respirabilit\u00e9 et convient parfaitement comme gant polyvalent dans les environnements froids o\u00f9 il existe un risque de coupure. Certifi\u00e9 pour la chaleur de contact niveau 2.<\/p>\n<p>Nitrile sable, 10 Gauge, niveau de protection contre les coupures C<\/p>","protected":false},"excerpt":{"rendered":"<p>Gef\u00fctterter Schnittschutz Handschuh, Level C, mit Nitrilbeschichtung auf der Handfl\u00e4che und luftiger Oberseite. Der Handschuh hat eine ausgezeichnete Atmungsaktivit\u00e4t und eignet sich perfekt als Allround-Handschuh in kalten Umgebungen, in denen die Gefahr von Schnittverletzungen besteht. Zertifiziert f\u00fcr Kontaktw\u00e4rme Level 2. Nitril sandig, 10 Gauge, Schnittschutzlevel C<\/p>","protected":false},"featured_media":695444,"template":"","meta":[],"product_brand":[],"product_cat":[4180],"product_tag":[],"class_list":{"0":"post-695439","1":"product","2":"type-product","3":"status-publish","4":"has-post-thumbnail","6":"product_cat-handschuhe","7":"pa_brand-blaklaeder","8":"pa_brand-type-workwear","9":"pa_filter-color-schwarz","11":"first","12":"instock","13":"sale","14":"taxable","15":"shipping-taxable","16":"purchasable","17":"product-type-variable","18":"add-to-wishlist-before_image"},"exclude_global_add_ons":[],"addons":[],"acf":[],"_links":{"self":[{"href":"https:\/\/shop.kustom.ch\/fr\/wp-json\/wp\/v2\/product\/695439"}],"collection":[{"href":"https:\/\/shop.kustom.ch\/fr\/wp-json\/wp\/v2\/product"}],"about":[{"href":"https:\/\/shop.kustom.ch\/fr\/wp-json\/wp\/v2\/types\/product"}],"wp:featuredmedia":[{"embeddable":true,"href":"https:\/\/shop.kustom.ch\/fr\/wp-json\/wp\/v2\/media\/695444"}],"wp:attachment":[{"href":"https:\/\/shop.kustom.ch\/fr\/wp-json\/wp\/v2\/media?parent=695439"}],"wp:term":[{"taxonomy":"product_brand","embeddable":true,"href":"https:\/\/shop.kustom.ch\/fr\/wp-json\/wp\/v2\/product_brand?post=695439"},{"taxonomy":"product_cat","embeddable":true,"href":"https:\/\/shop.kustom.ch\/fr\/wp-json\/wp\/v2\/product_cat?post=695439"},{"taxonomy":"product_tag","embeddable":true,"href":"https:\/\/shop.kustom.ch\/fr\/wp-json\/wp\/v2\/product_tag?post=695439"}],"curies":[{"name":"wp","href":"https:\/\/api.w.org\/{rel}","templated":true}]}}