{"id":695422,"date":"2026-03-16T16:08:30","date_gmt":"2026-03-16T15:08:30","guid":{"rendered":"https:\/\/shop.kustom.ch\/?post_type=product&#038;p=695422"},"modified":"2026-03-31T08:47:04","modified_gmt":"2026-03-31T07:47:04","slug":"winterhandschuh-leicht-gefuettert","status":"publish","type":"product","link":"https:\/\/shop.kustom.ch\/fr\/produit\/winterhandschuh-leicht-gefuettert\/","title":{"rendered":"Gants d'hiver l\u00e9g\u00e8rement doubl\u00e9s"},"content":{"rendered":"<p>Ein leicht gef\u00fctterter Allround-Handschuh mit Touchscreen-Funktion, der d\u00fcnn und flexibel ist. Die Nitrilbeschichtung sorgt f\u00fcr guten Grip und Strapazierf\u00e4higkeit, und das nahtlose Innenfutter besteht aus Acryl\/Polyamid\/Elastan. Dieses Modell ist eine gute Wahl f\u00fcr verschiedene Arbeitsbereiche, in denen Fingerfertigkeit und ein gewisser K\u00e4lteschutz erforderlich sind.<\/p>\n<p>Nitril, Mikroschaum, 13 Gauge, Touch<\/p>","protected":false},"excerpt":{"rendered":"<p>Ein leicht gef\u00fctterter Allround-Handschuh mit Touchscreen-Funktion, der d\u00fcnn und flexibel ist. Die Nitrilbeschichtung sorgt f\u00fcr guten Grip und Strapazierf\u00e4higkeit, und das nahtlose Innenfutter besteht aus Acryl\/Polyamid\/Elastan. Dieses Modell ist eine gute Wahl f\u00fcr verschiedene Arbeitsbereiche, in denen Fingerfertigkeit und ein gewisser K\u00e4lteschutz erforderlich sind. Nitril, Mikroschaum, 13 Gauge, Touch<\/p>","protected":false},"featured_media":695431,"template":"","meta":[],"product_brand":[],"product_cat":[4180],"product_tag":[],"class_list":{"0":"post-695422","1":"product","2":"type-product","3":"status-publish","4":"has-post-thumbnail","6":"product_cat-handschuhe","7":"pa_brand-blaklaeder","8":"pa_brand-type-workwear","9":"pa_filter-color-grau","11":"first","12":"instock","13":"sale","14":"taxable","15":"shipping-taxable","16":"purchasable","17":"product-type-variable","18":"add-to-wishlist-before_image"},"exclude_global_add_ons":[],"addons":[],"acf":[],"_links":{"self":[{"href":"https:\/\/shop.kustom.ch\/fr\/wp-json\/wp\/v2\/product\/695422"}],"collection":[{"href":"https:\/\/shop.kustom.ch\/fr\/wp-json\/wp\/v2\/product"}],"about":[{"href":"https:\/\/shop.kustom.ch\/fr\/wp-json\/wp\/v2\/types\/product"}],"wp:featuredmedia":[{"embeddable":true,"href":"https:\/\/shop.kustom.ch\/fr\/wp-json\/wp\/v2\/media\/695431"}],"wp:attachment":[{"href":"https:\/\/shop.kustom.ch\/fr\/wp-json\/wp\/v2\/media?parent=695422"}],"wp:term":[{"taxonomy":"product_brand","embeddable":true,"href":"https:\/\/shop.kustom.ch\/fr\/wp-json\/wp\/v2\/product_brand?post=695422"},{"taxonomy":"product_cat","embeddable":true,"href":"https:\/\/shop.kustom.ch\/fr\/wp-json\/wp\/v2\/product_cat?post=695422"},{"taxonomy":"product_tag","embeddable":true,"href":"https:\/\/shop.kustom.ch\/fr\/wp-json\/wp\/v2\/product_tag?post=695422"}],"curies":[{"name":"wp","href":"https:\/\/api.w.org\/{rel}","templated":true}]}}