{"id":695421,"date":"2026-03-16T16:08:30","date_gmt":"2026-03-16T15:08:30","guid":{"rendered":"https:\/\/shop.kustom.ch\/?post_type=product&#038;p=695421"},"modified":"2026-03-31T08:47:03","modified_gmt":"2026-03-31T07:47:03","slug":"winterhandschuh-supreme-warm-leicht-gefuettert","status":"publish","type":"product","link":"https:\/\/shop.kustom.ch\/fr\/produit\/winterhandschuh-supreme-warm-leicht-gefuettert\/","title":{"rendered":"Gants d'hiver Supreme Warm l\u00e9g\u00e8rement doubl\u00e9s"},"content":{"rendered":"<p>Un gant fin et flexible qui offre \u00e9galement une protection contre le froid. La fine doublure en laine offre un excellent confort et un effet chauffant. La paume est enduite de nitrile pour une bonne adh\u00e9rence et une bonne durabilit\u00e9. Un gant polyvalent parfait dans les environnements l\u00e9g\u00e8rement froids o\u00f9 un haut niveau de dext\u00e9rit\u00e9 est n\u00e9cessaire. Le gant est certifi\u00e9 Responsible Wool Standard, qui vise \u00e0 garantir le soin et le bien-\u00eatre des moutons et des p\u00e2turages tout au long de la cha\u00eene d'approvisionnement. Ce gant fait partie de la collection Supreme Warm, offrant l'assurance de la plus haute qualit\u00e9 et du plus grand confort.<\/p>\n<p>Nitrile, micro-mousse, 15 Gauge, Touch<\/p>","protected":false},"excerpt":{"rendered":"<p>Ein d\u00fcnner, flexibler Handschuh, der auch Schutz vor K\u00e4lte bietet. Das d\u00fcnne Wollfutter bietet hervorragenden Komfort und eine w\u00e4rmende Wirkung. Die Handfl\u00e4che hat eine Nitrilbeschichtung f\u00fcr guten Grip und Haltbarkeit. Ein perfekter Allround-Handschuh in leicht kalten Umgebungen, in denen ein hohes Mass an Fingerfertigkeit erforderlich ist. Der Handschuh ist nach dem Responsible Wool Standard zertifiziert, [&hellip;]<\/p>\n","protected":false},"featured_media":695423,"template":"","meta":[],"product_brand":[],"product_cat":[4180],"product_tag":[],"class_list":{"0":"post-695421","1":"product","2":"type-product","3":"status-publish","4":"has-post-thumbnail","6":"product_cat-handschuhe","7":"pa_brand-blaklaeder","8":"pa_brand-type-workwear","9":"pa_filter-color-schwarz","11":"first","12":"instock","13":"sale","14":"taxable","15":"shipping-taxable","16":"purchasable","17":"product-type-variable","18":"add-to-wishlist-before_image"},"exclude_global_add_ons":[],"addons":[],"acf":[],"_links":{"self":[{"href":"https:\/\/shop.kustom.ch\/fr\/wp-json\/wp\/v2\/product\/695421"}],"collection":[{"href":"https:\/\/shop.kustom.ch\/fr\/wp-json\/wp\/v2\/product"}],"about":[{"href":"https:\/\/shop.kustom.ch\/fr\/wp-json\/wp\/v2\/types\/product"}],"wp:featuredmedia":[{"embeddable":true,"href":"https:\/\/shop.kustom.ch\/fr\/wp-json\/wp\/v2\/media\/695423"}],"wp:attachment":[{"href":"https:\/\/shop.kustom.ch\/fr\/wp-json\/wp\/v2\/media?parent=695421"}],"wp:term":[{"taxonomy":"product_brand","embeddable":true,"href":"https:\/\/shop.kustom.ch\/fr\/wp-json\/wp\/v2\/product_brand?post=695421"},{"taxonomy":"product_cat","embeddable":true,"href":"https:\/\/shop.kustom.ch\/fr\/wp-json\/wp\/v2\/product_cat?post=695421"},{"taxonomy":"product_tag","embeddable":true,"href":"https:\/\/shop.kustom.ch\/fr\/wp-json\/wp\/v2\/product_tag?post=695421"}],"curies":[{"name":"wp","href":"https:\/\/api.w.org\/{rel}","templated":true}]}}