{"id":695391,"date":"2026-03-16T16:07:49","date_gmt":"2026-03-16T15:07:49","guid":{"rendered":"https:\/\/shop.kustom.ch\/?post_type=product&#038;p=695391"},"modified":"2026-03-31T08:46:31","modified_gmt":"2026-03-31T07:46:31","slug":"winterhandschuh-supreme-strong-3","status":"publish","type":"product","link":"https:\/\/shop.kustom.ch\/fr\/produit\/winterhandschuh-supreme-strong-3\/","title":{"rendered":"Gants d'hiver Supreme Strong"},"content":{"rendered":"<p>Un gant d'hiver lourd et imperm\u00e9able, doubl\u00e9 de 100 g de Thinsulate\u2122 et d'une polaire douce - id\u00e9al pour travailler dans des environnements froids et humides. Il dispose d'une manchette courte et d'un design pr\u00e9form\u00e9 avec une paume rembourr\u00e9e pour un grand confort. La fonction \u00e9cran tactile \u00e0 l'arri\u00e8re de l'index permet d'utiliser des \u00e9crans sans avoir \u00e0 retirer le gant. Con\u00e7u pour les environnements de travail difficiles et froids o\u00f9 la dext\u00e9rit\u00e9 est importante, comme dans le b\u00e2timent. Pour plus de chaleur, il est recommand\u00e9 de le combiner avec un gant en laine (mod\u00e8le 2999). En cas d'utilisation d'un gant int\u00e9rieur, la taille du gant ext\u00e9rieur doit \u00eatre augment\u00e9e. Les mod\u00e8les Supreme Strong sont fabriqu\u00e9s en cuir synth\u00e9tique de haute qualit\u00e9, qui offre une excellente dext\u00e9rit\u00e9 et une grande r\u00e9sistance \u00e0 l'usure. Imperm\u00e9able et enti\u00e8rement doubl\u00e9 100 g Thinsulate\u2122 Manchette courte pour un enfilage et un retrait faciles Ajustement parfait Fonction \u00e9cran tactile \u00e0 l'arri\u00e8re de l'index Cuir synth\u00e9tique de haute qualit\u00e9 Convient aux environnements froids et humides Tailles 6-12<\/p>\n<p>PU, polyester<\/p>","protected":false},"excerpt":{"rendered":"<p>Ein schwerer, wasserdichter Winterhandschuh, gef\u00fcttert mit 100 g Thinsulate\u2122 und weichem Fleece &#8211; ideal f\u00fcr Arbeiten in kalten und nassen Umgebungen. Er verf\u00fcgt \u00fcber eine kurze Stulpe und ein vorgeformtes Design mit einer gepolsterten Handfl\u00e4che f\u00fcr hohen Komfort. Die Touchscreen-Funktion auf der R\u00fcckseite des Zeigefingers erm\u00f6glicht die Bedienung von Bildschirmen, ohne den Handschuh ausziehen zu [&hellip;]<\/p>\n","protected":false},"featured_media":695413,"template":"","meta":[],"product_brand":[],"product_cat":[4180],"product_tag":[],"class_list":{"0":"post-695391","1":"product","2":"type-product","3":"status-publish","4":"has-post-thumbnail","6":"product_cat-handschuhe","7":"pa_brand-blaklaeder","8":"pa_brand-type-workwear","9":"pa_filter-color-grau","10":"pa_filter-color-schwarz","12":"first","13":"instock","14":"sale","15":"taxable","16":"shipping-taxable","17":"purchasable","18":"product-type-variable","19":"add-to-wishlist-before_image"},"exclude_global_add_ons":[],"addons":[],"acf":[],"_links":{"self":[{"href":"https:\/\/shop.kustom.ch\/fr\/wp-json\/wp\/v2\/product\/695391"}],"collection":[{"href":"https:\/\/shop.kustom.ch\/fr\/wp-json\/wp\/v2\/product"}],"about":[{"href":"https:\/\/shop.kustom.ch\/fr\/wp-json\/wp\/v2\/types\/product"}],"wp:featuredmedia":[{"embeddable":true,"href":"https:\/\/shop.kustom.ch\/fr\/wp-json\/wp\/v2\/media\/695413"}],"wp:attachment":[{"href":"https:\/\/shop.kustom.ch\/fr\/wp-json\/wp\/v2\/media?parent=695391"}],"wp:term":[{"taxonomy":"product_brand","embeddable":true,"href":"https:\/\/shop.kustom.ch\/fr\/wp-json\/wp\/v2\/product_brand?post=695391"},{"taxonomy":"product_cat","embeddable":true,"href":"https:\/\/shop.kustom.ch\/fr\/wp-json\/wp\/v2\/product_cat?post=695391"},{"taxonomy":"product_tag","embeddable":true,"href":"https:\/\/shop.kustom.ch\/fr\/wp-json\/wp\/v2\/product_tag?post=695391"}],"curies":[{"name":"wp","href":"https:\/\/api.w.org\/{rel}","templated":true}]}}