{"id":695390,"date":"2026-03-16T16:07:49","date_gmt":"2026-03-16T15:07:49","guid":{"rendered":"https:\/\/shop.kustom.ch\/?post_type=product&#038;p=695390"},"modified":"2026-03-31T08:46:29","modified_gmt":"2026-03-31T07:46:29","slug":"winterhandschuh-supreme-strong-2","status":"publish","type":"product","link":"https:\/\/shop.kustom.ch\/fr\/produit\/winterhandschuh-supreme-strong-2\/","title":{"rendered":"Gants d'hiver Supreme Strong"},"content":{"rendered":"<p>Le mod\u00e8le 2881 est un gant d'hiver r\u00e9sistant et imperm\u00e9able, doubl\u00e9 de 40 g de Thinsulate\u2122 et de polaire douce, qui offre un haut niveau de dext\u00e9rit\u00e9. Il dispose d'une manchette courte et d'un design pr\u00e9form\u00e9 avec une paume rembourr\u00e9e pour un grand confort. La fonction \u00e9cran tactile au dos de l'index permet d'utiliser des \u00e9crans sans avoir \u00e0 retirer le gant. Le dos de la main jaune augmente la visibilit\u00e9. Con\u00e7u pour les environnements de travail difficiles et froids o\u00f9 la dext\u00e9rit\u00e9 est importante, par exemple dans le b\u00e2timent. Ce mod\u00e8le peut \u00eatre combin\u00e9 avec un gant en laine (2999) pour plus de chaleur. En cas d'utilisation d'un gant int\u00e9rieur, la taille du gant ext\u00e9rieur doit \u00eatre augment\u00e9e. Les mod\u00e8les Supreme Strong sont fabriqu\u00e9s en cuir synth\u00e9tique de haute qualit\u00e9, qui offre une excellente dext\u00e9rit\u00e9 et une grande r\u00e9sistance \u00e0 l'usure. Imperm\u00e9able et enti\u00e8rement doubl\u00e9 Manchette courte pour un enfilage et un retrait faciles Ajustement parfait Fonction \u00e9cran tactile \u00e0 l'arri\u00e8re de l'index Cuir synth\u00e9tique de haute qualit\u00e9 Convient aux environnements froids et humides Tailles 6-13<\/p>\n<p>PU, polyester<\/p>","protected":false},"excerpt":{"rendered":"<p>Das Modell 2881 ist ein strapazierf\u00e4higer, wasserdichter Winterhandschuh, gef\u00fcttert mit 40 g Thinsulate\u2122 und weichem Fleece, der ein hohes Mass an Fingerfertigkeit bietet. Er verf\u00fcgt \u00fcber eine kurze Stulpe und ein vorgeformtes Design mit einer gepolsterten Handfl\u00e4che f\u00fcr hohen Komfort. Die Touchscreen-Funktion auf der R\u00fcckseite des Zeigefingers erm\u00f6glicht die Bedienung von Bildschirmen, ohne den Handschuh [&hellip;]<\/p>\n","protected":false},"featured_media":695404,"template":"","meta":[],"product_brand":[],"product_cat":[4180],"product_tag":[],"class_list":{"0":"post-695390","1":"product","2":"type-product","3":"status-publish","4":"has-post-thumbnail","6":"product_cat-handschuhe","7":"pa_brand-blaklaeder","8":"pa_brand-type-workwear","9":"pa_filter-color-gelb","11":"first","12":"instock","13":"sale","14":"taxable","15":"shipping-taxable","16":"purchasable","17":"product-type-variable","18":"add-to-wishlist-before_image"},"exclude_global_add_ons":[],"addons":[],"acf":[],"_links":{"self":[{"href":"https:\/\/shop.kustom.ch\/fr\/wp-json\/wp\/v2\/product\/695390"}],"collection":[{"href":"https:\/\/shop.kustom.ch\/fr\/wp-json\/wp\/v2\/product"}],"about":[{"href":"https:\/\/shop.kustom.ch\/fr\/wp-json\/wp\/v2\/types\/product"}],"wp:featuredmedia":[{"embeddable":true,"href":"https:\/\/shop.kustom.ch\/fr\/wp-json\/wp\/v2\/media\/695404"}],"wp:attachment":[{"href":"https:\/\/shop.kustom.ch\/fr\/wp-json\/wp\/v2\/media?parent=695390"}],"wp:term":[{"taxonomy":"product_brand","embeddable":true,"href":"https:\/\/shop.kustom.ch\/fr\/wp-json\/wp\/v2\/product_brand?post=695390"},{"taxonomy":"product_cat","embeddable":true,"href":"https:\/\/shop.kustom.ch\/fr\/wp-json\/wp\/v2\/product_cat?post=695390"},{"taxonomy":"product_tag","embeddable":true,"href":"https:\/\/shop.kustom.ch\/fr\/wp-json\/wp\/v2\/product_tag?post=695390"}],"curies":[{"name":"wp","href":"https:\/\/api.w.org\/{rel}","templated":true}]}}