{"id":695364,"date":"2026-03-16T16:07:16","date_gmt":"2026-03-16T15:07:16","guid":{"rendered":"https:\/\/shop.kustom.ch\/?post_type=product&#038;p=695364"},"modified":"2026-03-31T08:45:51","modified_gmt":"2026-03-31T07:45:51","slug":"beheizbarer-handschuh-supreme-warm","status":"publish","type":"product","link":"https:\/\/shop.kustom.ch\/fr\/produit\/beheizbarer-handschuh-supreme-warm\/","title":{"rendered":"Gant chauffant Supreme Warm"},"content":{"rendered":"<p>Gant isol\u00e9 et imperm\u00e9able avec inserts Clim8\u00ae int\u00e9gr\u00e9s - id\u00e9al pour tous ceux qui ont rapidement froid aux mains. La chaleur peut \u00eatre ajust\u00e9e sur 3 niveaux diff\u00e9rents \u00e0 l'aide d'un bouton situ\u00e9 \u00e0 l'ext\u00e9rieur, la batterie se trouvant \u00e0 l'int\u00e9rieur de la manchette. Les inserts chauffants sur le dos de la main s'allument et s'\u00e9teignent automatiquement lorsque le gant est port\u00e9 ou retir\u00e9. Le gant est dot\u00e9 d'une longue manchette avec fermeture velcro au poignet et d'une jupe pare-neige sur le dessous pour un ajustement individuel. Une dragonne permet d'attacher le gant si tu dois travailler sans lui pendant une courte p\u00e9riode. Le gant est adapt\u00e9 aux environnements extr\u00eamement froids o\u00f9 l'activit\u00e9 physique est faible. Autonomie de la batterie : 2,5 \u00e0 5 heures, selon le r\u00e9glage de la chaleur et d'autres conditions. Batterie (3000 mAh) et chargeur USB-C inclus. Le 2816 fait partie de la collection Supreme Warm, qui garantit la meilleure qualit\u00e9 et le meilleur confort. Gant chauffant avec inserts int\u00e9gr\u00e9s Enti\u00e8rement doubl\u00e9 et \u00e9tanche Paume renforc\u00e9e Fermeture velcro au poignet Jupe pare-neige et dragonne au poignet Tailles 7-12<\/p>\n<p>Cuir de ch\u00e8vre pleine fleur, polyamide<\/p>","protected":false},"excerpt":{"rendered":"<p>Isolierter und wasserdichter Handschuh mit integrierten Clim8\u00ae Eins\u00e4tzen &#8211; ideal f\u00fcr alle, die schnell kalte H\u00e4nde bekommen. Die W\u00e4rme ist mit einem Knopf an der Aussenseite in 3 verschiedenen Stufen anpassbar, die Batterie befindet sich im Inneren der Manschette. Die Heizeins\u00e4tze auf dem Handr\u00fccken schalten sich automatisch ein und aus, wenn der Handschuh getragen oder [&hellip;]<\/p>\n","protected":false},"featured_media":695372,"template":"","meta":[],"product_brand":[],"product_cat":[4180],"product_tag":[],"class_list":{"0":"post-695364","1":"product","2":"type-product","3":"status-publish","4":"has-post-thumbnail","6":"product_cat-handschuhe","7":"pa_brand-blaklaeder","8":"pa_brand-type-workwear","9":"pa_filter-color-schwarz","10":"pa_filter-color-weiss","12":"first","13":"instock","14":"sale","15":"taxable","16":"shipping-taxable","17":"purchasable","18":"product-type-variable","19":"add-to-wishlist-before_image"},"exclude_global_add_ons":[],"addons":[],"acf":[],"_links":{"self":[{"href":"https:\/\/shop.kustom.ch\/fr\/wp-json\/wp\/v2\/product\/695364"}],"collection":[{"href":"https:\/\/shop.kustom.ch\/fr\/wp-json\/wp\/v2\/product"}],"about":[{"href":"https:\/\/shop.kustom.ch\/fr\/wp-json\/wp\/v2\/types\/product"}],"wp:featuredmedia":[{"embeddable":true,"href":"https:\/\/shop.kustom.ch\/fr\/wp-json\/wp\/v2\/media\/695372"}],"wp:attachment":[{"href":"https:\/\/shop.kustom.ch\/fr\/wp-json\/wp\/v2\/media?parent=695364"}],"wp:term":[{"taxonomy":"product_brand","embeddable":true,"href":"https:\/\/shop.kustom.ch\/fr\/wp-json\/wp\/v2\/product_brand?post=695364"},{"taxonomy":"product_cat","embeddable":true,"href":"https:\/\/shop.kustom.ch\/fr\/wp-json\/wp\/v2\/product_cat?post=695364"},{"taxonomy":"product_tag","embeddable":true,"href":"https:\/\/shop.kustom.ch\/fr\/wp-json\/wp\/v2\/product_tag?post=695364"}],"curies":[{"name":"wp","href":"https:\/\/api.w.org\/{rel}","templated":true}]}}