{"id":695246,"date":"2026-03-16T16:06:21","date_gmt":"2026-03-16T15:06:21","guid":{"rendered":"https:\/\/shop.kustom.ch\/?post_type=product&#038;p=695246"},"modified":"2026-03-31T08:44:33","modified_gmt":"2026-03-31T07:44:33","slug":"latzhose-inhaerent-apc-2","status":"publish","type":"product","link":"https:\/\/shop.kustom.ch\/fr\/produit\/latzhose-inhaerent-apc-2\/","title":{"rendered":"Salopette Inh\u00e4rent APC 2"},"content":{"rendered":"<p>Salopette en mat\u00e9riau souple, flexible et r\u00e9sistant avec une fine doublure sur le devant. Dans les zones doubl\u00e9es, le pantalon est homologu\u00e9 pour la classe de protection sup\u00e9rieure contre les arcs \u00e9lectriques APC 2. Comprend une poche sur la jambe avec soufflet et rabat, une poche int\u00e9rieure pour carte d'identit\u00e9 et une poche pour t\u00e9l\u00e9phone portable sur le c\u00f4t\u00e9 gauche. Deux poches arri\u00e8re \u00e0 rabat, \u00e9quip\u00e9es de boutons-pression. Ce mod\u00e8le sans m\u00e9tal utilise des boutons-pression et des fermetures \u00e0 glissi\u00e8re en plastique. Certifi\u00e9 selon les normes EN 1149-5, EN ISO 11611, EN ISO 11612, EN 61482-2 APC 1 (APC 2 dans les zones doubl\u00e9es), et EN 13034.<\/p>\n<p>44% Modacrylique, 30% Coton, 20% FR Polyamide, 5% Aramide, 1% antistatique, Ripstop, ignifug\u00e9, antistatique, 260 g\/m<\/p>","protected":false},"excerpt":{"rendered":"<p>Latzhose aus weichem, flexiblem und strapazierf\u00e4higem Material mit einem d\u00fcnnen Futter auf der Vorderseite. In den gef\u00fctterten Bereichen ist die Hose f\u00fcr die h\u00f6here Lichtbogenschutzklasse-APC 2 zugelassen. Beinhaltet eine Beintasche mit Balg und Patte, ein innenliegendes Ausweisfach und eine Handytasche auf der linken Seite. Zwei Ges\u00e4sstaschen mit Patten, die mit Druckkn\u00f6pfen ausgestattet sind. Bei diesem [&hellip;]<\/p>\n","protected":false},"featured_media":695247,"template":"","meta":[],"product_brand":[],"product_cat":[10448],"product_tag":[],"class_list":{"0":"post-695246","1":"product","2":"type-product","3":"status-publish","4":"has-post-thumbnail","6":"product_cat-latzhose","7":"pa_brand-blaklaeder","8":"pa_brand-type-workwear","9":"pa_filter-color-blau","11":"first","12":"instock","13":"sale","14":"taxable","15":"shipping-taxable","16":"purchasable","17":"product-type-variable","18":"add-to-wishlist-before_image"},"exclude_global_add_ons":[],"addons":[],"acf":[],"_links":{"self":[{"href":"https:\/\/shop.kustom.ch\/fr\/wp-json\/wp\/v2\/product\/695246"}],"collection":[{"href":"https:\/\/shop.kustom.ch\/fr\/wp-json\/wp\/v2\/product"}],"about":[{"href":"https:\/\/shop.kustom.ch\/fr\/wp-json\/wp\/v2\/types\/product"}],"wp:featuredmedia":[{"embeddable":true,"href":"https:\/\/shop.kustom.ch\/fr\/wp-json\/wp\/v2\/media\/695247"}],"wp:attachment":[{"href":"https:\/\/shop.kustom.ch\/fr\/wp-json\/wp\/v2\/media?parent=695246"}],"wp:term":[{"taxonomy":"product_brand","embeddable":true,"href":"https:\/\/shop.kustom.ch\/fr\/wp-json\/wp\/v2\/product_brand?post=695246"},{"taxonomy":"product_cat","embeddable":true,"href":"https:\/\/shop.kustom.ch\/fr\/wp-json\/wp\/v2\/product_cat?post=695246"},{"taxonomy":"product_tag","embeddable":true,"href":"https:\/\/shop.kustom.ch\/fr\/wp-json\/wp\/v2\/product_tag?post=695246"}],"curies":[{"name":"wp","href":"https:\/\/api.w.org\/{rel}","templated":true}]}}