{"id":695230,"date":"2026-03-16T16:05:11","date_gmt":"2026-03-16T15:05:11","guid":{"rendered":"https:\/\/shop.kustom.ch\/?post_type=product&#038;p=695230"},"modified":"2026-03-31T08:44:05","modified_gmt":"2026-03-31T07:44:05","slug":"blaklaeder-toolrig-schieber-2er-pack","status":"publish","type":"product","link":"https:\/\/shop.kustom.ch\/fr\/produit\/blaklaeder-toolrig-schieber-2er-pack\/","title":{"rendered":"Bl\u00e5kl\u00e4der ToolRig\u2122 Poussoir, pack de 2"},"content":{"rendered":"<p>Pour un \u00e9quipement aussi mobile que toi. Cette glissi\u00e8re avec support se fixe \u00e0 la ceinture ToolRig\u2122, qui fait 360\u00b0 autour de la taille sur nos pantalons et ceintures porte-outils. Fais glisser les sacs et les accessoires en un clin d'\u0153il l\u00e0 o\u00f9 ils sont n\u00e9cessaires : devant, sur le c\u00f4t\u00e9 ou derri\u00e8re. Parfait pour passer d'une t\u00e2che \u00e0 l'autre sans devoir enlever l'\u00e9quipement. Vendu en pack de 2, \u00e9galement disponible en version verrouillable (art. 2536) si tu souhaites fixer la position du sac.<\/p>","protected":false},"excerpt":{"rendered":"<p>F\u00fcr eine Ausr\u00fcstung, die so mobil ist wie du selbst. Dieser Schieber mit Halter wird am ToolRig\u2122 G\u00fcrtel befestigt, der an unseren Hosen und Werkzeugg\u00fcrteln 360\u00b0 um die Taille verl\u00e4uft. Schiebe Taschen und Zubeh\u00f6r im Handumdrehen dorthin, wo sie gebraucht werden: vorne, an der Seite oder hinten. Perfekt, um zwischen Aufgaben zu wechseln, ohne die [&hellip;]<\/p>\n","protected":false},"featured_media":695238,"template":"","meta":[],"product_brand":[],"product_cat":[4209],"product_tag":[],"class_list":{"0":"post-695230","1":"product","2":"type-product","3":"status-publish","4":"has-post-thumbnail","6":"product_cat-zubehoer","7":"pa_brand-blaklaeder","8":"pa_brand-type-workwear","9":"pa_filter-color-schwarz","11":"first","12":"instock","13":"sale","14":"taxable","15":"shipping-taxable","16":"purchasable","17":"product-type-variable","18":"add-to-wishlist-before_image"},"exclude_global_add_ons":[],"addons":[],"acf":[],"_links":{"self":[{"href":"https:\/\/shop.kustom.ch\/fr\/wp-json\/wp\/v2\/product\/695230"}],"collection":[{"href":"https:\/\/shop.kustom.ch\/fr\/wp-json\/wp\/v2\/product"}],"about":[{"href":"https:\/\/shop.kustom.ch\/fr\/wp-json\/wp\/v2\/types\/product"}],"wp:featuredmedia":[{"embeddable":true,"href":"https:\/\/shop.kustom.ch\/fr\/wp-json\/wp\/v2\/media\/695238"}],"wp:attachment":[{"href":"https:\/\/shop.kustom.ch\/fr\/wp-json\/wp\/v2\/media?parent=695230"}],"wp:term":[{"taxonomy":"product_brand","embeddable":true,"href":"https:\/\/shop.kustom.ch\/fr\/wp-json\/wp\/v2\/product_brand?post=695230"},{"taxonomy":"product_cat","embeddable":true,"href":"https:\/\/shop.kustom.ch\/fr\/wp-json\/wp\/v2\/product_cat?post=695230"},{"taxonomy":"product_tag","embeddable":true,"href":"https:\/\/shop.kustom.ch\/fr\/wp-json\/wp\/v2\/product_tag?post=695230"}],"curies":[{"name":"wp","href":"https:\/\/api.w.org\/{rel}","templated":true}]}}