{"id":695207,"date":"2026-03-16T16:03:41","date_gmt":"2026-03-16T15:03:41","guid":{"rendered":"https:\/\/shop.kustom.ch\/produkt\/blaklaeder-toolrig-hosentraeger-2\/"},"modified":"2026-03-31T08:43:56","modified_gmt":"2026-03-31T07:43:56","slug":"blaklaeder-toolrig-hosentraeger-2","status":"publish","type":"product","link":"https:\/\/shop.kustom.ch\/fr\/produit\/blaklaeder-toolrig-hosentraeger-2\/","title":{"rendered":"Bretelles ToolRig\u2122 Bl\u00e5kl\u00e4der"},"content":{"rendered":"<p>Se fixe sur un pantalon de travail ToolRig\u2122 ou sur la ceinture porte-outils ToolRig\u2122. Assure un soulagement lors du port d'outils lourds et maintient le pantalon en place en toute s\u00e9curit\u00e9. Les sangles larges et solides r\u00e9partissent le poids de mani\u00e8re uniforme et les crochets m\u00e9talliques verrouillables assurent une fixation s\u00fbre \u00e0 la ceinture et au pantalon. Les \u00e9paules l\u00e9g\u00e8rement rembourr\u00e9es assurent le confort et permettent d'ajuster la longueur en quelques secondes. Une solution intelligente pour se faciliter le port de l'\u00e9quipement sans utiliser imm\u00e9diatement un harnais.<\/p>","protected":false},"excerpt":{"rendered":"<p>Zur Befestigung an einer ToolRig\u2122 Arbeitshose oder dem ToolRig\u2122 Werkzeugg\u00fcrtel. Sorgt f\u00fcr Entlastung beim Tragen schwerer Werkzeuge und h\u00e4lt die Hose sicher in Position. Die breiten, starken Riemen verteilen das Gewicht gleichm\u00e4ssig und die verschliessbaren Metallhaken sorgen f\u00fcr eine sichere Befestigung an G\u00fcrtel und Hose. Die leicht gepolsterten Schulterpartien sorgen f\u00fcr Komfort und erm\u00f6glichen eine [&hellip;]<\/p>\n","protected":false},"featured_media":695206,"template":"","meta":[],"product_brand":[],"product_cat":[4209],"product_tag":[],"class_list":{"0":"post-695207","1":"product","2":"type-product","3":"status-publish","4":"has-post-thumbnail","6":"product_cat-zubehoer","7":"pa_brand-blaklaeder","8":"pa_brand-type-workwear","9":"pa_filter-color-schwarz","11":"first","12":"instock","13":"sale","14":"taxable","15":"shipping-taxable","16":"purchasable","17":"product-type-variable","18":"add-to-wishlist-before_image"},"exclude_global_add_ons":[],"addons":[],"acf":[],"_links":{"self":[{"href":"https:\/\/shop.kustom.ch\/fr\/wp-json\/wp\/v2\/product\/695207"}],"collection":[{"href":"https:\/\/shop.kustom.ch\/fr\/wp-json\/wp\/v2\/product"}],"about":[{"href":"https:\/\/shop.kustom.ch\/fr\/wp-json\/wp\/v2\/types\/product"}],"wp:featuredmedia":[{"embeddable":true,"href":"https:\/\/shop.kustom.ch\/fr\/wp-json\/wp\/v2\/media\/695206"}],"wp:attachment":[{"href":"https:\/\/shop.kustom.ch\/fr\/wp-json\/wp\/v2\/media?parent=695207"}],"wp:term":[{"taxonomy":"product_brand","embeddable":true,"href":"https:\/\/shop.kustom.ch\/fr\/wp-json\/wp\/v2\/product_brand?post=695207"},{"taxonomy":"product_cat","embeddable":true,"href":"https:\/\/shop.kustom.ch\/fr\/wp-json\/wp\/v2\/product_cat?post=695207"},{"taxonomy":"product_tag","embeddable":true,"href":"https:\/\/shop.kustom.ch\/fr\/wp-json\/wp\/v2\/product_tag?post=695207"}],"curies":[{"name":"wp","href":"https:\/\/api.w.org\/{rel}","templated":true}]}}