{"id":695182,"date":"2026-03-16T16:03:10","date_gmt":"2026-03-16T15:03:10","guid":{"rendered":"https:\/\/shop.kustom.ch\/?post_type=product&#038;p=695182"},"modified":"2026-03-31T08:43:03","modified_gmt":"2026-03-31T07:43:03","slug":"striker-sicherheitsschuh-s1ps","status":"publish","type":"product","link":"https:\/\/shop.kustom.ch\/fr\/produit\/striker-sicherheitsschuh-s1ps\/","title":{"rendered":"STRIKER Chaussure de s\u00e9curit\u00e9 S1PS"},"content":{"rendered":"<p>Une sneaker de qualit\u00e9, cool et a\u00e9r\u00e9e. Elle dispose d'une tige en textile exclusif avec des inserts respirants et un renfort suppl\u00e9mentaire au-dessus de l'embout de protection. Le syst\u00e8me de la\u00e7age Freelock permet d'enfiler et d'enlever facilement les chaussures. La languette en n\u00e9opr\u00e8ne assure un confort suppl\u00e9mentaire. La chaussure est \u00e9quip\u00e9e d'un embout de protection NANO, \u00e0 la fois plus l\u00e9ger et plus r\u00e9sistant que d'autres mat\u00e9riaux non m\u00e9talliques. La protection souple et flexible contre la p\u00e9n\u00e9tration des clous r\u00e9pond aux normes s\u00e9v\u00e8res avec des clous plus fins de 3 mm. La construction innovante de la semelle \u00e0 3 couches assure un amortissement unique des chocs. La semelle ext\u00e9rieure est en caoutchouc nitrile antid\u00e9rapant, tandis que la semelle interm\u00e9diaire est compos\u00e9e de deux couches de PU de densit\u00e9 diff\u00e9rente pour une fonction et un confort optimaux. La semelle int\u00e9rieure anatomique est compos\u00e9e d'un mat\u00e9riau ETPU souple et d'une tige en textile avec une excellente absorption de l'humidit\u00e9 pour un confort optimal. Cette chaussure convient parfaitement aux travaux dans les domaines de la construction, du transport, de l'entretien, de la r\u00e9paration et de l'exploitation. Forme pour femmes dans les pointures 35-39 - La construction innovante de la semelle \u00e0 triple densit\u00e9 garantit un amortissement unique des chocs - Semelle ext\u00e9rieure antid\u00e9rapante en caoutchouc nitrile - Tige exclusive en textile avec inserts respirants - Languette en n\u00e9opr\u00e8ne pour un confort suppl\u00e9mentaire - Syst\u00e8me de la\u00e7age Freelock sur le c\u00f4t\u00e9 - Semelle int\u00e9rieure anatomique en ETPU souple - Embout NANO - plus l\u00e9ger et plus solide que les autres mat\u00e9riaux non m\u00e9talliques - Syst\u00e8me de protection des clous PS<\/p>","protected":false},"excerpt":{"rendered":"<p>Ein cooler und luftiger Qualit\u00e4tssneaker. Er verf\u00fcgt \u00fcber ein exklusives Textilobermaterial mit atmungsaktiven Eins\u00e4tzen und einer zus\u00e4tzlichen Verst\u00e4rkung \u00fcber der Zehenschutzkappe. Das Freelock-Schn\u00fcrsystem erm\u00f6glicht einen einfachen Ein- und Ausstieg aus den Schuhen. Die Zunge aus Neopren sorgt f\u00fcr zus\u00e4tzlichen Komfort. Der Schuh ist mit einer NANO-Zehenschutzkappe ausgestattet, die sowohl leichter als auch st\u00e4rker ist als [&hellip;]<\/p>\n","protected":false},"featured_media":695183,"template":"","meta":[],"product_brand":[],"product_cat":[4197],"product_tag":[],"class_list":{"0":"post-695182","1":"product","2":"type-product","3":"status-publish","4":"has-post-thumbnail","6":"product_cat-schuhe-sandalen","7":"pa_brand-blaklaeder","8":"pa_brand-type-workwear","9":"pa_filter-color-grau","10":"pa_filter-color-schwarz","12":"first","13":"instock","14":"sale","15":"taxable","16":"shipping-taxable","17":"purchasable","18":"product-type-variable","19":"add-to-wishlist-before_image"},"exclude_global_add_ons":[],"addons":[],"acf":[],"_links":{"self":[{"href":"https:\/\/shop.kustom.ch\/fr\/wp-json\/wp\/v2\/product\/695182"}],"collection":[{"href":"https:\/\/shop.kustom.ch\/fr\/wp-json\/wp\/v2\/product"}],"about":[{"href":"https:\/\/shop.kustom.ch\/fr\/wp-json\/wp\/v2\/types\/product"}],"wp:featuredmedia":[{"embeddable":true,"href":"https:\/\/shop.kustom.ch\/fr\/wp-json\/wp\/v2\/media\/695183"}],"wp:attachment":[{"href":"https:\/\/shop.kustom.ch\/fr\/wp-json\/wp\/v2\/media?parent=695182"}],"wp:term":[{"taxonomy":"product_brand","embeddable":true,"href":"https:\/\/shop.kustom.ch\/fr\/wp-json\/wp\/v2\/product_brand?post=695182"},{"taxonomy":"product_cat","embeddable":true,"href":"https:\/\/shop.kustom.ch\/fr\/wp-json\/wp\/v2\/product_cat?post=695182"},{"taxonomy":"product_tag","embeddable":true,"href":"https:\/\/shop.kustom.ch\/fr\/wp-json\/wp\/v2\/product_tag?post=695182"}],"curies":[{"name":"wp","href":"https:\/\/api.w.org\/{rel}","templated":true}]}}