{"id":695146,"date":"2026-03-16T16:02:26","date_gmt":"2026-03-16T15:02:26","guid":{"rendered":"https:\/\/shop.kustom.ch\/?post_type=product&#038;p=695146"},"modified":"2026-03-31T08:41:32","modified_gmt":"2026-03-31T07:41:32","slug":"pilot-herren-arbeitsschuh-o1","status":"publish","type":"product","link":"https:\/\/shop.kustom.ch\/fr\/produit\/pilot-herren-arbeitsschuh-o1\/","title":{"rendered":"PILOT Chaussures de travail pour hommes O1"},"content":{"rendered":"<p>Une sneaker l\u00e9g\u00e8re et flexible offrant un confort ultime. La tige respirante compos\u00e9e de d\u00e9tails en daim et en nubuck de qualit\u00e9 sup\u00e9rieure conf\u00e8re \u00e0 la sneaker un look moderne qui convient aussi bien \u00e0 la vie quotidienne qu'au travail. La forme offre un soutien anatomique pour un chaussant optimal et un grand confort tout au long de la journ\u00e9e. La semelle intercalaire en PU assure un amortissement optimal des chocs, tandis que la semelle ext\u00e9rieure fine et antid\u00e9rapante en caoutchouc nitrile offre une excellente durabilit\u00e9 sur diff\u00e9rentes surfaces. Une semelle int\u00e9rieure souple en PU et en cuir de qualit\u00e9 sup\u00e9rieure assure une excellente gestion de l'humidit\u00e9 et donc un climat frais et agr\u00e9able pour le pied tout au long de la journ\u00e9e. Disponible dans les pointures 39-48. Tige en mesh respirant et daim exclusif Forme anatomique pour un ajustement optimal et un confort toute la journ\u00e9e Semelle interm\u00e9diaire l\u00e9g\u00e8re en PU pour un meilleur amorti Semelle int\u00e9rieure de luxe en PU et cuir pour une excellente gestion de l'humidit\u00e9 Semelle ext\u00e9rieure fine et antid\u00e9rapante en caoutchouc nitrile pour une bonne adh\u00e9rence<\/p>","protected":false},"excerpt":{"rendered":"<p>Ein leichter und flexibler Sneaker mit ultimativem Komfort. Das atmungsaktive Obermaterial aus hochwertigen Wildleder- und Nubuk-Details verleiht dem Sneaker einen modernen Look, der sowohl f\u00fcr den Alltag als auch f\u00fcr den Beruf geeignet ist. Der Leisten bietet anatomische Unterst\u00fctzung f\u00fcr eine optimale Passform und hohen Tragekomfort den ganzen Tag \u00fcber. Die PU-Zwischensohle sorgt f\u00fcr eine [&hellip;]<\/p>\n","protected":false},"featured_media":695148,"template":"","meta":[],"product_brand":[],"product_cat":[4197],"product_tag":[],"class_list":{"0":"post-695146","1":"product","2":"type-product","3":"status-publish","4":"has-post-thumbnail","6":"product_cat-schuhe-sandalen","7":"pa_brand-blaklaeder","8":"pa_brand-type-workwear","9":"pa_filter-color-schwarz","11":"first","12":"instock","13":"sale","14":"taxable","15":"shipping-taxable","16":"purchasable","17":"product-type-variable","18":"add-to-wishlist-before_image"},"exclude_global_add_ons":[],"addons":[],"acf":[],"_links":{"self":[{"href":"https:\/\/shop.kustom.ch\/fr\/wp-json\/wp\/v2\/product\/695146"}],"collection":[{"href":"https:\/\/shop.kustom.ch\/fr\/wp-json\/wp\/v2\/product"}],"about":[{"href":"https:\/\/shop.kustom.ch\/fr\/wp-json\/wp\/v2\/types\/product"}],"wp:featuredmedia":[{"embeddable":true,"href":"https:\/\/shop.kustom.ch\/fr\/wp-json\/wp\/v2\/media\/695148"}],"wp:attachment":[{"href":"https:\/\/shop.kustom.ch\/fr\/wp-json\/wp\/v2\/media?parent=695146"}],"wp:term":[{"taxonomy":"product_brand","embeddable":true,"href":"https:\/\/shop.kustom.ch\/fr\/wp-json\/wp\/v2\/product_brand?post=695146"},{"taxonomy":"product_cat","embeddable":true,"href":"https:\/\/shop.kustom.ch\/fr\/wp-json\/wp\/v2\/product_cat?post=695146"},{"taxonomy":"product_tag","embeddable":true,"href":"https:\/\/shop.kustom.ch\/fr\/wp-json\/wp\/v2\/product_tag?post=695146"}],"curies":[{"name":"wp","href":"https:\/\/api.w.org\/{rel}","templated":true}]}}