{"id":695068,"date":"2026-03-16T16:01:07","date_gmt":"2026-03-16T15:01:07","guid":{"rendered":"https:\/\/shop.kustom.ch\/?post_type=product&#038;p=695068"},"modified":"2026-03-31T08:41:12","modified_gmt":"2026-03-31T07:41:12","slug":"titan-sicherheitsschuh-s3l","status":"publish","type":"product","link":"https:\/\/shop.kustom.ch\/fr\/produit\/titan-sicherheitsschuh-s3l\/","title":{"rendered":"Chaussures de s\u00e9curit\u00e9 TITAN S3L"},"content":{"rendered":"<p>Une chaussure de s\u00e9curit\u00e9 confortable et robuste avec une tige en microfibre imperm\u00e9able et r\u00e9sistante. La chaussure prot\u00e8ge le pied gr\u00e2ce \u00e0 un embout de protection composite et \u00e0 une semelle interm\u00e9diaire \u00e9lastique antiperforation en textile conforme \u00e0 la norme PL. La chaussure se compose d'une semelle ext\u00e9rieure antid\u00e9rapante en PU et la semelle interm\u00e9diaire en PU assure un amortissement optimal des chocs. La semelle int\u00e9rieure offre un soutien anatomique et se compose d'un mat\u00e9riau PU souple, recouvert de textile et pr\u00e9sentant une bonne absorption de l'humidit\u00e9. Id\u00e9al pour les travaux dans le b\u00e2timent et le transport, l'entretien, la r\u00e9paration et l'exploitation. Forme pour femmes dans les pointures 35-39. Tige en microfibre imperm\u00e9able et r\u00e9sistante Embout de protection non m\u00e9tallique en composite Semelle interm\u00e9diaire \u00e9lastique antiperforation en textile conforme \u00e0 la norme PL Soutien anatomique de la semelle int\u00e9rieure en PU souple et amortissant avec une surface textile absorbant l'humidit\u00e9 Semelle ext\u00e9rieure en PU antid\u00e9rapante<\/p>","protected":false},"excerpt":{"rendered":"<p>Ein bequemer und robuster Sicherheitsschuh mit einem Obermaterial aus wasserabweisender und strapazierf\u00e4higer Mikrofaser. Der Schuh sch\u00fctzt den Fuss durch eine Komposit-Zehenschutzkappe und eine elastische, durchtrittsichere Zwischensohle aus Textil nach PL-Norm. Der Schuh besteht aus einer rutschhemmenden Laufsohle aus PU und die Zwischensohle aus PU sorgt f\u00fcr eine optimale Stossd\u00e4mpfung. Die Innensohle bietet eine anatomische Unterst\u00fctzung [&hellip;]<\/p>\n","protected":false},"featured_media":695099,"template":"","meta":[],"product_brand":[],"product_cat":[4197],"product_tag":[],"class_list":{"0":"post-695068","1":"product","2":"type-product","3":"status-publish","4":"has-post-thumbnail","6":"product_cat-schuhe-sandalen","7":"pa_brand-blaklaeder","8":"pa_brand-type-workwear","9":"pa_filter-color-schwarz","11":"first","12":"instock","13":"sale","14":"taxable","15":"shipping-taxable","16":"purchasable","17":"product-type-variable","18":"add-to-wishlist-before_image"},"exclude_global_add_ons":[],"addons":[],"acf":[],"_links":{"self":[{"href":"https:\/\/shop.kustom.ch\/fr\/wp-json\/wp\/v2\/product\/695068"}],"collection":[{"href":"https:\/\/shop.kustom.ch\/fr\/wp-json\/wp\/v2\/product"}],"about":[{"href":"https:\/\/shop.kustom.ch\/fr\/wp-json\/wp\/v2\/types\/product"}],"wp:featuredmedia":[{"embeddable":true,"href":"https:\/\/shop.kustom.ch\/fr\/wp-json\/wp\/v2\/media\/695099"}],"wp:attachment":[{"href":"https:\/\/shop.kustom.ch\/fr\/wp-json\/wp\/v2\/media?parent=695068"}],"wp:term":[{"taxonomy":"product_brand","embeddable":true,"href":"https:\/\/shop.kustom.ch\/fr\/wp-json\/wp\/v2\/product_brand?post=695068"},{"taxonomy":"product_cat","embeddable":true,"href":"https:\/\/shop.kustom.ch\/fr\/wp-json\/wp\/v2\/product_cat?post=695068"},{"taxonomy":"product_tag","embeddable":true,"href":"https:\/\/shop.kustom.ch\/fr\/wp-json\/wp\/v2\/product_tag?post=695068"}],"curies":[{"name":"wp","href":"https:\/\/api.w.org\/{rel}","templated":true}]}}