{"id":695067,"date":"2026-03-16T16:01:07","date_gmt":"2026-03-16T15:01:07","guid":{"rendered":"https:\/\/shop.kustom.ch\/?post_type=product&#038;p=695067"},"modified":"2026-03-31T08:41:05","modified_gmt":"2026-03-31T07:41:05","slug":"mover-sicherheitsschuh-s3l","status":"publish","type":"product","link":"https:\/\/shop.kustom.ch\/fr\/produit\/mover-sicherheitsschuh-s3l\/","title":{"rendered":"Chaussure de s\u00e9curit\u00e9 MOVER S3L"},"content":{"rendered":"<p>Ein leichter und bequemer Sicherheitsschuh mit einem Obermaterial aus wasserabweisender und strapazierf\u00e4higer Mikrofaser. Der metallfreie Schuh sch\u00fctzt den Fuss durch eine Zehenschutzkappe aus Komposit und eine elastische, durchtrittsichere Zwischensohle aus Textil nach PL-Norm. Der Schuh besteht aus einer rutschhemmenden Laufsohle aus PU, die Zwischensohle aus PU sorgt f\u00fcr eine optimale Stossd\u00e4mpfung. Die Innensohle bietet eine anatomische Unterst\u00fctzung und besteht aus weichem PU-Material, das mit Textil \u00fcberzogen ist und eine gute Feuchtigkeitsaufnahme aufweist. Ideal geeignet f\u00fcr die Bereiche Lager, Service, Logistik und Industrie. Damenleisten in den Gr\u00f6ssen 35-39. Obermaterial aus wasserabweisender und strapazierf\u00e4higer Mikrofaser Metallfreie Zehenschutzkappe aus Komposit Elastische, durchtrittsichere Zwischensohle aus Textil nach PL-Norm Anatomische Unterst\u00fctzung der Innensohle aus weichem, stossd\u00e4mpfendem PU mit einer feuchtigkeitsabsorbierenden Textiloberfl\u00e4che Rutschhemmende PU-Laufsohle<\/p>","protected":false},"excerpt":{"rendered":"<p>Ein leichter und bequemer Sicherheitsschuh mit einem Obermaterial aus wasserabweisender und strapazierf\u00e4higer Mikrofaser. Der metallfreie Schuh sch\u00fctzt den Fuss durch eine Zehenschutzkappe aus Komposit und eine elastische, durchtrittsichere Zwischensohle aus Textil nach PL-Norm. Der Schuh besteht aus einer rutschhemmenden Laufsohle aus PU, die Zwischensohle aus PU sorgt f\u00fcr eine optimale Stossd\u00e4mpfung. Die Innensohle bietet eine [&hellip;]<\/p>\n","protected":false},"featured_media":695084,"template":"","meta":[],"product_brand":[],"product_cat":[4197],"product_tag":[],"class_list":{"0":"post-695067","1":"product","2":"type-product","3":"status-publish","4":"has-post-thumbnail","6":"product_cat-schuhe-sandalen","7":"pa_brand-blaklaeder","8":"pa_brand-type-workwear","9":"pa_filter-color-schwarz","11":"first","12":"instock","13":"sale","14":"taxable","15":"shipping-taxable","16":"purchasable","17":"product-type-variable","18":"add-to-wishlist-before_image"},"exclude_global_add_ons":[],"addons":[],"acf":[],"_links":{"self":[{"href":"https:\/\/shop.kustom.ch\/fr\/wp-json\/wp\/v2\/product\/695067"}],"collection":[{"href":"https:\/\/shop.kustom.ch\/fr\/wp-json\/wp\/v2\/product"}],"about":[{"href":"https:\/\/shop.kustom.ch\/fr\/wp-json\/wp\/v2\/types\/product"}],"wp:featuredmedia":[{"embeddable":true,"href":"https:\/\/shop.kustom.ch\/fr\/wp-json\/wp\/v2\/media\/695084"}],"wp:attachment":[{"href":"https:\/\/shop.kustom.ch\/fr\/wp-json\/wp\/v2\/media?parent=695067"}],"wp:term":[{"taxonomy":"product_brand","embeddable":true,"href":"https:\/\/shop.kustom.ch\/fr\/wp-json\/wp\/v2\/product_brand?post=695067"},{"taxonomy":"product_cat","embeddable":true,"href":"https:\/\/shop.kustom.ch\/fr\/wp-json\/wp\/v2\/product_cat?post=695067"},{"taxonomy":"product_tag","embeddable":true,"href":"https:\/\/shop.kustom.ch\/fr\/wp-json\/wp\/v2\/product_tag?post=695067"}],"curies":[{"name":"wp","href":"https:\/\/api.w.org\/{rel}","templated":true}]}}