{"id":695066,"date":"2026-03-16T16:01:07","date_gmt":"2026-03-16T15:01:07","guid":{"rendered":"https:\/\/shop.kustom.ch\/?post_type=product&#038;p=695066"},"modified":"2026-03-31T08:41:05","modified_gmt":"2026-03-31T07:41:05","slug":"mover-sicherheitsschuh-s1pl","status":"publish","type":"product","link":"https:\/\/shop.kustom.ch\/fr\/produit\/mover-sicherheitsschuh-s1pl\/","title":{"rendered":"Chaussures de s\u00e9curit\u00e9 MOVER S1PL"},"content":{"rendered":"<p>Une chaussure de s\u00e9curit\u00e9 l\u00e9g\u00e8re, a\u00e9r\u00e9e et confortable. La tige respirante en textile maintient tes pieds au frais et assure leur confort. La chaussure non m\u00e9tallique prot\u00e8ge le pied gr\u00e2ce \u00e0 un embout de protection en composite et une semelle interm\u00e9diaire \u00e9lastique antiperforation en textile selon la norme PL. La chaussure se compose d'une semelle ext\u00e9rieure antid\u00e9rapante en PU et la semelle interm\u00e9diaire en PU assure un amortissement optimal des chocs. La semelle int\u00e9rieure offre un soutien anatomique et se compose d'un mat\u00e9riau PU souple, recouvert de textile et pr\u00e9sentant une bonne absorption de l'humidit\u00e9. Id\u00e9al pour les secteurs de l'entreposage, du service, de la logistique et de l'industrie. Forme pour femmes dans les pointures 35-39. Tige en mesh respirant Embout de protection non m\u00e9tallique en composite Semelle interm\u00e9diaire \u00e9lastique antiperforation en textile selon la norme PL Soutien anatomique de la semelle int\u00e9rieure en PU souple et amortissant avec une surface textile absorbant l'humidit\u00e9 Semelle ext\u00e9rieure en PU antid\u00e9rapante<\/p>","protected":false},"excerpt":{"rendered":"<p>Ein leichter, luftiger und bequemer Sicherheitsschuh. Das atmungsaktive Obermaterial aus Textil h\u00e4lt deine F\u00fcsse k\u00fchl und sorgt f\u00fcr Tragekomfort. Der metallfreie Schuh sch\u00fctzt den Fuss durch eine Zehenschutzkappe aus Komposit und eine elastische, durchtrittsichere Zwischensohle aus Textil nach PL-Norm. Der Schuh besteht aus einer rutschhemmenden Laufsohle aus PU und die Zwischensohle aus PU sorgt f\u00fcr [&hellip;]<\/p>\n","protected":false},"featured_media":695069,"template":"","meta":[],"product_brand":[],"product_cat":[4197],"product_tag":[],"class_list":{"0":"post-695066","1":"product","2":"type-product","3":"status-publish","4":"has-post-thumbnail","6":"product_cat-schuhe-sandalen","7":"pa_brand-blaklaeder","8":"pa_brand-type-workwear","9":"pa_filter-color-schwarz","11":"first","12":"instock","13":"sale","14":"taxable","15":"shipping-taxable","16":"purchasable","17":"product-type-variable","18":"add-to-wishlist-before_image"},"exclude_global_add_ons":[],"addons":[],"acf":[],"_links":{"self":[{"href":"https:\/\/shop.kustom.ch\/fr\/wp-json\/wp\/v2\/product\/695066"}],"collection":[{"href":"https:\/\/shop.kustom.ch\/fr\/wp-json\/wp\/v2\/product"}],"about":[{"href":"https:\/\/shop.kustom.ch\/fr\/wp-json\/wp\/v2\/types\/product"}],"wp:featuredmedia":[{"embeddable":true,"href":"https:\/\/shop.kustom.ch\/fr\/wp-json\/wp\/v2\/media\/695069"}],"wp:attachment":[{"href":"https:\/\/shop.kustom.ch\/fr\/wp-json\/wp\/v2\/media?parent=695066"}],"wp:term":[{"taxonomy":"product_brand","embeddable":true,"href":"https:\/\/shop.kustom.ch\/fr\/wp-json\/wp\/v2\/product_brand?post=695066"},{"taxonomy":"product_cat","embeddable":true,"href":"https:\/\/shop.kustom.ch\/fr\/wp-json\/wp\/v2\/product_cat?post=695066"},{"taxonomy":"product_tag","embeddable":true,"href":"https:\/\/shop.kustom.ch\/fr\/wp-json\/wp\/v2\/product_tag?post=695066"}],"curies":[{"name":"wp","href":"https:\/\/api.w.org\/{rel}","templated":true}]}}