{"id":695047,"date":"2026-03-16T16:00:44","date_gmt":"2026-03-16T15:00:44","guid":{"rendered":"https:\/\/shop.kustom.ch\/?post_type=product&#038;p=695047"},"modified":"2026-03-31T08:40:46","modified_gmt":"2026-03-31T07:40:46","slug":"breeze-damen-arbeitsschuh-o6-wasserdicht","status":"publish","type":"product","link":"https:\/\/shop.kustom.ch\/fr\/produit\/breeze-damen-arbeitsschuh-o6-wasserdicht\/","title":{"rendered":"BREEZE Chaussure de travail pour femme O6 \u00e9tanche"},"content":{"rendered":"<p>Une sneaker l\u00e9g\u00e8re, flexible et imperm\u00e9able offrant un confort ultime. Une tige imperm\u00e9able en textile et en cuir nubuck et une membrane microporeuse gardent les pieds au sec m\u00eame par mauvais temps. Le syst\u00e8me Freelock lat\u00e9ral facilite l'enfilage et le retrait des chaussures au cours de la journ\u00e9e. La forme offre un soutien anatomique pour un ajustement optimal et un grand confort tout au long de la journ\u00e9e. La semelle intercalaire en PU assure un amortissement optimal des chocs, tandis que la semelle ext\u00e9rieure fine et antid\u00e9rapante en caoutchouc nitrile offre la meilleure durabilit\u00e9 sur diff\u00e9rentes surfaces. Une semelle int\u00e9rieure souple en PU et en cuir de qualit\u00e9 sup\u00e9rieure assure une excellente gestion de l'humidit\u00e9 et donc un climat frais et agr\u00e9able pour le pied tout au long de la journ\u00e9e. Disponible dans les pointures 35-42. Une membrane microporeuse rend la basket imperm\u00e9able Tige en textile imperm\u00e9able et cuir nubuck Syst\u00e8me Freelock sur le c\u00f4t\u00e9 pour un enfilage et un retrait faciles Forme anatomique pour un ajustement parfait et un confort toute la journ\u00e9e Semelle intercalaire l\u00e9g\u00e8re en PU pour un meilleur amorti Semelle int\u00e9rieure de luxe en PU et cuir pour une excellente gestion de l'humidit\u00e9 Semelle ext\u00e9rieure fine et antid\u00e9rapante en caoutchouc nitrile pour une adh\u00e9rence s\u00fbre<\/p>","protected":false},"excerpt":{"rendered":"<p>Ein leichter, flexibler und wasserdichter Sneaker mit ultimativem Komfort. Wasserabweisendes Obermaterial aus Textil und Nubukleder und eine mikropor\u00f6se Membran halten die F\u00fcsse auch bei ung\u00fcnstigem Wetter trocken. Das seitliche Freelock-System erleichtert das An- und Ausziehen der Schuhe im Laufe des Tages. Der Leisten bietet anatomische Unterst\u00fctzung f\u00fcr eine optimale Passform und hohen Tragekomfort den ganzen [&hellip;]<\/p>\n","protected":false},"featured_media":695057,"template":"","meta":[],"product_brand":[],"product_cat":[4197],"product_tag":[],"class_list":{"0":"post-695047","1":"product","2":"type-product","3":"status-publish","4":"has-post-thumbnail","6":"product_cat-schuhe-sandalen","7":"pa_brand-blaklaeder","8":"pa_brand-type-workwear","9":"pa_filter-color-schwarz","11":"first","12":"instock","13":"sale","14":"taxable","15":"shipping-taxable","16":"purchasable","17":"product-type-variable","18":"add-to-wishlist-before_image"},"exclude_global_add_ons":[],"addons":[],"acf":[],"_links":{"self":[{"href":"https:\/\/shop.kustom.ch\/fr\/wp-json\/wp\/v2\/product\/695047"}],"collection":[{"href":"https:\/\/shop.kustom.ch\/fr\/wp-json\/wp\/v2\/product"}],"about":[{"href":"https:\/\/shop.kustom.ch\/fr\/wp-json\/wp\/v2\/types\/product"}],"wp:featuredmedia":[{"embeddable":true,"href":"https:\/\/shop.kustom.ch\/fr\/wp-json\/wp\/v2\/media\/695057"}],"wp:attachment":[{"href":"https:\/\/shop.kustom.ch\/fr\/wp-json\/wp\/v2\/media?parent=695047"}],"wp:term":[{"taxonomy":"product_brand","embeddable":true,"href":"https:\/\/shop.kustom.ch\/fr\/wp-json\/wp\/v2\/product_brand?post=695047"},{"taxonomy":"product_cat","embeddable":true,"href":"https:\/\/shop.kustom.ch\/fr\/wp-json\/wp\/v2\/product_cat?post=695047"},{"taxonomy":"product_tag","embeddable":true,"href":"https:\/\/shop.kustom.ch\/fr\/wp-json\/wp\/v2\/product_tag?post=695047"}],"curies":[{"name":"wp","href":"https:\/\/api.w.org\/{rel}","templated":true}]}}