{"id":695010,"date":"2026-03-16T15:59:07","date_gmt":"2026-03-16T14:59:07","guid":{"rendered":"https:\/\/shop.kustom.ch\/?post_type=product&#038;p=695010"},"modified":"2026-03-31T08:38:37","modified_gmt":"2026-03-31T07:38:37","slug":"merino-beanie-3","status":"publish","type":"product","link":"https:\/\/shop.kustom.ch\/fr\/produit\/merino-beanie-3\/","title":{"rendered":"Bonnet en m\u00e9rinos"},"content":{"rendered":"<p>Bonnet l\u00e9ger et isolant en laine m\u00e9rinos, adapt\u00e9 \u00e0 toutes les saisons. Le mat\u00e9riau assure un transport naturel de l'humidit\u00e9 qui permet de rester au chaud et au sec. Le bonnet s'adapte sous les casques.<\/p>\n<p>85% laine m\u00e9rinos 15% polyamide recycl\u00e9, jersey simple, r\u00e9gulation de l'humidit\u00e9, 120g\/m<\/p>","protected":false},"excerpt":{"rendered":"<p>Leichte, isolierende Beanie aus Merinowolle, geeignet f\u00fcr alle Jahreszeiten. Das Material sorgt f\u00fcr einen nat\u00fcrlichen Feuchtigkeitstransport, der warm und trocken h\u00e4lt. Die M\u00fctze passt unter Helme. 85% Merinowolle 15% recyceltes Polyamid, Single-Jersey, feuchtigkeitsregulierend, 120g\/m\u00b2<\/p>","protected":false},"featured_media":695025,"template":"","meta":[],"product_brand":[],"product_cat":[4209],"product_tag":[],"class_list":{"0":"post-695010","1":"product","2":"type-product","3":"status-publish","4":"has-post-thumbnail","6":"product_cat-zubehoer","7":"pa_brand-blaklaeder","8":"pa_brand-type-workwear","9":"pa_filter-color-schwarz","11":"first","12":"instock","13":"sale","14":"taxable","15":"shipping-taxable","16":"purchasable","17":"product-type-variable","18":"add-to-wishlist-before_image"},"exclude_global_add_ons":[],"addons":[],"acf":[],"_links":{"self":[{"href":"https:\/\/shop.kustom.ch\/fr\/wp-json\/wp\/v2\/product\/695010"}],"collection":[{"href":"https:\/\/shop.kustom.ch\/fr\/wp-json\/wp\/v2\/product"}],"about":[{"href":"https:\/\/shop.kustom.ch\/fr\/wp-json\/wp\/v2\/types\/product"}],"wp:featuredmedia":[{"embeddable":true,"href":"https:\/\/shop.kustom.ch\/fr\/wp-json\/wp\/v2\/media\/695025"}],"wp:attachment":[{"href":"https:\/\/shop.kustom.ch\/fr\/wp-json\/wp\/v2\/media?parent=695010"}],"wp:term":[{"taxonomy":"product_brand","embeddable":true,"href":"https:\/\/shop.kustom.ch\/fr\/wp-json\/wp\/v2\/product_brand?post=695010"},{"taxonomy":"product_cat","embeddable":true,"href":"https:\/\/shop.kustom.ch\/fr\/wp-json\/wp\/v2\/product_cat?post=695010"},{"taxonomy":"product_tag","embeddable":true,"href":"https:\/\/shop.kustom.ch\/fr\/wp-json\/wp\/v2\/product_tag?post=695010"}],"curies":[{"name":"wp","href":"https:\/\/api.w.org\/{rel}","templated":true}]}}