{"id":695008,"date":"2026-03-16T15:59:07","date_gmt":"2026-03-16T14:59:07","guid":{"rendered":"https:\/\/shop.kustom.ch\/?post_type=product&#038;p=695008"},"modified":"2026-03-31T08:38:35","modified_gmt":"2026-03-31T07:38:35","slug":"ponytail-muetze","status":"publish","type":"product","link":"https:\/\/shop.kustom.ch\/fr\/produit\/ponytail-muetze\/","title":{"rendered":"Casquette \u00e0 poney"},"content":{"rendered":"<p>Bonnet \u00e9lastique et chaud avec ouverture \u00e0 l'arri\u00e8re de la t\u00eate pour ceux qui portent une tresse afin que les cheveux ne les g\u00eanent pas pendant le travail. Le mat\u00e9riau \u00e0 structure grillag\u00e9e assure chaleur et gestion de l'humidit\u00e9 et convient aussi bien pour \u00eatre port\u00e9 seul que sous un casque ou une capuche.<\/p>\n<p>95% polyester, 5% \u00e9lasthanne, non-tiss\u00e9 en grille, 265g\/m<\/p>","protected":false},"excerpt":{"rendered":"<p>Elastische und w\u00e4rmende M\u00fctze mit \u00d6ffnung am Hinterkopf f\u00fcr alle, die einen Zopf tragen, damit die Haare bei der Arbeit nicht st\u00f6ren. Das Material mit Gitterstruktur sorgt f\u00fcr W\u00e4rme und Feuchtigkeitsmanagement und eignet sich sowohl f\u00fcr das alleinige Tragen als auch unter einem Helm oder einer Kapuze. 95% Polyester, 5% Elastan, Gittervlies, 265g\/m\u00b2<\/p>","protected":false},"featured_media":695020,"template":"","meta":[],"product_brand":[],"product_cat":[4209],"product_tag":[],"class_list":{"0":"post-695008","1":"product","2":"type-product","3":"status-publish","4":"has-post-thumbnail","6":"product_cat-zubehoer","7":"pa_brand-blaklaeder","8":"pa_brand-type-workwear","9":"pa_filter-color-schwarz","11":"first","12":"instock","13":"sale","14":"taxable","15":"shipping-taxable","16":"purchasable","17":"product-type-variable","18":"add-to-wishlist-before_image"},"exclude_global_add_ons":[],"addons":[],"acf":[],"_links":{"self":[{"href":"https:\/\/shop.kustom.ch\/fr\/wp-json\/wp\/v2\/product\/695008"}],"collection":[{"href":"https:\/\/shop.kustom.ch\/fr\/wp-json\/wp\/v2\/product"}],"about":[{"href":"https:\/\/shop.kustom.ch\/fr\/wp-json\/wp\/v2\/types\/product"}],"wp:featuredmedia":[{"embeddable":true,"href":"https:\/\/shop.kustom.ch\/fr\/wp-json\/wp\/v2\/media\/695020"}],"wp:attachment":[{"href":"https:\/\/shop.kustom.ch\/fr\/wp-json\/wp\/v2\/media?parent=695008"}],"wp:term":[{"taxonomy":"product_brand","embeddable":true,"href":"https:\/\/shop.kustom.ch\/fr\/wp-json\/wp\/v2\/product_brand?post=695008"},{"taxonomy":"product_cat","embeddable":true,"href":"https:\/\/shop.kustom.ch\/fr\/wp-json\/wp\/v2\/product_cat?post=695008"},{"taxonomy":"product_tag","embeddable":true,"href":"https:\/\/shop.kustom.ch\/fr\/wp-json\/wp\/v2\/product_tag?post=695008"}],"curies":[{"name":"wp","href":"https:\/\/api.w.org\/{rel}","templated":true}]}}