{"id":694936,"date":"2026-03-16T15:58:27","date_gmt":"2026-03-16T14:58:27","guid":{"rendered":"https:\/\/shop.kustom.ch\/?post_type=product&#038;p=694936"},"modified":"2026-03-31T08:37:41","modified_gmt":"2026-03-31T07:37:41","slug":"blaklaeder-toolrig-handwerker-arbeitshose-stretch-2","status":"publish","type":"product","link":"https:\/\/shop.kustom.ch\/fr\/produit\/blaklaeder-toolrig-handwerker-arbeitshose-stretch-2\/","title":{"rendered":"Bl\u00e5kl\u00e4der ToolRig\u2122 Pantalon de travail stretch pour artisans"},"content":{"rendered":"<p>Entwickelt f\u00fcr effektives Arbeiten und optimale Bewegungsfreiheit. Robustes CORDURA\u00ae-Denim-Material kombiniert mit smarten Stretch-Eins\u00e4tzen im Schritt und an den Waden f\u00fcr optimale Bewegungsfreiheit. Kniepolstertaschen aus CORDURA\u00ae-Stretch mit \u00d6ffnung an der Oberseite erm\u00f6glichen ein bequemes Arbeiten im Knien, ohne die Bewegungsfreiheit einzuschr\u00e4nken. Die Taschen sind mit CORDURA\u00ae verst\u00e4rkt und halten den t\u00e4glichen Beanspruchungen stand. Der ToolRig\u2122 G\u00fcrtel verl\u00e4uft 360\u00b0 um die Taille, sodass Taschen und Zubeh\u00f6r frei bewegt werden k\u00f6nnen. ToolRig\u2122 Werkzeugtaschen und ein Hammerhalter sind inklusive. F\u00fcr schwerere Ausr\u00fcstungen k\u00f6nnen ein ToolRig\u2122 Geschirr oder Hosentr\u00e4ger in den daf\u00fcr vorgesehenen Schlaufen befestigt werden. Robustes CORDURA\u00ae-Denim-Material mit Stretch-Eins\u00e4tzen ToolRig\u2122 G\u00fcrtel 360\u00b0 um die Taille \u2013 Taschen und Zubeh\u00f6r frei beweglich ToolRig\u2122 Werkzeugtaschen und Hammerhalter inklusive. Schlaufen f\u00fcr ToolRig\u2122 Hosentr\u00e4ger\/Geschirr f\u00fcr bessere Ergonomie und Lastverteilung Stretch-Eins\u00e4tze im Schritt und an den Waden f\u00fcr optimale Bewegungsfreiheit Kniepolstertaschen aus CORDURA\u00ae-Stretch mit \u00d6ffnung an der Oberseite f\u00fcr mehr Komfort bei der Arbeit im Knien Mit CORDURA\u00ae-verst\u00e4rkte Taschen f\u00fcr verbesserte Robustheit<\/p>\n<p>55% coton, 15% polyamide, 30% polyester, denim enduit, CORDURA\u00ae denim, stretch, 340 g\/m<\/p>","protected":false},"excerpt":{"rendered":"<p>Entwickelt f\u00fcr effektives Arbeiten und optimale Bewegungsfreiheit. Robustes CORDURA\u00ae-Denim-Material kombiniert mit smarten Stretch-Eins\u00e4tzen im Schritt und an den Waden f\u00fcr optimale Bewegungsfreiheit. Kniepolstertaschen aus CORDURA\u00ae-Stretch mit \u00d6ffnung an der Oberseite erm\u00f6glichen ein bequemes Arbeiten im Knien, ohne die Bewegungsfreiheit einzuschr\u00e4nken. Die Taschen sind mit CORDURA\u00ae verst\u00e4rkt und halten den t\u00e4glichen Beanspruchungen stand. Der ToolRig\u2122 G\u00fcrtel [&hellip;]<\/p>\n","protected":false},"featured_media":694951,"template":"","meta":[],"product_brand":[],"product_cat":[4185],"product_tag":[],"class_list":{"0":"post-694936","1":"product","2":"type-product","3":"status-publish","4":"has-post-thumbnail","6":"product_cat-hosen","7":"pa_brand-blaklaeder","8":"pa_brand-type-workwear","9":"pa_filter-color-blau","10":"pa_filter-color-schwarz","12":"first","13":"instock","14":"sale","15":"taxable","16":"shipping-taxable","17":"purchasable","18":"product-type-variable","19":"add-to-wishlist-before_image"},"exclude_global_add_ons":[],"addons":[],"acf":[],"_links":{"self":[{"href":"https:\/\/shop.kustom.ch\/fr\/wp-json\/wp\/v2\/product\/694936"}],"collection":[{"href":"https:\/\/shop.kustom.ch\/fr\/wp-json\/wp\/v2\/product"}],"about":[{"href":"https:\/\/shop.kustom.ch\/fr\/wp-json\/wp\/v2\/types\/product"}],"wp:featuredmedia":[{"embeddable":true,"href":"https:\/\/shop.kustom.ch\/fr\/wp-json\/wp\/v2\/media\/694951"}],"wp:attachment":[{"href":"https:\/\/shop.kustom.ch\/fr\/wp-json\/wp\/v2\/media?parent=694936"}],"wp:term":[{"taxonomy":"product_brand","embeddable":true,"href":"https:\/\/shop.kustom.ch\/fr\/wp-json\/wp\/v2\/product_brand?post=694936"},{"taxonomy":"product_cat","embeddable":true,"href":"https:\/\/shop.kustom.ch\/fr\/wp-json\/wp\/v2\/product_cat?post=694936"},{"taxonomy":"product_tag","embeddable":true,"href":"https:\/\/shop.kustom.ch\/fr\/wp-json\/wp\/v2\/product_tag?post=694936"}],"curies":[{"name":"wp","href":"https:\/\/api.w.org\/{rel}","templated":true}]}}