{"id":694837,"date":"2026-03-16T15:57:53","date_gmt":"2026-03-16T14:57:53","guid":{"rendered":"https:\/\/shop.kustom.ch\/?post_type=product&#038;p=694837"},"modified":"2026-03-31T08:37:34","modified_gmt":"2026-03-31T07:37:34","slug":"blaklaeder-toolrig-striker-handwerker-arbeitshose-4-wege-stretch","status":"publish","type":"product","link":"https:\/\/shop.kustom.ch\/fr\/produit\/blaklaeder-toolrig-striker-handwerker-arbeitshose-4-wege-stretch\/","title":{"rendered":"Bl\u00e5kl\u00e4der ToolRig\u2122 STRIKER Pantalon de travail artisanal 4-way stretch"},"content":{"rendered":"<p>Pour tous ceux qui recherchent la durabilit\u00e9, la libert\u00e9 de mouvement et un syst\u00e8me intelligent. Le mat\u00e9riau principal en CORDURA\u00ae 4-way stretch suit chaque mouvement, tandis que le COOLMAX\u00ae \u00e0 l'int\u00e9rieur \u00e9vacue l'humidit\u00e9 et te garde au sec et agr\u00e9ablement frais, m\u00eame lors de travaux difficiles. Des inserts d'a\u00e9ration avec fermeture \u00e9clair sur le c\u00f4t\u00e9 ext\u00e9rieur des jambes assurent une r\u00e9gulation encore plus fine de la temp\u00e9rature. La ceinture ToolRig\u2122 s'\u00e9tend \u00e0 360\u00b0 autour de la taille, ce qui permet de d\u00e9placer librement les poches et les accessoires. Des poches \u00e0 outils et un porte-marteau sont inclus. Pour les charges plus importantes, tu peux facilement attacher des bretelles ToolRig\u2122 ou des harnais aux boucles pr\u00e9vues \u00e0 cet effet. Les genoux pr\u00e9form\u00e9s assurent une plus grande libert\u00e9 de mouvement et un meilleur confort lorsque tu t'agenouilles. La taille haute dans le dos garantit un grand confort tout au long de la journ\u00e9e. Les poches genouill\u00e8res en CORDURA\u00ae stretch dobby r\u00e9sistent aux sollicitations quotidiennes sans perdre de leur flexibilit\u00e9. Des d\u00e9tails r\u00e9fl\u00e9chissants noirs discrets \u00e0 l'arri\u00e8re am\u00e9liorent la visibilit\u00e9. Des d\u00e9tails tels qu'une poche renforc\u00e9e pour m\u00e8tre pliant, une poche suppl\u00e9mentaire et une poche pour stylo montrent ce que signifie la qualit\u00e9 premium dans la pratique. Tissu principal en CORDURA\u00ae stretch 4 directions pour la r\u00e9sistance et la mobilit\u00e9 COOLMAX\u00ae \u00e0 l'int\u00e9rieur pour l'\u00e9vacuation de l'humidit\u00e9 et le s\u00e9chage rapide Ceinture ToolRig\u2122 360\u00b0 autour de la taille Poches \u00e0 outils et porte marteau inclus. Passants pour bretelles\/harnais ToolRig\u2122 pour une meilleure ergonomie et r\u00e9partition de la charge Poches genouill\u00e8res en CORDURA\u00ae stretch dobby Poches \u00e0 outils renforc\u00e9es en CORDURA\u00ae Inserts d'a\u00e9ration zipp\u00e9s sur l'ext\u00e9rieur de la jambe Genoux pr\u00e9form\u00e9s pour une plus grande mobilit\u00e9 et un meilleur confort lors du travail \u00e0 genoux, ainsi qu'une taille plus haute dans le dos D\u00e9tails r\u00e9fl\u00e9chissants noirs \u00e0 l'arri\u00e8re de la jambe<\/p>\n<p>53% polyamide, 40% polyester, 7% \u00e9lasthanne, mati\u00e8re double face, stretch 4 directions, 236 g\/m<\/p>","protected":false},"excerpt":{"rendered":"<p>F\u00fcr alle, die sich Haltbarkeit, Bewegungsfreiheit und ein intelligentes System w\u00fcnschen. Das Hauptmaterial aus CORDURA\u00ae 4-Wege-Stretch folgt jeder Bewegung, w\u00e4hrend COOLMAX\u00ae an der Innenseite Feuchtigkeit ableitet und dich auch bei harter Arbeit trocken und angenehm k\u00fchl h\u00e4lt. Bel\u00fcftungseins\u00e4tze mit Reissverschluss an der Aussenseite der Beine sorgen f\u00fcr eine noch feinere Temperaturregulierung. Der ToolRig\u2122 G\u00fcrtel verl\u00e4uft [&hellip;]<\/p>\n","protected":false},"featured_media":694838,"template":"","meta":[],"product_brand":[],"product_cat":[4185],"product_tag":[],"class_list":{"0":"post-694837","1":"product","2":"type-product","3":"status-publish","4":"has-post-thumbnail","6":"product_cat-hosen","7":"pa_brand-blaklaeder","8":"pa_brand-type-workwear","9":"pa_filter-color-blau","10":"pa_filter-color-gelb","11":"pa_filter-color-gruen","12":"pa_filter-color-orange","13":"pa_filter-color-schwarz","15":"first","16":"instock","17":"sale","18":"taxable","19":"shipping-taxable","20":"purchasable","21":"product-type-variable","22":"add-to-wishlist-before_image"},"exclude_global_add_ons":[],"addons":[],"acf":[],"_links":{"self":[{"href":"https:\/\/shop.kustom.ch\/fr\/wp-json\/wp\/v2\/product\/694837"}],"collection":[{"href":"https:\/\/shop.kustom.ch\/fr\/wp-json\/wp\/v2\/product"}],"about":[{"href":"https:\/\/shop.kustom.ch\/fr\/wp-json\/wp\/v2\/types\/product"}],"wp:featuredmedia":[{"embeddable":true,"href":"https:\/\/shop.kustom.ch\/fr\/wp-json\/wp\/v2\/media\/694838"}],"wp:attachment":[{"href":"https:\/\/shop.kustom.ch\/fr\/wp-json\/wp\/v2\/media?parent=694837"}],"wp:term":[{"taxonomy":"product_brand","embeddable":true,"href":"https:\/\/shop.kustom.ch\/fr\/wp-json\/wp\/v2\/product_brand?post=694837"},{"taxonomy":"product_cat","embeddable":true,"href":"https:\/\/shop.kustom.ch\/fr\/wp-json\/wp\/v2\/product_cat?post=694837"},{"taxonomy":"product_tag","embeddable":true,"href":"https:\/\/shop.kustom.ch\/fr\/wp-json\/wp\/v2\/product_tag?post=694837"}],"curies":[{"name":"wp","href":"https:\/\/api.w.org\/{rel}","templated":true}]}}