{"id":694773,"date":"2026-03-16T15:56:50","date_gmt":"2026-03-16T14:56:50","guid":{"rendered":"https:\/\/shop.kustom.ch\/?post_type=product&#038;p=694773"},"modified":"2026-03-31T08:34:34","modified_gmt":"2026-03-31T07:34:34","slug":"blaklaeder-toolrig-handwerker-arbeitshose-stretch","status":"publish","type":"product","link":"https:\/\/shop.kustom.ch\/fr\/produit\/blaklaeder-toolrig-handwerker-arbeitshose-stretch\/","title":{"rendered":"Bl\u00e5kl\u00e4der ToolRig\u2122 Pantalon de travail stretch pour artisans"},"content":{"rendered":"<p>Pantalon d'artisanat confortable et l\u00e9ger en stretch 2 directions avec des inserts en stretch 4 directions aux endroits o\u00f9 une libert\u00e9 de mouvement maximale est n\u00e9cessaire. La ceinture ToolRig\u2122 s'\u00e9tend \u00e0 360\u00b0 autour de la taille, ce qui permet de d\u00e9placer librement les poches et les accessoires. Ce mod\u00e8le est livr\u00e9 sans poches. Tu peux ajouter des poches \u00e0 outils ToolRig\u2122 et des curseurs ToolRig\u2122 pour composer ta propre ceinture \u00e0 outils. Pour le travail \u00e0 genoux, il y a des poches genouill\u00e8res en CORDURA\u00ae stretch renforc\u00e9 qui garantissent \u00e0 la fois protection et libert\u00e9 de mouvement. Les genoux pr\u00e9form\u00e9s assurent une plus grande mobilit\u00e9 et un meilleur confort pour les travaux \u00e0 genoux. Les d\u00e9tails r\u00e9fl\u00e9chissants sur les jambes am\u00e9liorent la visibilit\u00e9 dans des conditions de faible luminosit\u00e9. Stretch 2 directions combin\u00e9 \u00e0 des empi\u00e8cements en stretch 4 directions Ceinture ToolRig\u2122 360\u00b0 autour de la taille - poches et accessoires mobiles Ajout de poches \u00e0 outils ToolRig\u2122 et de curseurs ToolRig\u2122 selon les besoins Passants pour bretelles\/harnais ToolRig\u2122 pour une meilleure ergonomie et r\u00e9partition de la charge Poches genouill\u00e8res en stretch CORDURA\u00ae renforc\u00e9 Genoux pr\u00e9form\u00e9s pour une meilleure mobilit\u00e9 et un plus grand confort lors du travail \u00e0 genoux D\u00e9tails r\u00e9fl\u00e9chissants noirs \u00e0 l'arri\u00e8re des jambes<\/p>\n<p>63% polyester, 33% coton, 4% \u00e9lastofin, serg\u00e9, stretch, 260 g\/m<\/p>","protected":false},"excerpt":{"rendered":"<p>Bequeme und leichte Handwerkerhose aus 2-Wege-Stretch mit Eins\u00e4tzen aus 4-Wege-Stretch an den Stellen, wo maximale Bewegungsfreiheit ben\u00f6tigt wird. Der ToolRig\u2122 G\u00fcrtel verl\u00e4uft 360\u00b0 um die Taille, sodass Taschen und Zubeh\u00f6r frei bewegt werden k\u00f6nnen. Dieses Modell wird ohne Taschen geliefert. Du kannst ToolRig\u2122 Werkzeugtaschen und ToolRig\u2122 Schieber hinzuf\u00fcgen, um deinen eigenen Werkzeugg\u00fcrtel zusammenzustellen. F\u00fcr das [&hellip;]<\/p>\n","protected":false},"featured_media":694774,"template":"","meta":[],"product_brand":[],"product_cat":[4185],"product_tag":[],"class_list":{"0":"post-694773","1":"product","2":"type-product","3":"status-publish","4":"has-post-thumbnail","6":"product_cat-hosen","7":"pa_brand-blaklaeder","8":"pa_brand-type-workwear","9":"pa_filter-color-blau","11":"first","12":"instock","13":"sale","14":"taxable","15":"shipping-taxable","16":"purchasable","17":"product-type-variable","18":"add-to-wishlist-before_image"},"exclude_global_add_ons":[],"addons":[],"acf":[],"_links":{"self":[{"href":"https:\/\/shop.kustom.ch\/fr\/wp-json\/wp\/v2\/product\/694773"}],"collection":[{"href":"https:\/\/shop.kustom.ch\/fr\/wp-json\/wp\/v2\/product"}],"about":[{"href":"https:\/\/shop.kustom.ch\/fr\/wp-json\/wp\/v2\/types\/product"}],"wp:featuredmedia":[{"embeddable":true,"href":"https:\/\/shop.kustom.ch\/fr\/wp-json\/wp\/v2\/media\/694774"}],"wp:attachment":[{"href":"https:\/\/shop.kustom.ch\/fr\/wp-json\/wp\/v2\/media?parent=694773"}],"wp:term":[{"taxonomy":"product_brand","embeddable":true,"href":"https:\/\/shop.kustom.ch\/fr\/wp-json\/wp\/v2\/product_brand?post=694773"},{"taxonomy":"product_cat","embeddable":true,"href":"https:\/\/shop.kustom.ch\/fr\/wp-json\/wp\/v2\/product_cat?post=694773"},{"taxonomy":"product_tag","embeddable":true,"href":"https:\/\/shop.kustom.ch\/fr\/wp-json\/wp\/v2\/product_tag?post=694773"}],"curies":[{"name":"wp","href":"https:\/\/api.w.org\/{rel}","templated":true}]}}